{"id":86,"date":"2023-05-10T17:12:41","date_gmt":"2023-05-10T17:12:41","guid":{"rendered":"http:\/\/pacteceramic.es\/desarrolla-t\/"},"modified":"2023-06-07T15:37:43","modified_gmt":"2023-06-07T15:37:43","slug":"desarrolla-t","status":"publish","type":"page","link":"https:\/\/pacteceramic.es\/va_es\/desarrolla-t\/","title":{"rendered":"Desarrolla-T"},"content":{"rendered":"<section class=\"u-align-center-md u-align-center-sm u-align-center-xs u-clearfix u-section-2\" id=\"sec-b63b\">\n      <div class=\"u-clearfix u-sheet u-valign-middle-xs u-sheet-1\">\n        <h1 class=\"u-align-left u-text u-text-1\" data-animation-name=\"customAnimationIn\" data-animation-duration=\"1000\">Desarrolla-T<\/h1>\n        <img decoding=\"async\" class=\"u-align-center u-image u-image-contain u-image-default u-image-1\" src=\"https:\/\/pacteceramic.es\/wp-content\/uploads\/2023\/05\/logoDesarrolla-T_Emprendimiento_Empleo_Formacion.png\" alt=\"\" data-image-width=\"2584\" data-image-height=\"2887\" data-animation-name=\"customAnimationIn\" data-animation-duration=\"1000\" data-animation-direction=\"\">\n        <p class=\"u-align-left u-text u-text-2\"> El <i><b>Projecte Desarrolla-T: Empreniment, ocupaci\u00f3 i formaci\u00f3<\/b><\/i>,\ncontempla diferents programes totalment gratu\u00efts d'orientaci\u00f3\nlaboral, assessorament empresarial i formaci\u00f3 espec\u00edfica en el\nsector cer\u00e0mic, amb els quals es pret\u00e9n afavorir la inserci\u00f3\nlaboral de les persones desocupades. Aquests programes, s'estan\ndesenvolupant actualment i finalitzaran al desembre de 2024, estan\ndirigits tant a aturats del sector cer\u00e0mic com al p\u00fablic\nen general. <br>\n          <br> El projecte t\u00e9 l'objectiu general proporcionar formaci\u00f3, assessorament empresarial, orientaci\u00f3 laboral i entrenament en habilitats que possibiliti la cerca proactiva d'ocupaci\u00f3, facilitant aix\u00ed la inserci\u00f3 en el mercat laboral, tant de manera aliena com per compte propi. <br>\n          <br><b>Requisits (\u00fanicament per a l'\u00e0rea de formaci\u00f3):&nbsp; <\/b>\n          <br>&nbsp; &nbsp;- Aturat&nbsp;&nbsp;<br>&nbsp; &nbsp;- Empadronat en algun dels municipis consorciats.<b>&nbsp;<\/b>&nbsp;<br>\n          <br>El projecte contempla igualment un programa de <i>formaci\u00f3 a la carta per a empreses<\/i> del sector que reconeixen la necessitat de formaci\u00f3 del seu capital hum\u00e0. Aquest programa es realitza en les seves instal\u00b7lacions i s'adaptada a les necessitats reals del dia a dia i va dirigit als treballadors que valoren la formaci\u00f3 com a mitj\u00e0 per a millorar en l'entorn laboral i professional.&nbsp;&nbsp; \n        <\/p>\n      <\/div>\n    <\/section>","protected":false},"excerpt":{"rendered":"<p>Desarrolla-T El Proyecto Desarrolla-t: Emprendimiento, Empleo y Formaci\u00f3n, contempla distintos programas totalmente gratuitos de orientaci\u00f3n laboral, asesoramiento empresarial y formaci\u00f3n espec\u00edfica en el sector cer\u00e1mico, con los cuales se pretende favorecer la inserci\u00f3n laboral de las personas desempleadas. Dichos programas, se est\u00e1n desarrollando actualmente y finalizar\u00e1n en diciembre de 2024, est\u00e1n dirigidos tanto a desempleados &hellip; <a href=\"https:\/\/pacteceramic.es\/va_es\/desarrolla-t\/\" class=\"more-link\">Continue reading<span class=\"screen-reader-text\"> \u00abDesarrolla-T\u00bb<\/span><\/a><\/p>","protected":false},"author":1,"featured_media":0,"parent":0,"menu_order":14,"comment_status":"closed","ping_status":"closed","template":"","meta":{"iawp_total_views":206,"footnotes":""},"class_list":["post-86","page","type-page","status-publish","hentry"],"yoast_head":"<!-- This site is optimized with the Yoast SEO plugin v23.1 - https:\/\/yoast.com\/wordpress\/plugins\/seo\/ -->\n<title>Desarrolla-T - Pacte Cer\u00e0mic<\/title>\n<meta name=\"robots\" content=\"index, follow, max-snippet:-1, max-image-preview:large, max-video-preview:-1\" \/>\n<link rel=\"canonical\" href=\"https:\/\/pacteceramic.es\/va_es\/desarrolla-t\/\" \/>\n<meta property=\"og:locale\" content=\"en_US\" \/>\n<meta property=\"og:type\" content=\"article\" \/>\n<meta property=\"og:title\" content=\"Desarrolla-T - Pacte Cer\u00e0mic\" \/>\n<meta property=\"og:description\" content=\"Desarrolla-T El Proyecto Desarrolla-t: Emprendimiento, Empleo y Formaci\u00f3n, contempla distintos programas totalmente gratuitos de orientaci\u00f3n laboral, asesoramiento empresarial y formaci\u00f3n espec\u00edfica en el sector cer\u00e1mico, con los cuales se pretende favorecer la inserci\u00f3n laboral de las personas desempleadas. Dichos programas, se est\u00e1n desarrollando actualmente y finalizar\u00e1n en diciembre de 2024, est\u00e1n dirigidos tanto a desempleados &hellip; Continue reading &quot;Desarrolla-T&quot;\" \/>\n<meta property=\"og:url\" content=\"https:\/\/pacteceramic.es\/va_es\/desarrolla-t\/\" \/>\n<meta property=\"og:site_name\" content=\"Pacte Cer\u00e0mic\" \/>\n<meta property=\"article:publisher\" content=\"https:\/\/www.facebook.com\/pacteceramic\/\" \/>\n<meta property=\"article:modified_time\" content=\"2023-06-07T15:37:43+00:00\" \/>\n<meta name=\"twitter:card\" content=\"summary_large_image\" \/>\n<meta name=\"twitter:site\" content=\"@pacteceramic\" \/>\n<meta name=\"twitter:label1\" content=\"Est. reading time\" \/>\n\t<meta name=\"twitter:data1\" content=\"1 minute\" \/>\n<script type=\"application\/ld+json\" class=\"yoast-schema-graph\">{\"@context\":\"https:\/\/schema.org\",\"@graph\":[{\"@type\":\"WebPage\",\"@id\":\"https:\/\/pacteceramic.es\/desarrolla-t\/\",\"url\":\"https:\/\/pacteceramic.es\/desarrolla-t\/\",\"name\":\"Desarrolla-T - Pacte Cer\u00e0mic\",\"isPartOf\":{\"@id\":\"https:\/\/pacteceramic.es\/es_es\/#website\"},\"datePublished\":\"2023-05-10T17:12:41+00:00\",\"dateModified\":\"2023-06-07T15:37:43+00:00\",\"breadcrumb\":{\"@id\":\"https:\/\/pacteceramic.es\/desarrolla-t\/#breadcrumb\"},\"inLanguage\":\"va-ES\",\"potentialAction\":[{\"@type\":\"ReadAction\",\"target\":[\"https:\/\/pacteceramic.es\/desarrolla-t\/\"]}]},{\"@type\":\"BreadcrumbList\",\"@id\":\"https:\/\/pacteceramic.es\/desarrolla-t\/#breadcrumb\",\"itemListElement\":[{\"@type\":\"ListItem\",\"position\":1,\"name\":\"Portada\",\"item\":\"https:\/\/pacteceramic.es\/\"},{\"@type\":\"ListItem\",\"position\":2,\"name\":\"Desarrolla-T\"}]},{\"@type\":\"WebSite\",\"@id\":\"https:\/\/pacteceramic.es\/es_es\/#website\",\"url\":\"https:\/\/pacteceramic.es\/es_es\/\",\"name\":\"Pacte Cer\u00e0mic\",\"description\":\"Pacte Cer\u00e0mic\",\"publisher\":{\"@id\":\"https:\/\/pacteceramic.es\/es_es\/#organization\"},\"potentialAction\":[{\"@type\":\"SearchAction\",\"target\":{\"@type\":\"EntryPoint\",\"urlTemplate\":\"https:\/\/pacteceramic.es\/es_es\/?s={search_term_string}\"},\"query-input\":\"required name=search_term_string\"}],\"inLanguage\":\"va-ES\"},{\"@type\":\"Organization\",\"@id\":\"https:\/\/pacteceramic.es\/es_es\/#organization\",\"name\":\"Pacte Cer\u00e0mic\",\"url\":\"https:\/\/pacteceramic.es\/es_es\/\",\"logo\":{\"@type\":\"ImageObject\",\"inLanguage\":\"va-ES\",\"@id\":\"https:\/\/pacteceramic.es\/es_es\/#\/schema\/logo\/image\/\",\"url\":\"https:\/\/pacteceramic.es\/wp-content\/uploads\/2023\/05\/menulogo.png\",\"contentUrl\":\"https:\/\/pacteceramic.es\/wp-content\/uploads\/2023\/05\/menulogo.png\",\"width\":249,\"height\":80,\"caption\":\"Pacte Cer\u00e0mic\"},\"image\":{\"@id\":\"https:\/\/pacteceramic.es\/es_es\/#\/schema\/logo\/image\/\"},\"sameAs\":[\"https:\/\/www.facebook.com\/pacteceramic\/\",\"https:\/\/x.com\/pacteceramic\",\"https:\/\/www.instagram.com\/pacteceramic\/\",\"https:\/\/www.linkedin.com\/company\/pactemunicipisceramics\/\"]}]}<\/script>\n<!-- \/ Yoast SEO plugin. -->","yoast_head_json":{"title":"Desarrolla-T - Pacte Cer\u00e0mic","robots":{"index":"index","follow":"follow","max-snippet":"max-snippet:-1","max-image-preview":"max-image-preview:large","max-video-preview":"max-video-preview:-1"},"canonical":"https:\/\/pacteceramic.es\/va_es\/desarrolla-t\/","og_locale":"en_US","og_type":"article","og_title":"Desarrolla-T - Pacte Cer\u00e0mic","og_description":"Desarrolla-T El Proyecto Desarrolla-t: Emprendimiento, Empleo y Formaci\u00f3n, contempla distintos programas totalmente gratuitos de orientaci\u00f3n laboral, asesoramiento empresarial y formaci\u00f3n espec\u00edfica en el sector cer\u00e1mico, con los cuales se pretende favorecer la inserci\u00f3n laboral de las personas desempleadas. Dichos programas, se est\u00e1n desarrollando actualmente y finalizar\u00e1n en diciembre de 2024, est\u00e1n dirigidos tanto a desempleados &hellip; Continue reading \"Desarrolla-T\"","og_url":"https:\/\/pacteceramic.es\/va_es\/desarrolla-t\/","og_site_name":"Pacte Cer\u00e0mic","article_publisher":"https:\/\/www.facebook.com\/pacteceramic\/","article_modified_time":"2023-06-07T15:37:43+00:00","twitter_card":"summary_large_image","twitter_site":"@pacteceramic","twitter_misc":{"Est. reading time":"1 minute"},"schema":{"@context":"https:\/\/schema.org","@graph":[{"@type":"WebPage","@id":"https:\/\/pacteceramic.es\/desarrolla-t\/","url":"https:\/\/pacteceramic.es\/desarrolla-t\/","name":"Desarrolla-T - Pacte Cer\u00e0mic","isPartOf":{"@id":"https:\/\/pacteceramic.es\/es_es\/#website"},"datePublished":"2023-05-10T17:12:41+00:00","dateModified":"2023-06-07T15:37:43+00:00","breadcrumb":{"@id":"https:\/\/pacteceramic.es\/desarrolla-t\/#breadcrumb"},"inLanguage":"va-ES","potentialAction":[{"@type":"ReadAction","target":["https:\/\/pacteceramic.es\/desarrolla-t\/"]}]},{"@type":"BreadcrumbList","@id":"https:\/\/pacteceramic.es\/desarrolla-t\/#breadcrumb","itemListElement":[{"@type":"ListItem","position":1,"name":"Portada","item":"https:\/\/pacteceramic.es\/"},{"@type":"ListItem","position":2,"name":"Desarrolla-T"}]},{"@type":"WebSite","@id":"https:\/\/pacteceramic.es\/es_es\/#website","url":"https:\/\/pacteceramic.es\/es_es\/","name":"Pacte Cer\u00e0mic","description":"Pacte Cer\u00e0mic","publisher":{"@id":"https:\/\/pacteceramic.es\/es_es\/#organization"},"potentialAction":[{"@type":"SearchAction","target":{"@type":"EntryPoint","urlTemplate":"https:\/\/pacteceramic.es\/es_es\/?s={search_term_string}"},"query-input":"required name=search_term_string"}],"inLanguage":"va-ES"},{"@type":"Organization","@id":"https:\/\/pacteceramic.es\/es_es\/#organization","name":"Pacte Cer\u00e0mic","url":"https:\/\/pacteceramic.es\/es_es\/","logo":{"@type":"ImageObject","inLanguage":"va-ES","@id":"https:\/\/pacteceramic.es\/es_es\/#\/schema\/logo\/image\/","url":"https:\/\/pacteceramic.es\/wp-content\/uploads\/2023\/05\/menulogo.png","contentUrl":"https:\/\/pacteceramic.es\/wp-content\/uploads\/2023\/05\/menulogo.png","width":249,"height":80,"caption":"Pacte Cer\u00e0mic"},"image":{"@id":"https:\/\/pacteceramic.es\/es_es\/#\/schema\/logo\/image\/"},"sameAs":["https:\/\/www.facebook.com\/pacteceramic\/","https:\/\/x.com\/pacteceramic","https:\/\/www.instagram.com\/pacteceramic\/","https:\/\/www.linkedin.com\/company\/pactemunicipisceramics\/"]}]}},"_links":{"self":[{"href":"https:\/\/pacteceramic.es\/va_es\/wp-json\/wp\/v2\/pages\/86","targetHints":{"allow":["GET"]}}],"collection":[{"href":"https:\/\/pacteceramic.es\/va_es\/wp-json\/wp\/v2\/pages"}],"about":[{"href":"https:\/\/pacteceramic.es\/va_es\/wp-json\/wp\/v2\/types\/page"}],"author":[{"embeddable":true,"href":"https:\/\/pacteceramic.es\/va_es\/wp-json\/wp\/v2\/users\/1"}],"replies":[{"embeddable":true,"href":"https:\/\/pacteceramic.es\/va_es\/wp-json\/wp\/v2\/comments?post=86"}],"version-history":[{"count":1,"href":"https:\/\/pacteceramic.es\/va_es\/wp-json\/wp\/v2\/pages\/86\/revisions"}],"predecessor-version":[{"id":106,"href":"https:\/\/pacteceramic.es\/va_es\/wp-json\/wp\/v2\/pages\/86\/revisions\/106"}],"wp:attachment":[{"href":"https:\/\/pacteceramic.es\/va_es\/wp-json\/wp\/v2\/media?parent=86"}],"curies":[{"name":"wp","href":"https:\/\/api.w.org\/{rel}","templated":true}]}}