{"id":83,"date":"2023-05-10T17:12:38","date_gmt":"2023-05-10T17:12:38","guid":{"rendered":"http:\/\/pacteceramic.es\/proyectos\/"},"modified":"2026-01-28T12:57:44","modified_gmt":"2026-01-28T12:57:44","slug":"proyectos","status":"publish","type":"page","link":"https:\/\/pacteceramic.es\/va_es\/proyectos\/","title":{"rendered":"Projectes"},"content":{"rendered":"<section class=\"u-align-center-md u-align-center-sm u-align-center-xs u-clearfix u-section-2\" id=\"sec-5406\">\n      <div class=\"u-clearfix u-sheet u-sheet-1\">\n        <h1 class=\"u-align-left u-text u-text-1\" data-animation-name=\"customAnimationIn\" data-animation-duration=\"1000\">Projectes<\/h1>\n        <img decoding=\"async\" class=\"u-image u-image-contain u-image-default u-image-1\" src=\"https:\/\/pacteceramic.es\/wp-content\/uploads\/2025\/01\/memoriafinal2023-1-1448x2048.jpg\" alt=\"\" data-image-width=\"1140\" data-image-height=\"1612\" data-href=\"https:\/\/pacteceramic.es\/wp-content\/uploads\/2025\/01\/memoria-final-2023.pdf\">\n        <div class=\"u-list u-list-1\">\n          <div class=\"u-repeater u-repeater-1\">\n            <div class=\"u-container-style u-list-item u-repeater-item\">\n              <div class=\"u-container-layout u-similar-container u-container-layout-1\">\n                <img decoding=\"async\" class=\"u-file-link u-image u-image-contain u-image-default u-image-2\" src=\"https:\/\/pacteceramic.es\/wp-content\/uploads\/2026\/01\/Informefinalprimerafase2025-1-scaled.jpg\" alt=\"\" data-image-width=\"2481\" data-image-height=\"3508\" data-href=\"https:\/\/pacteceramic.es\/wp-content\/uploads\/2026\/01\/Informefinalprimerafase2025.pdf\">\n              <\/div>\n            <\/div>\n            <div class=\"u-container-style u-list-item u-repeater-item\">\n              <div class=\"u-container-layout u-similar-container u-container-layout-2\">\n                <img decoding=\"async\" class=\"u-image u-image-contain u-image-default u-image-3\" src=\"https:\/\/pacteceramic.es\/wp-content\/uploads\/2025\/01\/Informefinalsegundafase2024-1-scaled.jpg\" alt=\"\" data-image-width=\"2481\" data-image-height=\"3508\" data-href=\"https:\/\/pacteceramic.es\/wp-content\/uploads\/2025\/01\/Informe-final-segunda-fase-2024.pdf\">\n              <\/div>\n            <\/div>\n            <div class=\"u-container-style u-list-item u-repeater-item\">\n              <div class=\"u-container-layout u-similar-container u-container-layout-3\">\n                <img decoding=\"async\" class=\"u-image u-image-contain u-image-default u-image-4\" src=\"https:\/\/pacteceramic.es\/wp-content\/uploads\/2025\/01\/Informefinalsegundafase2024-1-scaled.jpg\" alt=\"\" data-image-width=\"2481\" data-image-height=\"3508\" data-href=\"https:\/\/pacteceramic.es\/wp-content\/uploads\/2025\/01\/Informe-final-segunda-fase-2024.pdf\">\n              <\/div>\n            <\/div>\n          <\/div>\n        <\/div>\n        <div class=\"u-list u-list-2\">\n          <div class=\"u-repeater u-repeater-2\">\n            <div class=\"u-container-style u-custom-item u-file-link u-list-item u-repeater-item\" data-href=\"https:\/\/pacteceramic.es\/wp-content\/uploads\/2023\/05\/ESTRATEGIA-TERRITORIAL-C.-MUNICIPIOS-CERAMICOS-EMPACE-2019-3-12.pdf\" data-target=\"_blank\">\n              <div class=\"u-container-layout u-similar-container u-valign-bottom u-container-layout-4\">\n                <img decoding=\"async\" class=\"custom-expanded u-image u-image-contain u-image-5\" src=\"https:\/\/pacteceramic.es\/wp-content\/uploads\/2023\/05\/Captura-de-Pantalla-2021-05-10-a-les-11.37.53-2-214x300-1.png\" data-image-width=\"214\" data-image-height=\"300\" data-href=\"https:\/\/pacteceramic.es\/wp-content\/uploads\/2023\/05\/ESTRATEGIA-TERRITORIAL-C.-MUNICIPIOS-CERAMICOS-EMPACE-2019-3-12.pdf\" data-target=\"_blank\">\n              <\/div>\n            <\/div>\n            <div class=\"u-container-style u-custom-item u-file-link u-list-item u-repeater-item\" data-href=\"https:\/\/pacteceramic.es\/wp-content\/uploads\/2023\/05\/Diagnostico_territorial_Municipios_Ceramicos.pdf\" data-target=\"_blank\">\n              <div class=\"u-container-layout u-similar-container u-valign-bottom u-container-layout-5\">\n                <img decoding=\"async\" class=\"custom-expanded u-image u-image-6\" src=\"https:\/\/pacteceramic.es\/wp-content\/uploads\/2023\/05\/cartula-diagnostico-territorial-1.png\" data-image-width=\"417\" data-image-height=\"588\" data-href=\"https:\/\/pacteceramic.es\/wp-content\/uploads\/2023\/05\/Diagnostico_territorial_Municipios_Ceramicos.pdf\" data-target=\"_blank\">\n              <\/div>\n            <\/div>\n            <div class=\"u-container-style u-custom-item u-file-link u-list-item u-repeater-item\" data-href=\"https:\/\/pacteceramic.es\/wp-content\/uploads\/2023\/06\/InformeTitularidadForestalyRiesgodeIncendio.pdf\" data-target=\"_blank\">\n              <div class=\"u-container-layout u-similar-container u-valign-bottom u-container-layout-6\">\n                <img decoding=\"async\" class=\"custom-expanded u-image u-image-7\" src=\"https:\/\/pacteceramic.es\/wp-content\/uploads\/2023\/05\/caratula-informe-titularidad-forestal-y-riesgo-de-incendio.png\" data-image-width=\"428\" data-image-height=\"599\" data-href=\"https:\/\/pacteceramic.es\/wp-content\/uploads\/2023\/06\/InformeTitularidadForestalyRiesgodeIncendio.pdf\" data-target=\"_blank\" title=\"informetitularidadforestalyriesgodeincendio-pdf\">\n              <\/div>\n            <\/div>\n            <div class=\"u-container-style u-custom-item u-list-item u-repeater-item\" data-href=\"https:\/\/pacteceramic.es\/wp-content\/uploads\/2023\/06\/Trabajodeinvestigacin.pdf\" data-target=\"_blank\">\n              <div class=\"u-container-layout u-similar-container u-valign-bottom u-container-layout-7\">\n                <img decoding=\"async\" class=\"custom-expanded u-image u-image-8\" src=\"https:\/\/pacteceramic.es\/wp-content\/uploads\/2023\/05\/caratula-trabajo-investigacion-tejido-empresarial-1.jpg\" data-image-width=\"425\" data-image-height=\"599\" data-href=\"https:\/\/pacteceramic.es\/wp-content\/uploads\/2023\/06\/Trabajodeinvestigacin.pdf\" data-target=\"_blank\" title=\"trabajodeinvestigacin-pdf\">\n              <\/div>\n            <\/div>\n            <div class=\"u-container-style u-custom-item u-list-item u-repeater-item\" data-href=\"https:\/\/pacteceramic.es\/wp-content\/uploads\/2023\/05\/estudio-estrategia-de-gestin-y-tratamiento-biomasa-1.pdf\" data-target=\"_blank\">\n              <div class=\"u-container-layout u-similar-container u-valign-bottom u-container-layout-8\">\n                <img decoding=\"async\" class=\"custom-expanded u-image u-image-9\" src=\"https:\/\/pacteceramic.es\/wp-content\/uploads\/2023\/05\/cartula-biomasa-1.png\" data-image-width=\"424\" data-image-height=\"596\" data-href=\"https:\/\/pacteceramic.es\/wp-content\/uploads\/2023\/05\/estudio-estrategia-de-gestin-y-tratamiento-biomasa-1.pdf\" data-target=\"_blank\">\n              <\/div>\n            <\/div>\n          <\/div>\n        <\/div>\n      <\/div>\n    <\/section>\n    <section class=\"u-align-center-md u-align-center-sm u-align-center-xs u-clearfix u-section-3\" id=\"carousel_69fe\">\n      <div class=\"u-clearfix u-sheet u-valign-middle-xs u-sheet-1\">\n        <h1 class=\"u-align-left u-text u-text-1\" data-animation-name=\"customAnimationIn\" data-animation-duration=\"1000\">Projectes experimentals<\/h1>\n        <div class=\"u-align-center u-list u-list-1\">\n          <div class=\"u-repeater u-repeater-1\">\n            <div class=\"u-container-style u-custom-item u-file-link u-image u-list-item u-repeater-item u-image-1\" data-image-width=\"1241\" data-image-height=\"1755\" data-href=\"https:\/\/pacteceramic.es\/wp-content\/uploads\/2023\/05\/P.-EXPTAL-EMPACE-2016-9-12-Potenciacion-del-autoempleo-y-apoyo-a-las-pymes.pdf\" title=\"p-exptal-empace-2016-9-12-potenciacion-del-autoempleo-y-apoyo-a-las-pymes\" data-target=\"_blank\" style=\"background-image: url(&quot;https:\/\/pacteceramic.es\/wp-content\/uploads\/2023\/06\/portadaP.EXPTALEMPACE2016-9-12Potenciacindelautoempleoyapoyoalaspymes-1_page-0001.jpg&quot;);\">\n              <div class=\"u-container-layout u-similar-container u-container-layout-1\"><\/div>\n            <\/div>\n            <div class=\"u-container-style u-custom-item u-file-link u-image u-list-item u-repeater-item u-image-2\" data-image-width=\"1241\" data-image-height=\"1755\" data-href=\"https:\/\/pacteceramic.es\/wp-content\/uploads\/2023\/05\/P.-EXPTAL-EMPACE-2017-7-12-Emprende-y-Transmite-1-30.pdf\" title=\"p-exptal-empace-2017-7-12-emprende-y-transmite-1-30\" data-target=\"_blank\" style=\"background-image: url(&quot;https:\/\/pacteceramic.es\/wp-content\/uploads\/2023\/06\/portadaP.EXPTALEMPACE2017-7-12EmprendeyTransmite-1-30-1_page-0001.jpg&quot;);\">\n              <div class=\"u-container-layout u-similar-container u-container-layout-2\"><\/div>\n            <\/div>\n            <div class=\"u-container-style u-custom-item u-file-link u-image u-list-item u-repeater-item u-image-3\" data-image-width=\"1241\" data-image-height=\"1755\" data-href=\"https:\/\/pacteceramic.es\/wp-content\/uploads\/2023\/05\/P.-EXPTAL-EMPACE-2018-7-12-Pacte-Ceramic2018.pdf\" title=\"p-exptal-empace-2018-7-12-pacte-ceramic2018\" data-target=\"_blank\" style=\"background-image: url(&quot;https:\/\/pacteceramic.es\/wp-content\/uploads\/2023\/06\/portadaP.EXPTALEMPACE2018-7-12PacteCeramic2018-1_page-0001.jpg&quot;);\">\n              <div class=\"u-container-layout u-similar-container u-container-layout-3\"><\/div>\n            <\/div>\n            <div class=\"u-container-style u-custom-item u-file-link u-image u-list-item u-repeater-item u-image-4\" data-image-width=\"1241\" data-image-height=\"1755\" data-href=\"https:\/\/pacteceramic.es\/wp-content\/uploads\/2023\/05\/P.-EXPTAL-EMPACE-2019-3-12-Formacion-para-la-empleabilidad.pdf\" title=\"p-exptal-empace-2019-3-12-formacion-para-la-empleabilidad\" data-target=\"_blank\" style=\"background-image: url(&quot;https:\/\/pacteceramic.es\/wp-content\/uploads\/2023\/06\/portadaP.EXPTALEMPACE2019-3-12Formacinparalaempleabilidad-1_page-0001.jpg&quot;);\">\n              <div class=\"u-container-layout u-similar-container u-container-layout-4\"><\/div>\n            <\/div>\n            <div class=\"u-container-style u-custom-item u-file-link u-image u-list-item u-repeater-item u-image-5\" data-image-width=\"1241\" data-image-height=\"1755\" data-href=\"https:\/\/pacteceramic.es\/wp-content\/uploads\/2023\/05\/P.-EXPTAL-EMPACE-2020-8-12-Lanzadera-de-Formacion-Empleabilidad-y-emprendimiento-I.pdf\" title=\"p-exptal-empace-2020-8-12-lanzadera-de-formacion-empleabilidad-y-emprendimiento-i\" data-target=\"_blank\" style=\"background-image: url(&quot;https:\/\/pacteceramic.es\/wp-content\/uploads\/2023\/06\/portadaP.EXPTALEMPACE2020-8-12LanzaderadeFormacinEmpleabilidadyemprendimientoI-1_page-0001.jpg&quot;);\">\n              <div class=\"u-container-layout u-similar-container u-container-layout-5\"><\/div>\n            <\/div>\n            <div class=\"u-container-style u-custom-item u-file-link u-image u-list-item u-repeater-item u-image-6\" data-image-width=\"1241\" data-image-height=\"1755\" data-href=\"https:\/\/pacteceramic.es\/wp-content\/uploads\/2023\/05\/P.-EXPTAL-EMPACE-2021-1-12-Lanzadera-de-formacion-empleabilidad-y-emprendimientoII.pdf\" title=\"p-exptal-empace-2021-1-12-lanzadera-de-formacion-empleabilidad-y-emprendimientoii\" data-target=\"_blank\" style=\"background-image: url(&quot;https:\/\/pacteceramic.es\/wp-content\/uploads\/2023\/06\/portadaP.EXPTALEMPACE2021-1-12LanzaderadeformacionempleabilidadyemprendimientoII-1_page-0001.jpg&quot;);\">\n              <div class=\"u-container-layout u-similar-container u-container-layout-6\"><\/div>\n            <\/div>\n            <div class=\"u-container-style u-custom-item u-file-link u-image u-list-item u-repeater-item u-image-7\" data-image-width=\"1241\" data-image-height=\"1755\" data-href=\"https:\/\/pacteceramic.es\/wp-content\/uploads\/2023\/06\/P.EXPTALEMPACE2022412lanzaderahacialaempleabilidadsostenibleIII.pdf\" title=\"p-exptal-empace-2021-1-12-lanzadera-de-formacion-empleabilidad-y-emprendimientoii\" data-target=\"_blank\" style=\"background-image: url(&quot;https:\/\/pacteceramic.es\/wp-content\/uploads\/2023\/06\/portadaP.EXPTALEMPACE2022-4-12lanzaderahacialaempleabilidadsostenibleIII-1_page-0001-1.jpg&quot;);\">\n              <div class=\"u-container-layout u-similar-container u-container-layout-7\"><\/div>\n            <\/div>\n            <div class=\"u-container-style u-custom-item u-file-link u-list-item u-repeater-item u-shape-rectangle u-list-item-8\" data-href=\"https:\/\/pacteceramic.es\/wp-content\/uploads\/2023\/05\/P.-EXPTAL-EMPACE-2021-1-12-Lanzadera-de-formacion-empleabilidad-y-emprendimientoII.pdf\" data-target=\"_blank\">\n              <div class=\"u-container-layout u-similar-container u-container-layout-8\"><\/div>\n            <\/div>\n            <div class=\"u-container-style u-custom-item u-file-link u-list-item u-repeater-item u-shape-rectangle u-list-item-9\" data-href=\"https:\/\/pacteceramic.es\/wp-content\/uploads\/2023\/05\/P.-EXPTAL-EMPACE-2021-1-12-Lanzadera-de-formacion-empleabilidad-y-emprendimientoII.pdf\" data-target=\"_blank\" data-image-width=\"1241\" data-image-height=\"1755\">\n              <div class=\"u-container-layout u-similar-container u-container-layout-9\"><\/div>\n            <\/div>\n          <\/div>\n        <\/div>\n      <\/div>\n    <\/section>\n    <section class=\"u-align-center-md u-align-center-sm u-align-center-xs u-clearfix u-section-4\" id=\"carousel_f527\">\n      <div class=\"u-clearfix u-sheet u-valign-middle-xs u-sheet-1\">\n        <h1 class=\"u-align-left u-text u-text-1\" data-animation-name=\"customAnimationIn\" data-animation-duration=\"1000\">Infografies<\/h1>\n        <div class=\"u-align-center u-list u-list-1\">\n          <div class=\"u-repeater u-repeater-1\">\n            <div class=\"u-container-style u-file-link u-image u-list-item u-repeater-item u-shading u-image-1\" data-image-width=\"1755\" data-image-height=\"1240\" data-href=\"https:\/\/pacteceramic.es\/wp-content\/uploads\/2023\/05\/1o-Infografia-consorcio-municipios-ceramicos.pdf\" title=\"1o-infografia-consorcio-municipios-ceramicos\" data-target=\"_blank\" style=\"background-image: linear-gradient(0deg, rgba(0, 0, 0, 0.45), rgba(0, 0, 0, 0.45)), url(&quot;https:\/\/pacteceramic.es\/wp-content\/uploads\/2023\/06\/portada1Infografia-consorciomunicipioscermicos-1_page-0001.jpg&quot;);\">\n              <div class=\"u-container-layout u-similar-container u-valign-top u-container-layout-1\">\n                <h3 class=\"u-text u-text-default u-text-2\"> 1\u00ba Infografia - consorcio municipios cer\u00e1micos<\/h3>\n              <\/div>\n            <\/div>\n            <div class=\"u-container-style u-file-link u-image u-list-item u-repeater-item u-shading u-image-2\" data-image-width=\"1755\" data-image-height=\"1241\" data-href=\"https:\/\/pacteceramic.es\/wp-content\/uploads\/2023\/05\/2o-Infografia-efecto-de-la-pandemia-en-la-economia.pdf\" title=\"2o-infografia-efecto-de-la-pandemia-en-la-economia\" data-target=\"_blank\" style=\"background-image: linear-gradient(0deg, rgba(0, 0, 0, 0.45), rgba(0, 0, 0, 0.45)), url(&quot;https:\/\/pacteceramic.es\/wp-content\/uploads\/2023\/06\/portada2Infografa-efectodelapandemiaenlaeconoma-1_page-0001.jpg&quot;);\">\n              <div class=\"u-container-layout u-similar-container u-valign-top u-container-layout-2\">\n                <h3 class=\"u-text u-text-default u-text-3\"> 2\u00ba Infograf\u00eda - efecto de la pandemia en la econom\u00eda<\/h3>\n              <\/div>\n            <\/div>\n            <div class=\"u-container-style u-file-link u-image u-list-item u-repeater-item u-shading u-image-3\" data-image-width=\"1755\" data-image-height=\"1241\" data-href=\"https:\/\/pacteceramic.es\/wp-content\/uploads\/2023\/05\/3o-Infografia-situacion-economica-y-empleo-.pdf\" title=\"3o-infografia-situacion-economica-y-empleo\" data-target=\"_blank\" style=\"background-image: linear-gradient(0deg, rgba(0, 0, 0, 0.45), rgba(0, 0, 0, 0.45)), url(&quot;https:\/\/pacteceramic.es\/wp-content\/uploads\/2023\/06\/portada3Infografa-situacineconmicayempleo-1_page-0001.jpg&quot;);\">\n              <div class=\"u-container-layout u-similar-container u-valign-top u-container-layout-3\">\n                <h3 class=\"u-text u-text-default u-text-4\"> 3\u00ba Infograf\u00eda - situaci\u00f3n econ\u00f3mica y empleo <\/h3>\n              <\/div>\n            <\/div>\n          <\/div>\n        <\/div>\n      <\/div>\n    <\/section>","protected":false},"excerpt":{"rendered":"<p>Proyectos Proyectos experimentales Infograf\u00edas 1\u00ba Infografia &#8211; consorcio municipios cer\u00e1micos 2\u00ba Infograf\u00eda &#8211; efecto de la pandemia en la econom\u00eda 3\u00ba Infograf\u00eda &#8211; situaci\u00f3n econ\u00f3mica y empleo<\/p>","protected":false},"author":1,"featured_media":0,"parent":0,"menu_order":11,"comment_status":"closed","ping_status":"closed","template":"","meta":{"iawp_total_views":245,"footnotes":""},"class_list":["post-83","page","type-page","status-publish","hentry"],"yoast_head":"<!-- This site is optimized with the Yoast SEO plugin v23.1 - https:\/\/yoast.com\/wordpress\/plugins\/seo\/ -->\n<title>Proyectos - Pacte Cer\u00e0mic<\/title>\n<meta name=\"robots\" content=\"index, follow, max-snippet:-1, max-image-preview:large, max-video-preview:-1\" \/>\n<link rel=\"canonical\" href=\"https:\/\/pacteceramic.es\/va_es\/proyectos\/\" \/>\n<meta property=\"og:locale\" content=\"en_US\" \/>\n<meta property=\"og:type\" content=\"article\" \/>\n<meta property=\"og:title\" content=\"Proyectos - Pacte Cer\u00e0mic\" \/>\n<meta property=\"og:description\" content=\"Proyectos Proyectos experimentales Infograf\u00edas 1\u00ba Infografia - consorcio municipios cer\u00e1micos 2\u00ba Infograf\u00eda - efecto de la pandemia en la econom\u00eda 3\u00ba Infograf\u00eda - situaci\u00f3n econ\u00f3mica y empleo\" \/>\n<meta property=\"og:url\" content=\"https:\/\/pacteceramic.es\/va_es\/proyectos\/\" \/>\n<meta property=\"og:site_name\" content=\"Pacte Cer\u00e0mic\" \/>\n<meta property=\"article:publisher\" content=\"https:\/\/www.facebook.com\/pacteceramic\/\" \/>\n<meta property=\"article:modified_time\" content=\"2026-01-28T12:57:44+00:00\" \/>\n<meta name=\"twitter:card\" content=\"summary_large_image\" \/>\n<meta name=\"twitter:site\" content=\"@pacteceramic\" \/>\n<script type=\"application\/ld+json\" class=\"yoast-schema-graph\">{\"@context\":\"https:\/\/schema.org\",\"@graph\":[{\"@type\":\"WebPage\",\"@id\":\"https:\/\/pacteceramic.es\/proyectos\/\",\"url\":\"https:\/\/pacteceramic.es\/proyectos\/\",\"name\":\"Proyectos - Pacte Cer\u00e0mic\",\"isPartOf\":{\"@id\":\"https:\/\/pacteceramic.es\/es_es\/#website\"},\"datePublished\":\"2023-05-10T17:12:38+00:00\",\"dateModified\":\"2026-01-28T12:57:44+00:00\",\"breadcrumb\":{\"@id\":\"https:\/\/pacteceramic.es\/proyectos\/#breadcrumb\"},\"inLanguage\":\"va-ES\",\"potentialAction\":[{\"@type\":\"ReadAction\",\"target\":[\"https:\/\/pacteceramic.es\/proyectos\/\"]}]},{\"@type\":\"BreadcrumbList\",\"@id\":\"https:\/\/pacteceramic.es\/proyectos\/#breadcrumb\",\"itemListElement\":[{\"@type\":\"ListItem\",\"position\":1,\"name\":\"Portada\",\"item\":\"https:\/\/pacteceramic.es\/\"},{\"@type\":\"ListItem\",\"position\":2,\"name\":\"Proyectos\"}]},{\"@type\":\"WebSite\",\"@id\":\"https:\/\/pacteceramic.es\/es_es\/#website\",\"url\":\"https:\/\/pacteceramic.es\/es_es\/\",\"name\":\"Pacte Cer\u00e0mic\",\"description\":\"Pacte Cer\u00e0mic\",\"publisher\":{\"@id\":\"https:\/\/pacteceramic.es\/es_es\/#organization\"},\"potentialAction\":[{\"@type\":\"SearchAction\",\"target\":{\"@type\":\"EntryPoint\",\"urlTemplate\":\"https:\/\/pacteceramic.es\/es_es\/?s={search_term_string}\"},\"query-input\":\"required name=search_term_string\"}],\"inLanguage\":\"va-ES\"},{\"@type\":\"Organization\",\"@id\":\"https:\/\/pacteceramic.es\/es_es\/#organization\",\"name\":\"Pacte Cer\u00e0mic\",\"url\":\"https:\/\/pacteceramic.es\/es_es\/\",\"logo\":{\"@type\":\"ImageObject\",\"inLanguage\":\"va-ES\",\"@id\":\"https:\/\/pacteceramic.es\/es_es\/#\/schema\/logo\/image\/\",\"url\":\"https:\/\/pacteceramic.es\/wp-content\/uploads\/2023\/05\/menulogo.png\",\"contentUrl\":\"https:\/\/pacteceramic.es\/wp-content\/uploads\/2023\/05\/menulogo.png\",\"width\":249,\"height\":80,\"caption\":\"Pacte Cer\u00e0mic\"},\"image\":{\"@id\":\"https:\/\/pacteceramic.es\/es_es\/#\/schema\/logo\/image\/\"},\"sameAs\":[\"https:\/\/www.facebook.com\/pacteceramic\/\",\"https:\/\/x.com\/pacteceramic\",\"https:\/\/www.instagram.com\/pacteceramic\/\",\"https:\/\/www.linkedin.com\/company\/pactemunicipisceramics\/\"]}]}<\/script>\n<!-- \/ Yoast SEO plugin. -->","yoast_head_json":{"title":"Proyectos - Pacte Cer\u00e0mic","robots":{"index":"index","follow":"follow","max-snippet":"max-snippet:-1","max-image-preview":"max-image-preview:large","max-video-preview":"max-video-preview:-1"},"canonical":"https:\/\/pacteceramic.es\/va_es\/proyectos\/","og_locale":"en_US","og_type":"article","og_title":"Proyectos - Pacte Cer\u00e0mic","og_description":"Proyectos Proyectos experimentales Infograf\u00edas 1\u00ba Infografia - consorcio municipios cer\u00e1micos 2\u00ba Infograf\u00eda - efecto de la pandemia en la econom\u00eda 3\u00ba Infograf\u00eda - situaci\u00f3n econ\u00f3mica y empleo","og_url":"https:\/\/pacteceramic.es\/va_es\/proyectos\/","og_site_name":"Pacte Cer\u00e0mic","article_publisher":"https:\/\/www.facebook.com\/pacteceramic\/","article_modified_time":"2026-01-28T12:57:44+00:00","twitter_card":"summary_large_image","twitter_site":"@pacteceramic","schema":{"@context":"https:\/\/schema.org","@graph":[{"@type":"WebPage","@id":"https:\/\/pacteceramic.es\/proyectos\/","url":"https:\/\/pacteceramic.es\/proyectos\/","name":"Proyectos - Pacte Cer\u00e0mic","isPartOf":{"@id":"https:\/\/pacteceramic.es\/es_es\/#website"},"datePublished":"2023-05-10T17:12:38+00:00","dateModified":"2026-01-28T12:57:44+00:00","breadcrumb":{"@id":"https:\/\/pacteceramic.es\/proyectos\/#breadcrumb"},"inLanguage":"va-ES","potentialAction":[{"@type":"ReadAction","target":["https:\/\/pacteceramic.es\/proyectos\/"]}]},{"@type":"BreadcrumbList","@id":"https:\/\/pacteceramic.es\/proyectos\/#breadcrumb","itemListElement":[{"@type":"ListItem","position":1,"name":"Portada","item":"https:\/\/pacteceramic.es\/"},{"@type":"ListItem","position":2,"name":"Proyectos"}]},{"@type":"WebSite","@id":"https:\/\/pacteceramic.es\/es_es\/#website","url":"https:\/\/pacteceramic.es\/es_es\/","name":"Pacte Cer\u00e0mic","description":"Pacte Cer\u00e0mic","publisher":{"@id":"https:\/\/pacteceramic.es\/es_es\/#organization"},"potentialAction":[{"@type":"SearchAction","target":{"@type":"EntryPoint","urlTemplate":"https:\/\/pacteceramic.es\/es_es\/?s={search_term_string}"},"query-input":"required name=search_term_string"}],"inLanguage":"va-ES"},{"@type":"Organization","@id":"https:\/\/pacteceramic.es\/es_es\/#organization","name":"Pacte Cer\u00e0mic","url":"https:\/\/pacteceramic.es\/es_es\/","logo":{"@type":"ImageObject","inLanguage":"va-ES","@id":"https:\/\/pacteceramic.es\/es_es\/#\/schema\/logo\/image\/","url":"https:\/\/pacteceramic.es\/wp-content\/uploads\/2023\/05\/menulogo.png","contentUrl":"https:\/\/pacteceramic.es\/wp-content\/uploads\/2023\/05\/menulogo.png","width":249,"height":80,"caption":"Pacte Cer\u00e0mic"},"image":{"@id":"https:\/\/pacteceramic.es\/es_es\/#\/schema\/logo\/image\/"},"sameAs":["https:\/\/www.facebook.com\/pacteceramic\/","https:\/\/x.com\/pacteceramic","https:\/\/www.instagram.com\/pacteceramic\/","https:\/\/www.linkedin.com\/company\/pactemunicipisceramics\/"]}]}},"_links":{"self":[{"href":"https:\/\/pacteceramic.es\/va_es\/wp-json\/wp\/v2\/pages\/83","targetHints":{"allow":["GET"]}}],"collection":[{"href":"https:\/\/pacteceramic.es\/va_es\/wp-json\/wp\/v2\/pages"}],"about":[{"href":"https:\/\/pacteceramic.es\/va_es\/wp-json\/wp\/v2\/types\/page"}],"author":[{"embeddable":true,"href":"https:\/\/pacteceramic.es\/va_es\/wp-json\/wp\/v2\/users\/1"}],"replies":[{"embeddable":true,"href":"https:\/\/pacteceramic.es\/va_es\/wp-json\/wp\/v2\/comments?post=83"}],"version-history":[{"count":5,"href":"https:\/\/pacteceramic.es\/va_es\/wp-json\/wp\/v2\/pages\/83\/revisions"}],"predecessor-version":[{"id":12582,"href":"https:\/\/pacteceramic.es\/va_es\/wp-json\/wp\/v2\/pages\/83\/revisions\/12582"}],"wp:attachment":[{"href":"https:\/\/pacteceramic.es\/va_es\/wp-json\/wp\/v2\/media?parent=83"}],"curies":[{"name":"wp","href":"https:\/\/api.w.org\/{rel}","templated":true}]}}