{"id":73,"date":"2023-05-10T17:12:28","date_gmt":"2023-05-10T17:12:28","guid":{"rendered":"http:\/\/pacteceramic.es\/orientacion-laboral\/"},"modified":"2025-06-04T07:12:32","modified_gmt":"2025-06-04T07:12:32","slug":"orientacion-laboral","status":"publish","type":"page","link":"https:\/\/pacteceramic.es\/va_es\/orientacion-laboral\/","title":{"rendered":"Orientaci\u00f3 laboral"},"content":{"rendered":"<section class=\"u-align-left u-clearfix u-container-align-left u-section-2\" id=\"sec-bbc0\">\n      <div class=\"u-clearfix u-sheet u-sheet-1\">\n        <h1 class=\"u-text u-text-1\" data-animation-name=\"customAnimationIn\" data-animation-duration=\"1000\">Orientaci\u00f3 laboral<\/h1>\n        <div class=\"fr-view u-clearfix u-rich-text u-text u-text-2\">\n          <p id=\"isPasted\" style=\"text-align: justify;\">L'objectiu principal d'aquest \u00e0rea \u00e9s acompanyar i guiar en la cerca activa d'ocupaci\u00f3 als demandants d'\u00fas dels municipis consorciats.<\/p>\n          <p style=\"text-align: justify;\">Se ofrece un servicio itinerante de orientaci\u00f3n e inserci\u00f3n laboral en los municipios de l<span style=\"font-weight: 700;\">\u2019Alcora, Sant Joan de Mor\u00f3 y Almassora<\/span>. Es tracta d'un servei integral per a ajudar a millorar l'ocupabilitat, promoure la carrera professional i facilitar la incorporaci\u00f3 al mercat laboral de les persones en situaci\u00f3 de desocupaci\u00f3, mitjan\u00e7ant accions individuals o grupals, adaptades al participant.\n          <\/p>\n          <p style=\"text-align: justify;\">S'ofereixen accions de diagn\u00f2stic, acompanyament, motivaci\u00f3 i assessorament per a la cerca activa d'ocupaci\u00f3, proporcionant les eines i t\u00e8cniques necess\u00e0ries i treballant l'adquisici\u00f3 o millora de compet\u00e8ncies.<\/p>\n          <p>\n            <br>\n          <\/p>\n          <p id=\"isPasted\" style=\"text-align: center;\">\n            <span style=\"font-weight: 700;\">Si est\u00e0s interessat, posa't en contacte amb nosaltres en el correu electr\u00f2nic:<\/span>\n          <\/p>\n          <p style=\"text-align: center;\">\n            <a class=\"u-active-none u-border-none u-btn u-button-style u-hover-none u-none u-text-palette-1-base u-btn-1\" href=\"mailto:orientacion@pacteceramic.es\">orientacion@pacteceramic.es<\/a>\n          <\/p>\n          <p style=\"text-align: center;\">Tel\u00e8fon <a class=\"u-active-none u-border-none u-btn u-button-style u-hover-none u-none u-text-palette-1-base u-btn-2\" href=\"tel:34674179362\">674 179 362<\/a>\n          <\/p>\n        <\/div>\n      <\/div>\n    <\/section>\n    <section class=\"u-clearfix u-custom-color-5 u-video-cover u-section-3\" id=\"carousel_f5cf\">\n      <div class=\"u-clearfix u-sheet u-sheet-1\">\n        <div class=\"data-layout-selected u-clearfix u-expanded-width u-layout-wrap u-layout-wrap-1\">\n          <div class=\"u-layout\">\n            <div class=\"u-layout-row\">\n              <div class=\"u-align-center-sm u-align-center-xs u-align-left-lg u-align-left-md u-align-left-xl u-container-style u-layout-cell u-left-cell u-size-30 u-layout-cell-1\">\n                <div class=\"u-container-layout u-container-layout-1\">\n                  <h1 class=\"u-text u-text-1\">Inscriu-te en el nostre portal d'ocupaci\u00f3<\/h1>\n                  <p class=\"u-large-text u-text u-text-variant u-text-2\">Encuentra ofertas de empleo en el centro de la provincia de Castell\u00f3n. Dudas al 647948591o empleo@pacteceramic.<\/p>\n                  <a href=\"https:\/\/pacteceramic.portalemp.com\/\" class=\"u-active-grey-50 u-black u-border-none u-border-radius-50 u-btn u-btn-round u-button-style u-hover-grey-60 u-btn-1\">accedeix al portal d'ocupaci\u00f3<\/a>\n                <\/div>\n              <\/div>\n              <div class=\"u-container-style u-layout-cell u-right-cell u-size-30 u-layout-cell-2\">\n                <div class=\"u-container-layout u-container-layout-2\">\n                  <div class=\"custom-expanded u-uploaded-video u-video u-video-cover u-video-1\">\n                    <div class=\"embed-responsive\">\n                      <video class=\"embed-responsive-item\" data-autoplay=\"1\" loop=\"\" muted=\"1\" autoplay=\"autoplay\" playsinline=\"\">\n                        <source src=\"https:\/\/pacteceramic.es\/wp-content\/uploads\/2025\/03\/TutorialregistroportaldeempleoWEBred.mp4\" type=\"video\/mp4\">\n                        <p>Your browser does not support HTML5 video.<\/p>\n                      <\/video>\n                    <\/div>\n                  <\/div>\n                <\/div>\n              <\/div>\n            <\/div>\n          <\/div>\n        <\/div>\n      <\/div>\n    <\/section>","protected":false},"excerpt":{"rendered":"<p>Orientaci\u00f3n laboral El objetivo principal de \u00e9ste \u00e1rea es acompa\u00f1ar y guiar en la b\u00fasqueda activa de empleo a los demandantes de empleo de los municipios consorciados. Se ofrece un servicio itinerante de orientaci\u00f3n e inserci\u00f3n laboral en los municipios de l\u2019Alcora, Sant Joan de Mor\u00f3 y Almassora. Se trata de un servicio integral para &hellip; <a href=\"https:\/\/pacteceramic.es\/va_es\/orientacion-laboral\/\" class=\"more-link\">Continue reading<span class=\"screen-reader-text\"> \u00abOrientaci\u00f3n laboral\u00bb<\/span><\/a><\/p>","protected":false},"author":1,"featured_media":0,"parent":0,"menu_order":1,"comment_status":"closed","ping_status":"closed","template":"","meta":{"iawp_total_views":507,"footnotes":""},"class_list":["post-73","page","type-page","status-publish","hentry"],"yoast_head":"<!-- This site is optimized with the Yoast SEO plugin v23.1 - https:\/\/yoast.com\/wordpress\/plugins\/seo\/ -->\n<title>Orientaci\u00f3n laboral - Pacte Cer\u00e0mic<\/title>\n<meta name=\"robots\" content=\"index, follow, max-snippet:-1, max-image-preview:large, max-video-preview:-1\" \/>\n<link rel=\"canonical\" href=\"https:\/\/pacteceramic.es\/va_es\/orientacion-laboral\/\" \/>\n<meta property=\"og:locale\" content=\"en_US\" \/>\n<meta property=\"og:type\" content=\"article\" \/>\n<meta property=\"og:title\" content=\"Orientaci\u00f3n laboral - Pacte Cer\u00e0mic\" \/>\n<meta property=\"og:description\" content=\"Orientaci\u00f3n laboral El objetivo principal de \u00e9ste \u00e1rea es acompa\u00f1ar y guiar en la b\u00fasqueda activa de empleo a los demandantes de empleo de los municipios consorciados. Se ofrece un servicio itinerante de orientaci\u00f3n e inserci\u00f3n laboral en los municipios de l\u2019Alcora, Sant Joan de Mor\u00f3 y Almassora. Se trata de un servicio integral para &hellip; Continue reading &quot;Orientaci\u00f3n laboral&quot;\" \/>\n<meta property=\"og:url\" content=\"https:\/\/pacteceramic.es\/va_es\/orientacion-laboral\/\" \/>\n<meta property=\"og:site_name\" content=\"Pacte Cer\u00e0mic\" \/>\n<meta property=\"article:publisher\" content=\"https:\/\/www.facebook.com\/pacteceramic\/\" \/>\n<meta property=\"article:modified_time\" content=\"2025-06-04T07:12:32+00:00\" \/>\n<meta name=\"twitter:card\" content=\"summary_large_image\" \/>\n<meta name=\"twitter:site\" content=\"@pacteceramic\" \/>\n<meta name=\"twitter:label1\" content=\"Est. reading time\" \/>\n\t<meta name=\"twitter:data1\" content=\"1 minute\" \/>\n<script type=\"application\/ld+json\" class=\"yoast-schema-graph\">{\"@context\":\"https:\/\/schema.org\",\"@graph\":[{\"@type\":\"WebPage\",\"@id\":\"https:\/\/pacteceramic.es\/orientacion-laboral\/\",\"url\":\"https:\/\/pacteceramic.es\/orientacion-laboral\/\",\"name\":\"Orientaci\u00f3n laboral - Pacte Cer\u00e0mic\",\"isPartOf\":{\"@id\":\"https:\/\/pacteceramic.es\/es_es\/#website\"},\"datePublished\":\"2023-05-10T17:12:28+00:00\",\"dateModified\":\"2025-06-04T07:12:32+00:00\",\"breadcrumb\":{\"@id\":\"https:\/\/pacteceramic.es\/orientacion-laboral\/#breadcrumb\"},\"inLanguage\":\"va-ES\",\"potentialAction\":[{\"@type\":\"ReadAction\",\"target\":[\"https:\/\/pacteceramic.es\/orientacion-laboral\/\"]}]},{\"@type\":\"BreadcrumbList\",\"@id\":\"https:\/\/pacteceramic.es\/orientacion-laboral\/#breadcrumb\",\"itemListElement\":[{\"@type\":\"ListItem\",\"position\":1,\"name\":\"Portada\",\"item\":\"https:\/\/pacteceramic.es\/\"},{\"@type\":\"ListItem\",\"position\":2,\"name\":\"Orientaci\u00f3n laboral\"}]},{\"@type\":\"WebSite\",\"@id\":\"https:\/\/pacteceramic.es\/es_es\/#website\",\"url\":\"https:\/\/pacteceramic.es\/es_es\/\",\"name\":\"Pacte Cer\u00e0mic\",\"description\":\"Pacte Cer\u00e0mic\",\"publisher\":{\"@id\":\"https:\/\/pacteceramic.es\/es_es\/#organization\"},\"potentialAction\":[{\"@type\":\"SearchAction\",\"target\":{\"@type\":\"EntryPoint\",\"urlTemplate\":\"https:\/\/pacteceramic.es\/es_es\/?s={search_term_string}\"},\"query-input\":\"required name=search_term_string\"}],\"inLanguage\":\"va-ES\"},{\"@type\":\"Organization\",\"@id\":\"https:\/\/pacteceramic.es\/es_es\/#organization\",\"name\":\"Pacte Cer\u00e0mic\",\"url\":\"https:\/\/pacteceramic.es\/es_es\/\",\"logo\":{\"@type\":\"ImageObject\",\"inLanguage\":\"va-ES\",\"@id\":\"https:\/\/pacteceramic.es\/es_es\/#\/schema\/logo\/image\/\",\"url\":\"https:\/\/pacteceramic.es\/wp-content\/uploads\/2023\/05\/menulogo.png\",\"contentUrl\":\"https:\/\/pacteceramic.es\/wp-content\/uploads\/2023\/05\/menulogo.png\",\"width\":249,\"height\":80,\"caption\":\"Pacte Cer\u00e0mic\"},\"image\":{\"@id\":\"https:\/\/pacteceramic.es\/es_es\/#\/schema\/logo\/image\/\"},\"sameAs\":[\"https:\/\/www.facebook.com\/pacteceramic\/\",\"https:\/\/x.com\/pacteceramic\",\"https:\/\/www.instagram.com\/pacteceramic\/\",\"https:\/\/www.linkedin.com\/company\/pactemunicipisceramics\/\"]}]}<\/script>\n<!-- \/ Yoast SEO plugin. -->","yoast_head_json":{"title":"Orientaci\u00f3n laboral - Pacte Cer\u00e0mic","robots":{"index":"index","follow":"follow","max-snippet":"max-snippet:-1","max-image-preview":"max-image-preview:large","max-video-preview":"max-video-preview:-1"},"canonical":"https:\/\/pacteceramic.es\/va_es\/orientacion-laboral\/","og_locale":"en_US","og_type":"article","og_title":"Orientaci\u00f3n laboral - Pacte Cer\u00e0mic","og_description":"Orientaci\u00f3n laboral El objetivo principal de \u00e9ste \u00e1rea es acompa\u00f1ar y guiar en la b\u00fasqueda activa de empleo a los demandantes de empleo de los municipios consorciados. Se ofrece un servicio itinerante de orientaci\u00f3n e inserci\u00f3n laboral en los municipios de l\u2019Alcora, Sant Joan de Mor\u00f3 y Almassora. Se trata de un servicio integral para &hellip; Continue reading \"Orientaci\u00f3n laboral\"","og_url":"https:\/\/pacteceramic.es\/va_es\/orientacion-laboral\/","og_site_name":"Pacte Cer\u00e0mic","article_publisher":"https:\/\/www.facebook.com\/pacteceramic\/","article_modified_time":"2025-06-04T07:12:32+00:00","twitter_card":"summary_large_image","twitter_site":"@pacteceramic","twitter_misc":{"Est. reading time":"1 minute"},"schema":{"@context":"https:\/\/schema.org","@graph":[{"@type":"WebPage","@id":"https:\/\/pacteceramic.es\/orientacion-laboral\/","url":"https:\/\/pacteceramic.es\/orientacion-laboral\/","name":"Orientaci\u00f3n laboral - Pacte Cer\u00e0mic","isPartOf":{"@id":"https:\/\/pacteceramic.es\/es_es\/#website"},"datePublished":"2023-05-10T17:12:28+00:00","dateModified":"2025-06-04T07:12:32+00:00","breadcrumb":{"@id":"https:\/\/pacteceramic.es\/orientacion-laboral\/#breadcrumb"},"inLanguage":"va-ES","potentialAction":[{"@type":"ReadAction","target":["https:\/\/pacteceramic.es\/orientacion-laboral\/"]}]},{"@type":"BreadcrumbList","@id":"https:\/\/pacteceramic.es\/orientacion-laboral\/#breadcrumb","itemListElement":[{"@type":"ListItem","position":1,"name":"Portada","item":"https:\/\/pacteceramic.es\/"},{"@type":"ListItem","position":2,"name":"Orientaci\u00f3n laboral"}]},{"@type":"WebSite","@id":"https:\/\/pacteceramic.es\/es_es\/#website","url":"https:\/\/pacteceramic.es\/es_es\/","name":"Pacte Cer\u00e0mic","description":"Pacte Cer\u00e0mic","publisher":{"@id":"https:\/\/pacteceramic.es\/es_es\/#organization"},"potentialAction":[{"@type":"SearchAction","target":{"@type":"EntryPoint","urlTemplate":"https:\/\/pacteceramic.es\/es_es\/?s={search_term_string}"},"query-input":"required name=search_term_string"}],"inLanguage":"va-ES"},{"@type":"Organization","@id":"https:\/\/pacteceramic.es\/es_es\/#organization","name":"Pacte Cer\u00e0mic","url":"https:\/\/pacteceramic.es\/es_es\/","logo":{"@type":"ImageObject","inLanguage":"va-ES","@id":"https:\/\/pacteceramic.es\/es_es\/#\/schema\/logo\/image\/","url":"https:\/\/pacteceramic.es\/wp-content\/uploads\/2023\/05\/menulogo.png","contentUrl":"https:\/\/pacteceramic.es\/wp-content\/uploads\/2023\/05\/menulogo.png","width":249,"height":80,"caption":"Pacte Cer\u00e0mic"},"image":{"@id":"https:\/\/pacteceramic.es\/es_es\/#\/schema\/logo\/image\/"},"sameAs":["https:\/\/www.facebook.com\/pacteceramic\/","https:\/\/x.com\/pacteceramic","https:\/\/www.instagram.com\/pacteceramic\/","https:\/\/www.linkedin.com\/company\/pactemunicipisceramics\/"]}]}},"_links":{"self":[{"href":"https:\/\/pacteceramic.es\/va_es\/wp-json\/wp\/v2\/pages\/73","targetHints":{"allow":["GET"]}}],"collection":[{"href":"https:\/\/pacteceramic.es\/va_es\/wp-json\/wp\/v2\/pages"}],"about":[{"href":"https:\/\/pacteceramic.es\/va_es\/wp-json\/wp\/v2\/types\/page"}],"author":[{"embeddable":true,"href":"https:\/\/pacteceramic.es\/va_es\/wp-json\/wp\/v2\/users\/1"}],"replies":[{"embeddable":true,"href":"https:\/\/pacteceramic.es\/va_es\/wp-json\/wp\/v2\/comments?post=73"}],"version-history":[{"count":8,"href":"https:\/\/pacteceramic.es\/va_es\/wp-json\/wp\/v2\/pages\/73\/revisions"}],"predecessor-version":[{"id":12483,"href":"https:\/\/pacteceramic.es\/va_es\/wp-json\/wp\/v2\/pages\/73\/revisions\/12483"}],"wp:attachment":[{"href":"https:\/\/pacteceramic.es\/va_es\/wp-json\/wp\/v2\/media?parent=73"}],"curies":[{"name":"wp","href":"https:\/\/api.w.org\/{rel}","templated":true}]}}