{"id":11902,"date":"2023-07-10T07:34:51","date_gmt":"2023-07-10T07:34:51","guid":{"rendered":"https:\/\/pacteceramic.es\/?page_id=11902"},"modified":"2023-07-10T07:34:51","modified_gmt":"2023-07-10T07:34:51","slug":"el-pacto-por-el-empleo-de-los-municipios-ceramicos-recibe-un-anticipo-de-116-260-euros-de-labora-para-financiar-el-proyecto-desarrolla-t","status":"publish","type":"page","link":"https:\/\/pacteceramic.es\/va_es\/el-pacto-por-el-empleo-de-los-municipios-ceramicos-recibe-un-anticipo-de-116-260-euros-de-labora-para-financiar-el-proyecto-desarrolla-t\/","title":{"rendered":"El Pacto por el Empleo de los Municipios Cer\u00e1micos recibe un anticipo de 116.260 euros de LABORA para financiar el proyecto \u2018Desarrolla-T\u2019"},"content":{"rendered":"<p><!--more-->El Pacto Territorial por el Empleo de los Municipios Cer\u00e1micos ha celebrado este jueves 6 de julio un nuevo Consejo Rector en el que se han analizado las actuaciones llevadas a cabo por el personal del Consorcio desde la \u00faltima sesi\u00f3n celebrada a inicios de mayo de este a\u00f1o. En la reuni\u00f3n se han destacado los datos positivos alcanzados en los servicios de asesoramiento a emprendedores\/as y empresas, orientaci\u00f3n laboral y los grupos de formaci\u00f3n de Reincorpora-T. Adem\u00e1s, se ha informado del ingreso del anticipo de la subvenci\u00f3n del Servicio P\u00fablico de Empleo y Formaci\u00f3n de la Comunitat Valenciana LABORA con el cual se financia el proyecto \u201cDesarrolla-T: Emprendimiento, Empleo y Formaci\u00f3n\u201d.<\/p>\n<p>Durante la sesi\u00f3n del Consejo Rector se ha llevado a cabo una evaluaci\u00f3n de los \u00faltimos resultados registrados en los distintos servicios del Pacto Cer\u00e1mico. El actual proyecto \u201cDesarrolla-t: Emprendimiento, Empleo y Formaci\u00f3n\u201d, que se inici\u00f3 el 1 de abril de 2023 y finalizar\u00e1 el 31 de diciembre de 2024, ha alcanzado las siguientes cifras:<\/p>\n<ul>\n<li>31 nuevos emprendedores atendidos<\/li>\n<li>10 nuevas altas de emprendedores que inician su negocio<\/li>\n<li>21 nuevas empresas asesoradas en materia de subvenciones y ayudas<\/li>\n<li>12 ayudas tramitadas<\/li>\n<li>5 planes de viabilidad elaborados<\/li>\n<li>9 certificados digitales elaborados<\/li>\n<li>139 personas atendidas en el servicio de orientaci\u00f3n laboral<\/li>\n<li>166 usuarios registrados en el Portal de Empleo del Pacto<\/li>\n<li>42 personas form\u00e1ndose en los cursos \u2018Reincorpora-T\u2019<\/li>\n<\/ul>\n<p>Por otro lado, tambi\u00e9n se ha informado de la recepci\u00f3n del anticipo del Servicio P\u00fablico de Empleo y Formaci\u00f3n de la Comunitat Valenciana LABORA. La entidad, financiadora del proyecto \u201cDesarrolla-T: Emprendimiento, Empleo y Formaci\u00f3n\u201d, ha concedido el 80% de la primera anualidad 2023, que asciende a 116.260 euros. Cabe destacar que este proyecto cuenta con una subvenci\u00f3n total bianual de 337.125 euros (145.325 euros correspondientes al 2023 y 191.800, al 2024).<\/p>","protected":false},"excerpt":{"rendered":"","protected":false},"author":1,"featured_media":11903,"parent":0,"menu_order":0,"comment_status":"closed","ping_status":"closed","template":"","meta":{"iawp_total_views":1,"footnotes":""},"class_list":["post-11902","page","type-page","status-publish","has-post-thumbnail","hentry"],"yoast_head":"<!-- This site is optimized with the Yoast SEO plugin v23.1 - https:\/\/yoast.com\/wordpress\/plugins\/seo\/ -->\n<title>El Pacto por el Empleo de los Municipios Cer\u00e1micos recibe un anticipo de 116.260 euros de LABORA para financiar el proyecto \u2018Desarrolla-T\u2019 - Pacte Cer\u00e0mic<\/title>\n<meta name=\"robots\" content=\"index, follow, max-snippet:-1, max-image-preview:large, max-video-preview:-1\" \/>\n<link rel=\"canonical\" href=\"https:\/\/pacteceramic.es\/va_es\/el-pacto-por-el-empleo-de-los-municipios-ceramicos-recibe-un-anticipo-de-116-260-euros-de-labora-para-financiar-el-proyecto-desarrolla-t\/\" \/>\n<meta property=\"og:locale\" content=\"en_US\" \/>\n<meta property=\"og:type\" content=\"article\" \/>\n<meta property=\"og:title\" content=\"El Pacto por el Empleo de los Municipios Cer\u00e1micos recibe un anticipo de 116.260 euros de LABORA para financiar el proyecto \u2018Desarrolla-T\u2019 - Pacte Cer\u00e0mic\" \/>\n<meta property=\"og:url\" content=\"https:\/\/pacteceramic.es\/va_es\/el-pacto-por-el-empleo-de-los-municipios-ceramicos-recibe-un-anticipo-de-116-260-euros-de-labora-para-financiar-el-proyecto-desarrolla-t\/\" \/>\n<meta property=\"og:site_name\" content=\"Pacte Cer\u00e0mic\" \/>\n<meta property=\"article:publisher\" content=\"https:\/\/www.facebook.com\/pacteceramic\/\" \/>\n<meta property=\"og:image\" content=\"https:\/\/pacteceramic.es\/wp-content\/uploads\/2023\/07\/NP-CONSEJO-RECTOR-07.07.23.jpg\" \/>\n\t<meta property=\"og:image:width\" content=\"1176\" \/>\n\t<meta property=\"og:image:height\" content=\"651\" \/>\n\t<meta property=\"og:image:type\" content=\"image\/jpeg\" \/>\n<meta name=\"twitter:card\" content=\"summary_large_image\" \/>\n<meta name=\"twitter:site\" content=\"@pacteceramic\" \/>\n<meta name=\"twitter:label1\" content=\"Est. reading time\" \/>\n\t<meta name=\"twitter:data1\" content=\"2 minutes\" \/>\n<script type=\"application\/ld+json\" class=\"yoast-schema-graph\">{\"@context\":\"https:\/\/schema.org\",\"@graph\":[{\"@type\":\"WebPage\",\"@id\":\"https:\/\/pacteceramic.es\/el-pacto-por-el-empleo-de-los-municipios-ceramicos-recibe-un-anticipo-de-116-260-euros-de-labora-para-financiar-el-proyecto-desarrolla-t\/\",\"url\":\"https:\/\/pacteceramic.es\/el-pacto-por-el-empleo-de-los-municipios-ceramicos-recibe-un-anticipo-de-116-260-euros-de-labora-para-financiar-el-proyecto-desarrolla-t\/\",\"name\":\"El Pacto por el Empleo de los Municipios Cer\u00e1micos recibe un anticipo de 116.260 euros de LABORA para financiar el proyecto \u2018Desarrolla-T\u2019 - Pacte Cer\u00e0mic\",\"isPartOf\":{\"@id\":\"https:\/\/pacteceramic.es\/es_es\/#website\"},\"primaryImageOfPage\":{\"@id\":\"https:\/\/pacteceramic.es\/el-pacto-por-el-empleo-de-los-municipios-ceramicos-recibe-un-anticipo-de-116-260-euros-de-labora-para-financiar-el-proyecto-desarrolla-t\/#primaryimage\"},\"image\":{\"@id\":\"https:\/\/pacteceramic.es\/el-pacto-por-el-empleo-de-los-municipios-ceramicos-recibe-un-anticipo-de-116-260-euros-de-labora-para-financiar-el-proyecto-desarrolla-t\/#primaryimage\"},\"thumbnailUrl\":\"https:\/\/pacteceramic.es\/wp-content\/uploads\/2023\/07\/NP-CONSEJO-RECTOR-07.07.23.jpg\",\"datePublished\":\"2023-07-10T07:34:51+00:00\",\"dateModified\":\"2023-07-10T07:34:51+00:00\",\"breadcrumb\":{\"@id\":\"https:\/\/pacteceramic.es\/el-pacto-por-el-empleo-de-los-municipios-ceramicos-recibe-un-anticipo-de-116-260-euros-de-labora-para-financiar-el-proyecto-desarrolla-t\/#breadcrumb\"},\"inLanguage\":\"va-ES\",\"potentialAction\":[{\"@type\":\"ReadAction\",\"target\":[\"https:\/\/pacteceramic.es\/el-pacto-por-el-empleo-de-los-municipios-ceramicos-recibe-un-anticipo-de-116-260-euros-de-labora-para-financiar-el-proyecto-desarrolla-t\/\"]}]},{\"@type\":\"ImageObject\",\"inLanguage\":\"va-ES\",\"@id\":\"https:\/\/pacteceramic.es\/el-pacto-por-el-empleo-de-los-municipios-ceramicos-recibe-un-anticipo-de-116-260-euros-de-labora-para-financiar-el-proyecto-desarrolla-t\/#primaryimage\",\"url\":\"https:\/\/pacteceramic.es\/wp-content\/uploads\/2023\/07\/NP-CONSEJO-RECTOR-07.07.23.jpg\",\"contentUrl\":\"https:\/\/pacteceramic.es\/wp-content\/uploads\/2023\/07\/NP-CONSEJO-RECTOR-07.07.23.jpg\",\"width\":1176,\"height\":651},{\"@type\":\"BreadcrumbList\",\"@id\":\"https:\/\/pacteceramic.es\/el-pacto-por-el-empleo-de-los-municipios-ceramicos-recibe-un-anticipo-de-116-260-euros-de-labora-para-financiar-el-proyecto-desarrolla-t\/#breadcrumb\",\"itemListElement\":[{\"@type\":\"ListItem\",\"position\":1,\"name\":\"Portada\",\"item\":\"https:\/\/pacteceramic.es\/\"},{\"@type\":\"ListItem\",\"position\":2,\"name\":\"El Pacto por el Empleo de los Municipios Cer\u00e1micos recibe un anticipo de 116.260 euros de LABORA para financiar el proyecto \u2018Desarrolla-T\u2019\"}]},{\"@type\":\"WebSite\",\"@id\":\"https:\/\/pacteceramic.es\/es_es\/#website\",\"url\":\"https:\/\/pacteceramic.es\/es_es\/\",\"name\":\"Pacte Cer\u00e0mic\",\"description\":\"Pacte Cer\u00e0mic\",\"publisher\":{\"@id\":\"https:\/\/pacteceramic.es\/es_es\/#organization\"},\"potentialAction\":[{\"@type\":\"SearchAction\",\"target\":{\"@type\":\"EntryPoint\",\"urlTemplate\":\"https:\/\/pacteceramic.es\/es_es\/?s={search_term_string}\"},\"query-input\":\"required name=search_term_string\"}],\"inLanguage\":\"va-ES\"},{\"@type\":\"Organization\",\"@id\":\"https:\/\/pacteceramic.es\/es_es\/#organization\",\"name\":\"Pacte Cer\u00e0mic\",\"url\":\"https:\/\/pacteceramic.es\/es_es\/\",\"logo\":{\"@type\":\"ImageObject\",\"inLanguage\":\"va-ES\",\"@id\":\"https:\/\/pacteceramic.es\/es_es\/#\/schema\/logo\/image\/\",\"url\":\"https:\/\/pacteceramic.es\/wp-content\/uploads\/2023\/05\/menulogo.png\",\"contentUrl\":\"https:\/\/pacteceramic.es\/wp-content\/uploads\/2023\/05\/menulogo.png\",\"width\":249,\"height\":80,\"caption\":\"Pacte Cer\u00e0mic\"},\"image\":{\"@id\":\"https:\/\/pacteceramic.es\/es_es\/#\/schema\/logo\/image\/\"},\"sameAs\":[\"https:\/\/www.facebook.com\/pacteceramic\/\",\"https:\/\/x.com\/pacteceramic\",\"https:\/\/www.instagram.com\/pacteceramic\/\",\"https:\/\/www.linkedin.com\/company\/pactemunicipisceramics\/\"]}]}<\/script>\n<!-- \/ Yoast SEO plugin. -->","yoast_head_json":{"title":"El Pacto por el Empleo de los Municipios Cer\u00e1micos recibe un anticipo de 116.260 euros de LABORA para financiar el proyecto \u2018Desarrolla-T\u2019 - Pacte Cer\u00e0mic","robots":{"index":"index","follow":"follow","max-snippet":"max-snippet:-1","max-image-preview":"max-image-preview:large","max-video-preview":"max-video-preview:-1"},"canonical":"https:\/\/pacteceramic.es\/va_es\/el-pacto-por-el-empleo-de-los-municipios-ceramicos-recibe-un-anticipo-de-116-260-euros-de-labora-para-financiar-el-proyecto-desarrolla-t\/","og_locale":"en_US","og_type":"article","og_title":"El Pacto por el Empleo de los Municipios Cer\u00e1micos recibe un anticipo de 116.260 euros de LABORA para financiar el proyecto \u2018Desarrolla-T\u2019 - Pacte Cer\u00e0mic","og_url":"https:\/\/pacteceramic.es\/va_es\/el-pacto-por-el-empleo-de-los-municipios-ceramicos-recibe-un-anticipo-de-116-260-euros-de-labora-para-financiar-el-proyecto-desarrolla-t\/","og_site_name":"Pacte Cer\u00e0mic","article_publisher":"https:\/\/www.facebook.com\/pacteceramic\/","og_image":[{"width":1176,"height":651,"url":"https:\/\/pacteceramic.es\/wp-content\/uploads\/2023\/07\/NP-CONSEJO-RECTOR-07.07.23.jpg","type":"image\/jpeg"}],"twitter_card":"summary_large_image","twitter_site":"@pacteceramic","twitter_misc":{"Est. reading time":"2 minutes"},"schema":{"@context":"https:\/\/schema.org","@graph":[{"@type":"WebPage","@id":"https:\/\/pacteceramic.es\/el-pacto-por-el-empleo-de-los-municipios-ceramicos-recibe-un-anticipo-de-116-260-euros-de-labora-para-financiar-el-proyecto-desarrolla-t\/","url":"https:\/\/pacteceramic.es\/el-pacto-por-el-empleo-de-los-municipios-ceramicos-recibe-un-anticipo-de-116-260-euros-de-labora-para-financiar-el-proyecto-desarrolla-t\/","name":"El Pacto por el Empleo de los Municipios Cer\u00e1micos recibe un anticipo de 116.260 euros de LABORA para financiar el proyecto \u2018Desarrolla-T\u2019 - Pacte Cer\u00e0mic","isPartOf":{"@id":"https:\/\/pacteceramic.es\/es_es\/#website"},"primaryImageOfPage":{"@id":"https:\/\/pacteceramic.es\/el-pacto-por-el-empleo-de-los-municipios-ceramicos-recibe-un-anticipo-de-116-260-euros-de-labora-para-financiar-el-proyecto-desarrolla-t\/#primaryimage"},"image":{"@id":"https:\/\/pacteceramic.es\/el-pacto-por-el-empleo-de-los-municipios-ceramicos-recibe-un-anticipo-de-116-260-euros-de-labora-para-financiar-el-proyecto-desarrolla-t\/#primaryimage"},"thumbnailUrl":"https:\/\/pacteceramic.es\/wp-content\/uploads\/2023\/07\/NP-CONSEJO-RECTOR-07.07.23.jpg","datePublished":"2023-07-10T07:34:51+00:00","dateModified":"2023-07-10T07:34:51+00:00","breadcrumb":{"@id":"https:\/\/pacteceramic.es\/el-pacto-por-el-empleo-de-los-municipios-ceramicos-recibe-un-anticipo-de-116-260-euros-de-labora-para-financiar-el-proyecto-desarrolla-t\/#breadcrumb"},"inLanguage":"va-ES","potentialAction":[{"@type":"ReadAction","target":["https:\/\/pacteceramic.es\/el-pacto-por-el-empleo-de-los-municipios-ceramicos-recibe-un-anticipo-de-116-260-euros-de-labora-para-financiar-el-proyecto-desarrolla-t\/"]}]},{"@type":"ImageObject","inLanguage":"va-ES","@id":"https:\/\/pacteceramic.es\/el-pacto-por-el-empleo-de-los-municipios-ceramicos-recibe-un-anticipo-de-116-260-euros-de-labora-para-financiar-el-proyecto-desarrolla-t\/#primaryimage","url":"https:\/\/pacteceramic.es\/wp-content\/uploads\/2023\/07\/NP-CONSEJO-RECTOR-07.07.23.jpg","contentUrl":"https:\/\/pacteceramic.es\/wp-content\/uploads\/2023\/07\/NP-CONSEJO-RECTOR-07.07.23.jpg","width":1176,"height":651},{"@type":"BreadcrumbList","@id":"https:\/\/pacteceramic.es\/el-pacto-por-el-empleo-de-los-municipios-ceramicos-recibe-un-anticipo-de-116-260-euros-de-labora-para-financiar-el-proyecto-desarrolla-t\/#breadcrumb","itemListElement":[{"@type":"ListItem","position":1,"name":"Portada","item":"https:\/\/pacteceramic.es\/"},{"@type":"ListItem","position":2,"name":"El Pacto por el Empleo de los Municipios Cer\u00e1micos recibe un anticipo de 116.260 euros de LABORA para financiar el proyecto \u2018Desarrolla-T\u2019"}]},{"@type":"WebSite","@id":"https:\/\/pacteceramic.es\/es_es\/#website","url":"https:\/\/pacteceramic.es\/es_es\/","name":"Pacte Cer\u00e0mic","description":"Pacte Cer\u00e0mic","publisher":{"@id":"https:\/\/pacteceramic.es\/es_es\/#organization"},"potentialAction":[{"@type":"SearchAction","target":{"@type":"EntryPoint","urlTemplate":"https:\/\/pacteceramic.es\/es_es\/?s={search_term_string}"},"query-input":"required name=search_term_string"}],"inLanguage":"va-ES"},{"@type":"Organization","@id":"https:\/\/pacteceramic.es\/es_es\/#organization","name":"Pacte Cer\u00e0mic","url":"https:\/\/pacteceramic.es\/es_es\/","logo":{"@type":"ImageObject","inLanguage":"va-ES","@id":"https:\/\/pacteceramic.es\/es_es\/#\/schema\/logo\/image\/","url":"https:\/\/pacteceramic.es\/wp-content\/uploads\/2023\/05\/menulogo.png","contentUrl":"https:\/\/pacteceramic.es\/wp-content\/uploads\/2023\/05\/menulogo.png","width":249,"height":80,"caption":"Pacte Cer\u00e0mic"},"image":{"@id":"https:\/\/pacteceramic.es\/es_es\/#\/schema\/logo\/image\/"},"sameAs":["https:\/\/www.facebook.com\/pacteceramic\/","https:\/\/x.com\/pacteceramic","https:\/\/www.instagram.com\/pacteceramic\/","https:\/\/www.linkedin.com\/company\/pactemunicipisceramics\/"]}]}},"_links":{"self":[{"href":"https:\/\/pacteceramic.es\/va_es\/wp-json\/wp\/v2\/pages\/11902","targetHints":{"allow":["GET"]}}],"collection":[{"href":"https:\/\/pacteceramic.es\/va_es\/wp-json\/wp\/v2\/pages"}],"about":[{"href":"https:\/\/pacteceramic.es\/va_es\/wp-json\/wp\/v2\/types\/page"}],"author":[{"embeddable":true,"href":"https:\/\/pacteceramic.es\/va_es\/wp-json\/wp\/v2\/users\/1"}],"replies":[{"embeddable":true,"href":"https:\/\/pacteceramic.es\/va_es\/wp-json\/wp\/v2\/comments?post=11902"}],"version-history":[{"count":1,"href":"https:\/\/pacteceramic.es\/va_es\/wp-json\/wp\/v2\/pages\/11902\/revisions"}],"predecessor-version":[{"id":11904,"href":"https:\/\/pacteceramic.es\/va_es\/wp-json\/wp\/v2\/pages\/11902\/revisions\/11904"}],"wp:featuredmedia":[{"embeddable":true,"href":"https:\/\/pacteceramic.es\/va_es\/wp-json\/wp\/v2\/media\/11903"}],"wp:attachment":[{"href":"https:\/\/pacteceramic.es\/va_es\/wp-json\/wp\/v2\/media?parent=11902"}],"curies":[{"name":"wp","href":"https:\/\/api.w.org\/{rel}","templated":true}]}}