{"id":11832,"date":"2023-06-07T14:29:48","date_gmt":"2023-06-07T14:29:48","guid":{"rendered":"https:\/\/pacteceramic.es\/?page_id=11832"},"modified":"2025-06-04T07:11:43","modified_gmt":"2025-06-04T07:11:43","slug":"grupos-reincorpora-t","status":"publish","type":"page","link":"https:\/\/pacteceramic.es\/va_es\/grupos-reincorpora-t\/","title":{"rendered":"Grups Reincorpora-T"},"content":{"rendered":"<section class=\"u-align-left u-clearfix u-container-align-left u-section-2\" id=\"sec-2bf6\">\n      <div class=\"u-clearfix u-sheet u-valign-middle u-sheet-1\">\n        <h1 class=\"u-text u-text-1\" data-animation-name=\"customAnimationIn\" data-animation-duration=\"1000\"> Grupos Reactiva-T<\/h1>\n        <div class=\"fr-view u-clearfix u-rich-text u-text u-text-2\">\n          <p id=\"isPasted\" style=\"text-align: justify;\">\n            <span style=\"font-weight: 700;\">REACTIVA-T&nbsp;<\/span>son un equipo heterog\u00e9neo de personas (desempleadas con diferentes perfiles formativos y trayectorias laborales) con esp\u00edritu din\u00e1mico y comprometido que acceden deforma voluntaria a esta iniciativa y que, coordinadas por un tutor orientador, refuerzan sus competencias, reactualizan o adquieren conocimientos espec\u00edficos, se hacen visibles y colaboran en la consecuci\u00f3n de un fin com\u00fan: conseguir empleo, ya sea por cuenta propia o ajena.\n          <\/p>\n          <p style=\"text-align: justify;\">\n            <span style=\"font-weight: 700;\">Reactiva-t cer\u00e1mica<\/span> El contingut formatiu espec\u00edfic de l'\u00e0rea de tecnologia digital cer\u00e0mica proporcionar\u00e0 a l'alumnat els coneixements i compet\u00e8ncies espec\u00edfiques necess\u00e0ries per a exercir un lloc de treball en el sector cer\u00e0mic o actualitzar els coneixements, en el cas de les persones en situaci\u00f3 de desocupaci\u00f3 provinents del sector, millorant d'aquesta manera el seu entorn laboral i professional. Estar\u00e0 basat en l'actualitat del sector cer\u00e0mic, en casos reals del dia a dia; pel que es formar\u00e0 a l'alumnat en: el proc\u00e9s de producci\u00f3 cer\u00e0mica fins a arribar a la tecnologia digital, creaci\u00f3 i gesti\u00f3 de perfils de color per a cer\u00e0mica Inkjet, Photoshop aplicat a les noves tecnologies, noves recerques tecnol\u00f2giques de producci\u00f3 i decoraci\u00f3 digital, les tend\u00e8ncies cer\u00e0miques, l'evoluci\u00f3 del disseny cer\u00e0mic fins a la impressi\u00f3 digital, etc.\n          <\/p>\n          <p style=\"text-align: justify;\">\n            <span style=\"font-weight: 700;\">Reactiva-t Turismo&nbsp;<\/span>El objetivo es mejorar las habilidades sociales del personal en el sector tur\u00edstico de, con el fin de ofrecer experiencias positivas a los visitantes y promover el desarrollo econ\u00f3mico y social. Se enfoca en mejorar la comunicaci\u00f3n, resolver conflictos, desarrollar la empat\u00eda y promover la excelencia en la atenci\u00f3n al cliente. El contenido incluye sesiones sobre comunicaci\u00f3n efectiva, gesti\u00f3n de conflictos, mejora del idioma ingl\u00e9s, orientaci\u00f3n laboral, mindfulness y emprendimiento. Con una combinaci\u00f3n de teor\u00eda y pr\u00e1ctica, se busca que los participantes puedan aplicar efectivamente estas habilidades en su vida laboral.\n          <\/p>\n          <p style=\"text-align: justify;\">Del mismo modo, se incluye contenido formativo en competencias digitales, emprendimiento yorientaci\u00f3n laboral.<\/p>\n          <p style=\"text-align: justify;\">L'admissi\u00f3 dels participants es realitza pr\u00e8via entrevista personal.<\/p>\n          <p style=\"text-align: justify;\">Si est\u00e0s interessat, posa't en contacte amb nosaltres:<\/p>\n        <\/div>\n        <p class=\"u-align-center u-text u-text-3\"> Si est\u00e0s interessat, posa't en contacte amb nosaltres:&nbsp;<br>\n          <a href=\"mailto:formacion@pacteceramic.es\" class=\"u-active-none u-border-none u-btn u-button-style u-hover-none u-none u-text-palette-1-base u-btn-1\">formacion@pacteceramic.es<\/a>&nbsp;<br>Tfno: <a href=\"tel:610321875\" class=\"u-active-none u-border-none u-btn u-button-link u-button-style u-hover-none u-none u-text-palette-1-base u-btn-2\">610 321 875<\/a>\n        <\/p>\n      <\/div>\n    <\/section>","protected":false},"excerpt":{"rendered":"<p>Grupos Reactiva-T REACTIVA-T&nbsp;son un equipo heterog\u00e9neo de personas (desempleadas con diferentes perfiles formativos y trayectorias laborales) con esp\u00edritu din\u00e1mico y comprometido que acceden deforma voluntaria a esta iniciativa y que, coordinadas por un tutor orientador, refuerzan sus competencias, reactualizan o adquieren conocimientos espec\u00edficos, se hacen visibles y colaboran en la consecuci\u00f3n de un fin com\u00fan: &hellip; <a href=\"https:\/\/pacteceramic.es\/va_es\/grupos-reincorpora-t\/\" class=\"more-link\">Continue reading<span class=\"screen-reader-text\"> \u00abGrupos Reincorpora-T\u00bb<\/span><\/a><\/p>","protected":false},"author":1,"featured_media":0,"parent":0,"menu_order":0,"comment_status":"closed","ping_status":"closed","template":"","meta":{"iawp_total_views":213,"footnotes":""},"class_list":["post-11832","page","type-page","status-publish","hentry"],"yoast_head":"<!-- This site is optimized with the Yoast SEO plugin v23.1 - https:\/\/yoast.com\/wordpress\/plugins\/seo\/ -->\n<title>Grupos Reincorpora-T - Pacte Cer\u00e0mic<\/title>\n<meta name=\"robots\" content=\"index, follow, max-snippet:-1, max-image-preview:large, max-video-preview:-1\" \/>\n<link rel=\"canonical\" href=\"https:\/\/pacteceramic.es\/va_es\/grupos-reincorpora-t\/\" \/>\n<meta property=\"og:locale\" content=\"en_US\" \/>\n<meta property=\"og:type\" content=\"article\" \/>\n<meta property=\"og:title\" content=\"Grupos Reincorpora-T - Pacte Cer\u00e0mic\" \/>\n<meta property=\"og:description\" content=\"Grupos Reactiva-T REACTIVA-T&nbsp;son un equipo heterog\u00e9neo de personas (desempleadas con diferentes perfiles formativos y trayectorias laborales) con esp\u00edritu din\u00e1mico y comprometido que acceden deforma voluntaria a esta iniciativa y que, coordinadas por un tutor orientador, refuerzan sus competencias, reactualizan o adquieren conocimientos espec\u00edficos, se hacen visibles y colaboran en la consecuci\u00f3n de un fin com\u00fan: &hellip; Continue reading &quot;Grupos Reincorpora-T&quot;\" \/>\n<meta property=\"og:url\" content=\"https:\/\/pacteceramic.es\/va_es\/grupos-reincorpora-t\/\" \/>\n<meta property=\"og:site_name\" content=\"Pacte Cer\u00e0mic\" \/>\n<meta property=\"article:publisher\" content=\"https:\/\/www.facebook.com\/pacteceramic\/\" \/>\n<meta property=\"article:modified_time\" content=\"2025-06-04T07:11:43+00:00\" \/>\n<meta name=\"twitter:card\" content=\"summary_large_image\" \/>\n<meta name=\"twitter:site\" content=\"@pacteceramic\" \/>\n<script type=\"application\/ld+json\" class=\"yoast-schema-graph\">{\"@context\":\"https:\/\/schema.org\",\"@graph\":[{\"@type\":\"WebPage\",\"@id\":\"https:\/\/pacteceramic.es\/grupos-reincorpora-t\/\",\"url\":\"https:\/\/pacteceramic.es\/grupos-reincorpora-t\/\",\"name\":\"Grupos Reincorpora-T - Pacte Cer\u00e0mic\",\"isPartOf\":{\"@id\":\"https:\/\/pacteceramic.es\/es_es\/#website\"},\"datePublished\":\"2023-06-07T14:29:48+00:00\",\"dateModified\":\"2025-06-04T07:11:43+00:00\",\"breadcrumb\":{\"@id\":\"https:\/\/pacteceramic.es\/grupos-reincorpora-t\/#breadcrumb\"},\"inLanguage\":\"va-ES\",\"potentialAction\":[{\"@type\":\"ReadAction\",\"target\":[\"https:\/\/pacteceramic.es\/grupos-reincorpora-t\/\"]}]},{\"@type\":\"BreadcrumbList\",\"@id\":\"https:\/\/pacteceramic.es\/grupos-reincorpora-t\/#breadcrumb\",\"itemListElement\":[{\"@type\":\"ListItem\",\"position\":1,\"name\":\"Portada\",\"item\":\"https:\/\/pacteceramic.es\/\"},{\"@type\":\"ListItem\",\"position\":2,\"name\":\"Grupos Reincorpora-T\"}]},{\"@type\":\"WebSite\",\"@id\":\"https:\/\/pacteceramic.es\/es_es\/#website\",\"url\":\"https:\/\/pacteceramic.es\/es_es\/\",\"name\":\"Pacte Cer\u00e0mic\",\"description\":\"Pacte Cer\u00e0mic\",\"publisher\":{\"@id\":\"https:\/\/pacteceramic.es\/es_es\/#organization\"},\"potentialAction\":[{\"@type\":\"SearchAction\",\"target\":{\"@type\":\"EntryPoint\",\"urlTemplate\":\"https:\/\/pacteceramic.es\/es_es\/?s={search_term_string}\"},\"query-input\":\"required name=search_term_string\"}],\"inLanguage\":\"va-ES\"},{\"@type\":\"Organization\",\"@id\":\"https:\/\/pacteceramic.es\/es_es\/#organization\",\"name\":\"Pacte Cer\u00e0mic\",\"url\":\"https:\/\/pacteceramic.es\/es_es\/\",\"logo\":{\"@type\":\"ImageObject\",\"inLanguage\":\"va-ES\",\"@id\":\"https:\/\/pacteceramic.es\/es_es\/#\/schema\/logo\/image\/\",\"url\":\"https:\/\/pacteceramic.es\/wp-content\/uploads\/2023\/05\/menulogo.png\",\"contentUrl\":\"https:\/\/pacteceramic.es\/wp-content\/uploads\/2023\/05\/menulogo.png\",\"width\":249,\"height\":80,\"caption\":\"Pacte Cer\u00e0mic\"},\"image\":{\"@id\":\"https:\/\/pacteceramic.es\/es_es\/#\/schema\/logo\/image\/\"},\"sameAs\":[\"https:\/\/www.facebook.com\/pacteceramic\/\",\"https:\/\/x.com\/pacteceramic\",\"https:\/\/www.instagram.com\/pacteceramic\/\",\"https:\/\/www.linkedin.com\/company\/pactemunicipisceramics\/\"]}]}<\/script>\n<!-- \/ Yoast SEO plugin. -->","yoast_head_json":{"title":"Grupos Reincorpora-T - Pacte Cer\u00e0mic","robots":{"index":"index","follow":"follow","max-snippet":"max-snippet:-1","max-image-preview":"max-image-preview:large","max-video-preview":"max-video-preview:-1"},"canonical":"https:\/\/pacteceramic.es\/va_es\/grupos-reincorpora-t\/","og_locale":"en_US","og_type":"article","og_title":"Grupos Reincorpora-T - Pacte Cer\u00e0mic","og_description":"Grupos Reactiva-T REACTIVA-T&nbsp;son un equipo heterog\u00e9neo de personas (desempleadas con diferentes perfiles formativos y trayectorias laborales) con esp\u00edritu din\u00e1mico y comprometido que acceden deforma voluntaria a esta iniciativa y que, coordinadas por un tutor orientador, refuerzan sus competencias, reactualizan o adquieren conocimientos espec\u00edficos, se hacen visibles y colaboran en la consecuci\u00f3n de un fin com\u00fan: &hellip; Continue reading \"Grupos Reincorpora-T\"","og_url":"https:\/\/pacteceramic.es\/va_es\/grupos-reincorpora-t\/","og_site_name":"Pacte Cer\u00e0mic","article_publisher":"https:\/\/www.facebook.com\/pacteceramic\/","article_modified_time":"2025-06-04T07:11:43+00:00","twitter_card":"summary_large_image","twitter_site":"@pacteceramic","schema":{"@context":"https:\/\/schema.org","@graph":[{"@type":"WebPage","@id":"https:\/\/pacteceramic.es\/grupos-reincorpora-t\/","url":"https:\/\/pacteceramic.es\/grupos-reincorpora-t\/","name":"Grupos Reincorpora-T - Pacte Cer\u00e0mic","isPartOf":{"@id":"https:\/\/pacteceramic.es\/es_es\/#website"},"datePublished":"2023-06-07T14:29:48+00:00","dateModified":"2025-06-04T07:11:43+00:00","breadcrumb":{"@id":"https:\/\/pacteceramic.es\/grupos-reincorpora-t\/#breadcrumb"},"inLanguage":"va-ES","potentialAction":[{"@type":"ReadAction","target":["https:\/\/pacteceramic.es\/grupos-reincorpora-t\/"]}]},{"@type":"BreadcrumbList","@id":"https:\/\/pacteceramic.es\/grupos-reincorpora-t\/#breadcrumb","itemListElement":[{"@type":"ListItem","position":1,"name":"Portada","item":"https:\/\/pacteceramic.es\/"},{"@type":"ListItem","position":2,"name":"Grupos Reincorpora-T"}]},{"@type":"WebSite","@id":"https:\/\/pacteceramic.es\/es_es\/#website","url":"https:\/\/pacteceramic.es\/es_es\/","name":"Pacte Cer\u00e0mic","description":"Pacte Cer\u00e0mic","publisher":{"@id":"https:\/\/pacteceramic.es\/es_es\/#organization"},"potentialAction":[{"@type":"SearchAction","target":{"@type":"EntryPoint","urlTemplate":"https:\/\/pacteceramic.es\/es_es\/?s={search_term_string}"},"query-input":"required name=search_term_string"}],"inLanguage":"va-ES"},{"@type":"Organization","@id":"https:\/\/pacteceramic.es\/es_es\/#organization","name":"Pacte Cer\u00e0mic","url":"https:\/\/pacteceramic.es\/es_es\/","logo":{"@type":"ImageObject","inLanguage":"va-ES","@id":"https:\/\/pacteceramic.es\/es_es\/#\/schema\/logo\/image\/","url":"https:\/\/pacteceramic.es\/wp-content\/uploads\/2023\/05\/menulogo.png","contentUrl":"https:\/\/pacteceramic.es\/wp-content\/uploads\/2023\/05\/menulogo.png","width":249,"height":80,"caption":"Pacte Cer\u00e0mic"},"image":{"@id":"https:\/\/pacteceramic.es\/es_es\/#\/schema\/logo\/image\/"},"sameAs":["https:\/\/www.facebook.com\/pacteceramic\/","https:\/\/x.com\/pacteceramic","https:\/\/www.instagram.com\/pacteceramic\/","https:\/\/www.linkedin.com\/company\/pactemunicipisceramics\/"]}]}},"_links":{"self":[{"href":"https:\/\/pacteceramic.es\/va_es\/wp-json\/wp\/v2\/pages\/11832","targetHints":{"allow":["GET"]}}],"collection":[{"href":"https:\/\/pacteceramic.es\/va_es\/wp-json\/wp\/v2\/pages"}],"about":[{"href":"https:\/\/pacteceramic.es\/va_es\/wp-json\/wp\/v2\/types\/page"}],"author":[{"embeddable":true,"href":"https:\/\/pacteceramic.es\/va_es\/wp-json\/wp\/v2\/users\/1"}],"replies":[{"embeddable":true,"href":"https:\/\/pacteceramic.es\/va_es\/wp-json\/wp\/v2\/comments?post=11832"}],"version-history":[{"count":8,"href":"https:\/\/pacteceramic.es\/va_es\/wp-json\/wp\/v2\/pages\/11832\/revisions"}],"predecessor-version":[{"id":12509,"href":"https:\/\/pacteceramic.es\/va_es\/wp-json\/wp\/v2\/pages\/11832\/revisions\/12509"}],"wp:attachment":[{"href":"https:\/\/pacteceramic.es\/va_es\/wp-json\/wp\/v2\/media?parent=11832"}],"curies":[{"name":"wp","href":"https:\/\/api.w.org\/{rel}","templated":true}]}}