{"id":11759,"date":"2023-05-17T17:32:13","date_gmt":"2023-05-17T17:32:13","guid":{"rendered":"https:\/\/pacteceramic.es\/?page_id=11759"},"modified":"2023-05-17T17:32:13","modified_gmt":"2023-05-17T17:32:13","slug":"politica-de-privacidad","status":"publish","type":"page","link":"https:\/\/pacteceramic.es\/va_es\/politica-de-privacidad\/","title":{"rendered":"Pol\u00edtica de privacitat"},"content":{"rendered":"<p>Le informamos que los datos personales obtenidos mediante este formulario, as\u00ed como su direcci\u00f3n de correo electr\u00f3nico, han sido incorporados en un fichero del cual es responsable el CONSORCIO GESTOR DEL PACTO TERRITORIAL POR EL EMPLEO DE LOS MUNICIPIOS CER\u00c1MICOS Y SU AREA DE INFLUENCIA DE LA PROVINCIA DE CASTELL\u00d3N, con la finalidad de atender sus consultas y enviarle informaci\u00f3n relacionada con la entidad que pudiera ser de su inter\u00e9s.<\/p>\n<p>el CONSORCIO GESTOR DEL PACTO TERRITORIAL POR EL EMPLEO DE LOS MUNICIPIOS CER\u00c1MICOS Y SU AREA DE INFLUENCIA DE LA PROVINCIA DE CASTELL\u00d3N se compromete a usar los datos recogidos mediante este formulario, \u00fanicamente para la finalidad anteriormente mencionada.<\/p>\n<p>El interesado declara tener conocimiento del destino y uso de los datos personales recogidos mediante la lectura de la presente cl\u00e1usula.<\/p>\n<p>El env\u00edo de este e-mail implica la aceptaci\u00f3n de las cl\u00e1usulas expuestas.<\/p>\n<p>Si desea ejercer los derechos de acceso, rectificaci\u00f3n cancelaci\u00f3n u oposici\u00f3n en los t\u00e9rminos establecidos en la Ley Org\u00e1nica 15\/1999, puede hacerlo a la siguiente direcci\u00f3n CONSORCIO GESTOR DEL PACTO TERRITORIAL POR EL EMPLEO DE LOS MUNICIPIOS CER\u00c1MICOS Y SU AREA DE INFLUENCIA DE LA PROVINCIA DE CASTELL\u00d3N Avda. Corts Valencianes, 23, 2 12110 de L\u2019Alcora.<\/p>","protected":false},"excerpt":{"rendered":"<p>Le informamos que los datos personales obtenidos mediante este formulario, as\u00ed como su direcci\u00f3n de correo electr\u00f3nico, han sido incorporados en un fichero del cual es responsable el CONSORCIO GESTOR DEL PACTO TERRITORIAL POR EL EMPLEO DE LOS MUNICIPIOS CER\u00c1MICOS Y SU AREA DE INFLUENCIA DE LA PROVINCIA DE CASTELL\u00d3N, con la finalidad de atender &hellip; <a href=\"https:\/\/pacteceramic.es\/va_es\/politica-de-privacidad\/\" class=\"more-link\">Continue reading<span class=\"screen-reader-text\"> \u00abPol\u00edtica de privacidad\u00bb<\/span><\/a><\/p>","protected":false},"author":1,"featured_media":0,"parent":0,"menu_order":0,"comment_status":"closed","ping_status":"closed","template":"","meta":{"iawp_total_views":55,"footnotes":""},"class_list":["post-11759","page","type-page","status-publish","hentry"],"yoast_head":"<!-- This site is optimized with the Yoast SEO plugin v23.1 - https:\/\/yoast.com\/wordpress\/plugins\/seo\/ -->\n<title>Pol\u00edtica de privacidad - Pacte Cer\u00e0mic<\/title>\n<meta name=\"robots\" content=\"index, follow, max-snippet:-1, max-image-preview:large, max-video-preview:-1\" \/>\n<link rel=\"canonical\" href=\"http:\/\/pacteceramic.es\/va_es\/politica-de-privacidad\/\" \/>\n<meta property=\"og:locale\" content=\"en_US\" \/>\n<meta property=\"og:type\" content=\"article\" \/>\n<meta property=\"og:title\" content=\"Pol\u00edtica de privacidad - Pacte Cer\u00e0mic\" \/>\n<meta property=\"og:description\" content=\"Le informamos que los datos personales obtenidos mediante este formulario, as\u00ed como su direcci\u00f3n de correo electr\u00f3nico, han sido incorporados en un fichero del cual es responsable el CONSORCIO GESTOR DEL PACTO TERRITORIAL POR EL EMPLEO DE LOS MUNICIPIOS CER\u00c1MICOS Y SU AREA DE INFLUENCIA DE LA PROVINCIA DE CASTELL\u00d3N, con la finalidad de atender &hellip; Continue reading &quot;Pol\u00edtica de privacidad&quot;\" \/>\n<meta property=\"og:url\" content=\"http:\/\/pacteceramic.es\/va_es\/politica-de-privacidad\/\" \/>\n<meta property=\"og:site_name\" content=\"Pacte Cer\u00e0mic\" \/>\n<meta property=\"article:publisher\" content=\"https:\/\/www.facebook.com\/pacteceramic\/\" \/>\n<meta name=\"twitter:card\" content=\"summary_large_image\" \/>\n<meta name=\"twitter:site\" content=\"@pacteceramic\" \/>\n<meta name=\"twitter:label1\" content=\"Est. reading time\" \/>\n\t<meta name=\"twitter:data1\" content=\"1 minute\" \/>\n<script type=\"application\/ld+json\" class=\"yoast-schema-graph\">{\"@context\":\"https:\/\/schema.org\",\"@graph\":[{\"@type\":\"WebPage\",\"@id\":\"http:\/\/pacteceramic.es\/va_es\/politica-de-privacidad\/\",\"url\":\"http:\/\/pacteceramic.es\/va_es\/politica-de-privacidad\/\",\"name\":\"Pol\u00edtica de privacidad - Pacte Cer\u00e0mic\",\"isPartOf\":{\"@id\":\"https:\/\/pacteceramic.es\/es_es\/#website\"},\"datePublished\":\"2023-05-17T17:32:13+00:00\",\"dateModified\":\"2023-05-17T17:32:13+00:00\",\"breadcrumb\":{\"@id\":\"http:\/\/pacteceramic.es\/va_es\/politica-de-privacidad\/#breadcrumb\"},\"inLanguage\":\"va-ES\",\"potentialAction\":[{\"@type\":\"ReadAction\",\"target\":[\"http:\/\/pacteceramic.es\/va_es\/politica-de-privacidad\/\"]}]},{\"@type\":\"BreadcrumbList\",\"@id\":\"http:\/\/pacteceramic.es\/va_es\/politica-de-privacidad\/#breadcrumb\",\"itemListElement\":[{\"@type\":\"ListItem\",\"position\":1,\"name\":\"Portada\",\"item\":\"https:\/\/pacteceramic.es\/\"},{\"@type\":\"ListItem\",\"position\":2,\"name\":\"Pol\u00edtica de privacidad\"}]},{\"@type\":\"WebSite\",\"@id\":\"https:\/\/pacteceramic.es\/es_es\/#website\",\"url\":\"https:\/\/pacteceramic.es\/es_es\/\",\"name\":\"Pacte Cer\u00e0mic\",\"description\":\"Pacte Cer\u00e0mic\",\"publisher\":{\"@id\":\"https:\/\/pacteceramic.es\/es_es\/#organization\"},\"potentialAction\":[{\"@type\":\"SearchAction\",\"target\":{\"@type\":\"EntryPoint\",\"urlTemplate\":\"https:\/\/pacteceramic.es\/es_es\/?s={search_term_string}\"},\"query-input\":\"required name=search_term_string\"}],\"inLanguage\":\"va-ES\"},{\"@type\":\"Organization\",\"@id\":\"https:\/\/pacteceramic.es\/es_es\/#organization\",\"name\":\"Pacte Cer\u00e0mic\",\"url\":\"https:\/\/pacteceramic.es\/es_es\/\",\"logo\":{\"@type\":\"ImageObject\",\"inLanguage\":\"va-ES\",\"@id\":\"https:\/\/pacteceramic.es\/es_es\/#\/schema\/logo\/image\/\",\"url\":\"https:\/\/pacteceramic.es\/wp-content\/uploads\/2023\/05\/menulogo.png\",\"contentUrl\":\"https:\/\/pacteceramic.es\/wp-content\/uploads\/2023\/05\/menulogo.png\",\"width\":249,\"height\":80,\"caption\":\"Pacte Cer\u00e0mic\"},\"image\":{\"@id\":\"https:\/\/pacteceramic.es\/es_es\/#\/schema\/logo\/image\/\"},\"sameAs\":[\"https:\/\/www.facebook.com\/pacteceramic\/\",\"https:\/\/x.com\/pacteceramic\",\"https:\/\/www.instagram.com\/pacteceramic\/\",\"https:\/\/www.linkedin.com\/company\/pactemunicipisceramics\/\"]}]}<\/script>\n<!-- \/ Yoast SEO plugin. -->","yoast_head_json":{"title":"Pol\u00edtica de privacidad - Pacte Cer\u00e0mic","robots":{"index":"index","follow":"follow","max-snippet":"max-snippet:-1","max-image-preview":"max-image-preview:large","max-video-preview":"max-video-preview:-1"},"canonical":"http:\/\/pacteceramic.es\/va_es\/politica-de-privacidad\/","og_locale":"en_US","og_type":"article","og_title":"Pol\u00edtica de privacidad - Pacte Cer\u00e0mic","og_description":"Le informamos que los datos personales obtenidos mediante este formulario, as\u00ed como su direcci\u00f3n de correo electr\u00f3nico, han sido incorporados en un fichero del cual es responsable el CONSORCIO GESTOR DEL PACTO TERRITORIAL POR EL EMPLEO DE LOS MUNICIPIOS CER\u00c1MICOS Y SU AREA DE INFLUENCIA DE LA PROVINCIA DE CASTELL\u00d3N, con la finalidad de atender &hellip; Continue reading \"Pol\u00edtica de privacidad\"","og_url":"http:\/\/pacteceramic.es\/va_es\/politica-de-privacidad\/","og_site_name":"Pacte Cer\u00e0mic","article_publisher":"https:\/\/www.facebook.com\/pacteceramic\/","twitter_card":"summary_large_image","twitter_site":"@pacteceramic","twitter_misc":{"Est. reading time":"1 minute"},"schema":{"@context":"https:\/\/schema.org","@graph":[{"@type":"WebPage","@id":"http:\/\/pacteceramic.es\/va_es\/politica-de-privacidad\/","url":"http:\/\/pacteceramic.es\/va_es\/politica-de-privacidad\/","name":"Pol\u00edtica de privacidad - Pacte Cer\u00e0mic","isPartOf":{"@id":"https:\/\/pacteceramic.es\/es_es\/#website"},"datePublished":"2023-05-17T17:32:13+00:00","dateModified":"2023-05-17T17:32:13+00:00","breadcrumb":{"@id":"http:\/\/pacteceramic.es\/va_es\/politica-de-privacidad\/#breadcrumb"},"inLanguage":"va-ES","potentialAction":[{"@type":"ReadAction","target":["http:\/\/pacteceramic.es\/va_es\/politica-de-privacidad\/"]}]},{"@type":"BreadcrumbList","@id":"http:\/\/pacteceramic.es\/va_es\/politica-de-privacidad\/#breadcrumb","itemListElement":[{"@type":"ListItem","position":1,"name":"Portada","item":"https:\/\/pacteceramic.es\/"},{"@type":"ListItem","position":2,"name":"Pol\u00edtica de privacidad"}]},{"@type":"WebSite","@id":"https:\/\/pacteceramic.es\/es_es\/#website","url":"https:\/\/pacteceramic.es\/es_es\/","name":"Pacte Cer\u00e0mic","description":"Pacte Cer\u00e0mic","publisher":{"@id":"https:\/\/pacteceramic.es\/es_es\/#organization"},"potentialAction":[{"@type":"SearchAction","target":{"@type":"EntryPoint","urlTemplate":"https:\/\/pacteceramic.es\/es_es\/?s={search_term_string}"},"query-input":"required name=search_term_string"}],"inLanguage":"va-ES"},{"@type":"Organization","@id":"https:\/\/pacteceramic.es\/es_es\/#organization","name":"Pacte Cer\u00e0mic","url":"https:\/\/pacteceramic.es\/es_es\/","logo":{"@type":"ImageObject","inLanguage":"va-ES","@id":"https:\/\/pacteceramic.es\/es_es\/#\/schema\/logo\/image\/","url":"https:\/\/pacteceramic.es\/wp-content\/uploads\/2023\/05\/menulogo.png","contentUrl":"https:\/\/pacteceramic.es\/wp-content\/uploads\/2023\/05\/menulogo.png","width":249,"height":80,"caption":"Pacte Cer\u00e0mic"},"image":{"@id":"https:\/\/pacteceramic.es\/es_es\/#\/schema\/logo\/image\/"},"sameAs":["https:\/\/www.facebook.com\/pacteceramic\/","https:\/\/x.com\/pacteceramic","https:\/\/www.instagram.com\/pacteceramic\/","https:\/\/www.linkedin.com\/company\/pactemunicipisceramics\/"]}]}},"_links":{"self":[{"href":"https:\/\/pacteceramic.es\/va_es\/wp-json\/wp\/v2\/pages\/11759","targetHints":{"allow":["GET"]}}],"collection":[{"href":"https:\/\/pacteceramic.es\/va_es\/wp-json\/wp\/v2\/pages"}],"about":[{"href":"https:\/\/pacteceramic.es\/va_es\/wp-json\/wp\/v2\/types\/page"}],"author":[{"embeddable":true,"href":"https:\/\/pacteceramic.es\/va_es\/wp-json\/wp\/v2\/users\/1"}],"replies":[{"embeddable":true,"href":"https:\/\/pacteceramic.es\/va_es\/wp-json\/wp\/v2\/comments?post=11759"}],"version-history":[{"count":1,"href":"https:\/\/pacteceramic.es\/va_es\/wp-json\/wp\/v2\/pages\/11759\/revisions"}],"predecessor-version":[{"id":11760,"href":"https:\/\/pacteceramic.es\/va_es\/wp-json\/wp\/v2\/pages\/11759\/revisions\/11760"}],"wp:attachment":[{"href":"https:\/\/pacteceramic.es\/va_es\/wp-json\/wp\/v2\/media?parent=11759"}],"curies":[{"name":"wp","href":"https:\/\/api.w.org\/{rel}","templated":true}]}}