{"id":78,"date":"2023-05-10T17:12:33","date_gmt":"2023-05-10T17:12:33","guid":{"rendered":"http:\/\/pacteceramic.es\/asesoramiento\/"},"modified":"2026-04-10T12:12:03","modified_gmt":"2026-04-10T12:12:03","slug":"asesoramiento","status":"publish","type":"page","link":"https:\/\/pacteceramic.es\/es_es\/asesoramiento\/","title":{"rendered":"Asesoramiento"},"content":{"rendered":"\n    \n    <section class=\"u-align-center-md u-align-center-sm u-align-center-xs u-clearfix u-section-2\" id=\"sec-a1f8\">\n      <div class=\"u-clearfix u-sheet u-valign-middle-xs u-sheet-1\">\n        <h1 class=\"u-align-center u-text u-text-1\" data-animation-name=\"customAnimationIn\" data-animation-duration=\"1000\">Asesoramiento emprendedores y empresas<\/h1>\n        <p class=\"u-align-left u-text u-text-2\"> Acudiendo a nuestro Servicio de Asesoramiento a Emprendedores y\nEmpresas encontrar\u00e1s respuestas para que tu idea de negocio sea una\nrealidad.&nbsp;<span style=\"font-weight: 700; font-style: italic;\">&nbsp;<br>\n          <\/span>\n          <br>Gu\u00edas sobre ayudas a aut\u00f3nomos y PYMEs:&nbsp; &nbsp;<br>\n        <\/p>\n        <div class=\"u-expanded-width u-list u-list-1\">\n          <div class=\"u-repeater u-repeater-1\">\n            <div class=\"u-container-style u-custom-item u-list-item u-repeater-item\">\n              <div class=\"u-container-layout u-similar-container u-container-layout-1\">\n                <img decoding=\"async\" class=\"u-align-center u-file-link u-image u-image-1\" src=\"https:\/\/pacteceramic.es\/wp-content\/uploads\/2024\/06\/GUIAFICHASAYUDASGRAL-Actualizada-1.png\" data-image-width=\"2481\" data-image-height=\"3508\" data-href=\"https:\/\/pacteceramic.es\/wp-content\/uploads\/2026\/04\/GUIA-FICHAS-AYUDAS-GRAL-Actualizada-web-2026.pdf\" data-target=\"_blank\">\n              <\/div>\n            <\/div>\n          <\/div>\n        <\/div>\n      <\/div>\n    <\/section>\n    <section class=\"u-clearfix u-grey-5 u-section-3\" id=\"sec-4044\">\n      <div class=\"u-clearfix u-sheet u-sheet-1\">\n        <p class=\"u-text u-text-1\"> Ofrecemos informaci\u00f3n de inter\u00e9s para emprendedores y pymes, te\nayudamos a tramitar ayudas, te asesoramos en el proceso de creaci\u00f3n\nde un negocio, tramitamos tu alta ahorr\u00e1ndote costes y\ndesplazamientos\u2026 Nuestro objetivo es poner a tu alcance toda\naquella informaci\u00f3n y herramientas que necesita tu proyecto\nempresarial. Somos uno de los Puntos de Atenci\u00f3n al Emprendedor del\nMinisterio de Industria, Comercio y Turismo, por lo que el servicio\nque prestamos es p\u00fablico y totalmente gratuito.&nbsp;<\/p>\n        <img decoding=\"async\" class=\"u-align-center u-image u-image-default u-image-1\" src=\"https:\/\/pacteceramic.es\/wp-content\/uploads\/2023\/05\/RED_PAE-300x182-1.png\" alt=\"\" data-image-width=\"300\" data-image-height=\"182\" data-target=\"_blank\">\n      <\/div>\n    <\/section>\n    <section class=\"u-align-center-md u-align-center-sm u-align-center-xs u-clearfix u-section-4\" id=\"sec-a54d\">\n      <div class=\"u-clearfix u-sheet u-sheet-1\">\n        <h2 class=\"u-align-center u-text u-text-1\" data-animation-name=\"customAnimationIn\" data-animation-duration=\"1000\">Servicio de transmisi\u00f3n de empresas<\/h2>\n        <img decoding=\"async\" class=\"u-align-center u-image u-image-contain u-image-default u-image-1\" src=\"https:\/\/pacteceramic.es\/wp-content\/uploads\/2026\/02\/logo-PATE-transmisionempresaas.png\" alt=\"\" data-image-width=\"365\" data-image-height=\"130\" data-href=\"https:\/\/transmisionempresas.es\/es-es\">\n        <p class=\"u-align-left u-text u-text-2\"> Recibe acompa\u00f1amiento y asesoramiento para la transmisi\u00f3n de tu negocio de forma segura y profesional. Tambi\u00e9n para personas que est\u00e9n buscando comprar un negocio en marcha.<br>\n        <\/p>\n      <\/div>\n    <\/section>\n    <section class=\"u-align-left u-clearfix u-container-align-left u-section-5\" id=\"sec-8c8f\">\n      <div class=\"u-clearfix u-sheet u-valign-middle u-sheet-1\">\n        <div class=\"fr-view u-clearfix u-rich-text u-text u-text-1\">\n          <p style=\"text-align: center;\">Si est\u00e1s interesado, ponte en contacto con nosotros:&nbsp;<\/p>\n          <p style=\"text-align: center;\">\n            <a class=\"u-active-none u-border-none u-btn u-button-style u-hover-none u-none u-text-palette-1-base u-btn-1\" href=\"mailto:creacionempresas@pacteceramic.es\">creacionempresas@pacteceramic.es&nbsp;<\/a>\n          <\/p>\n          <p style=\"text-align: center;\">Tfno: <a class=\"u-active-none u-border-none u-btn u-button-style u-hover-none u-none u-text-palette-1-base u-btn-2\" href=\"tel:647948588\">647 948 588<\/a>\n          <\/p>\n        <\/div>\n      <\/div>\n    <\/section>\n    \n    \n    \n  \n","protected":false},"excerpt":{"rendered":"<p>Asesoramiento emprendedores y empresas Acudiendo a nuestro Servicio de Asesoramiento a Emprendedores y Empresas encontrar\u00e1s respuestas para que tu idea de negocio sea una realidad.&nbsp;&nbsp; Gu\u00edas sobre ayudas a aut\u00f3nomos y PYMEs:&nbsp; &nbsp; Ofrecemos informaci\u00f3n de inter\u00e9s para emprendedores y pymes, te ayudamos a tramitar ayudas, te asesoramos en el proceso de creaci\u00f3n de un &hellip; <a href=\"https:\/\/pacteceramic.es\/es_es\/asesoramiento\/\" class=\"more-link\">Continue reading<span class=\"screen-reader-text\"> \u00abAsesoramiento\u00bb<\/span><\/a><\/p>\n","protected":false},"author":1,"featured_media":0,"parent":0,"menu_order":6,"comment_status":"closed","ping_status":"closed","template":"","meta":{"iawp_total_views":590,"footnotes":""},"class_list":["post-78","page","type-page","status-publish","hentry"],"yoast_head":"<!-- This site is optimized with the Yoast SEO plugin v23.1 - https:\/\/yoast.com\/wordpress\/plugins\/seo\/ -->\n<title>Asesoramiento - Pacte Cer\u00e0mic<\/title>\n<meta name=\"robots\" content=\"index, follow, max-snippet:-1, max-image-preview:large, max-video-preview:-1\" \/>\n<link rel=\"canonical\" href=\"https:\/\/pacteceramic.es\/es_es\/asesoramiento\/\" \/>\n<meta property=\"og:locale\" content=\"es_ES\" \/>\n<meta property=\"og:type\" content=\"article\" \/>\n<meta property=\"og:title\" content=\"Asesoramiento - Pacte Cer\u00e0mic\" \/>\n<meta property=\"og:description\" content=\"Asesoramiento emprendedores y empresas Acudiendo a nuestro Servicio de Asesoramiento a Emprendedores y Empresas encontrar\u00e1s respuestas para que tu idea de negocio sea una realidad.&nbsp;&nbsp; Gu\u00edas sobre ayudas a aut\u00f3nomos y PYMEs:&nbsp; &nbsp; Ofrecemos informaci\u00f3n de inter\u00e9s para emprendedores y pymes, te ayudamos a tramitar ayudas, te asesoramos en el proceso de creaci\u00f3n de un &hellip; Continue reading &quot;Asesoramiento&quot;\" \/>\n<meta property=\"og:url\" content=\"https:\/\/pacteceramic.es\/es_es\/asesoramiento\/\" \/>\n<meta property=\"og:site_name\" content=\"Pacte Cer\u00e0mic\" \/>\n<meta property=\"article:publisher\" content=\"https:\/\/www.facebook.com\/pacteceramic\/\" \/>\n<meta property=\"article:modified_time\" content=\"2026-04-10T12:12:03+00:00\" \/>\n<meta name=\"twitter:card\" content=\"summary_large_image\" \/>\n<meta name=\"twitter:site\" content=\"@pacteceramic\" \/>\n<meta name=\"twitter:label1\" content=\"Tiempo de lectura\" \/>\n\t<meta name=\"twitter:data1\" content=\"1 minuto\" \/>\n<script type=\"application\/ld+json\" class=\"yoast-schema-graph\">{\"@context\":\"https:\/\/schema.org\",\"@graph\":[{\"@type\":\"WebPage\",\"@id\":\"https:\/\/pacteceramic.es\/asesoramiento\/\",\"url\":\"https:\/\/pacteceramic.es\/asesoramiento\/\",\"name\":\"Asesoramiento - Pacte Cer\u00e0mic\",\"isPartOf\":{\"@id\":\"https:\/\/pacteceramic.es\/es_es\/#website\"},\"datePublished\":\"2023-05-10T17:12:33+00:00\",\"dateModified\":\"2026-04-10T12:12:03+00:00\",\"breadcrumb\":{\"@id\":\"https:\/\/pacteceramic.es\/asesoramiento\/#breadcrumb\"},\"inLanguage\":\"es\",\"potentialAction\":[{\"@type\":\"ReadAction\",\"target\":[\"https:\/\/pacteceramic.es\/asesoramiento\/\"]}]},{\"@type\":\"BreadcrumbList\",\"@id\":\"https:\/\/pacteceramic.es\/asesoramiento\/#breadcrumb\",\"itemListElement\":[{\"@type\":\"ListItem\",\"position\":1,\"name\":\"Portada\",\"item\":\"https:\/\/pacteceramic.es\/\"},{\"@type\":\"ListItem\",\"position\":2,\"name\":\"Asesoramiento\"}]},{\"@type\":\"WebSite\",\"@id\":\"https:\/\/pacteceramic.es\/es_es\/#website\",\"url\":\"https:\/\/pacteceramic.es\/es_es\/\",\"name\":\"Pacte Cer\u00e0mic\",\"description\":\"Pacte Cer\u00e0mic\",\"publisher\":{\"@id\":\"https:\/\/pacteceramic.es\/es_es\/#organization\"},\"potentialAction\":[{\"@type\":\"SearchAction\",\"target\":{\"@type\":\"EntryPoint\",\"urlTemplate\":\"https:\/\/pacteceramic.es\/es_es\/?s={search_term_string}\"},\"query-input\":\"required name=search_term_string\"}],\"inLanguage\":\"es\"},{\"@type\":\"Organization\",\"@id\":\"https:\/\/pacteceramic.es\/es_es\/#organization\",\"name\":\"Pacte Cer\u00e0mic\",\"url\":\"https:\/\/pacteceramic.es\/es_es\/\",\"logo\":{\"@type\":\"ImageObject\",\"inLanguage\":\"es\",\"@id\":\"https:\/\/pacteceramic.es\/es_es\/#\/schema\/logo\/image\/\",\"url\":\"https:\/\/pacteceramic.es\/wp-content\/uploads\/2023\/05\/menulogo.png\",\"contentUrl\":\"https:\/\/pacteceramic.es\/wp-content\/uploads\/2023\/05\/menulogo.png\",\"width\":249,\"height\":80,\"caption\":\"Pacte Cer\u00e0mic\"},\"image\":{\"@id\":\"https:\/\/pacteceramic.es\/es_es\/#\/schema\/logo\/image\/\"},\"sameAs\":[\"https:\/\/www.facebook.com\/pacteceramic\/\",\"https:\/\/x.com\/pacteceramic\",\"https:\/\/www.instagram.com\/pacteceramic\/\",\"https:\/\/www.linkedin.com\/company\/pactemunicipisceramics\/\"]}]}<\/script>\n<!-- \/ Yoast SEO plugin. -->","yoast_head_json":{"title":"Asesoramiento - Pacte Cer\u00e0mic","robots":{"index":"index","follow":"follow","max-snippet":"max-snippet:-1","max-image-preview":"max-image-preview:large","max-video-preview":"max-video-preview:-1"},"canonical":"https:\/\/pacteceramic.es\/es_es\/asesoramiento\/","og_locale":"es_ES","og_type":"article","og_title":"Asesoramiento - Pacte Cer\u00e0mic","og_description":"Asesoramiento emprendedores y empresas Acudiendo a nuestro Servicio de Asesoramiento a Emprendedores y Empresas encontrar\u00e1s respuestas para que tu idea de negocio sea una realidad.&nbsp;&nbsp; Gu\u00edas sobre ayudas a aut\u00f3nomos y PYMEs:&nbsp; &nbsp; Ofrecemos informaci\u00f3n de inter\u00e9s para emprendedores y pymes, te ayudamos a tramitar ayudas, te asesoramos en el proceso de creaci\u00f3n de un &hellip; Continue reading \"Asesoramiento\"","og_url":"https:\/\/pacteceramic.es\/es_es\/asesoramiento\/","og_site_name":"Pacte Cer\u00e0mic","article_publisher":"https:\/\/www.facebook.com\/pacteceramic\/","article_modified_time":"2026-04-10T12:12:03+00:00","twitter_card":"summary_large_image","twitter_site":"@pacteceramic","twitter_misc":{"Tiempo de lectura":"1 minuto"},"schema":{"@context":"https:\/\/schema.org","@graph":[{"@type":"WebPage","@id":"https:\/\/pacteceramic.es\/asesoramiento\/","url":"https:\/\/pacteceramic.es\/asesoramiento\/","name":"Asesoramiento - Pacte Cer\u00e0mic","isPartOf":{"@id":"https:\/\/pacteceramic.es\/es_es\/#website"},"datePublished":"2023-05-10T17:12:33+00:00","dateModified":"2026-04-10T12:12:03+00:00","breadcrumb":{"@id":"https:\/\/pacteceramic.es\/asesoramiento\/#breadcrumb"},"inLanguage":"es","potentialAction":[{"@type":"ReadAction","target":["https:\/\/pacteceramic.es\/asesoramiento\/"]}]},{"@type":"BreadcrumbList","@id":"https:\/\/pacteceramic.es\/asesoramiento\/#breadcrumb","itemListElement":[{"@type":"ListItem","position":1,"name":"Portada","item":"https:\/\/pacteceramic.es\/"},{"@type":"ListItem","position":2,"name":"Asesoramiento"}]},{"@type":"WebSite","@id":"https:\/\/pacteceramic.es\/es_es\/#website","url":"https:\/\/pacteceramic.es\/es_es\/","name":"Pacte Cer\u00e0mic","description":"Pacte Cer\u00e0mic","publisher":{"@id":"https:\/\/pacteceramic.es\/es_es\/#organization"},"potentialAction":[{"@type":"SearchAction","target":{"@type":"EntryPoint","urlTemplate":"https:\/\/pacteceramic.es\/es_es\/?s={search_term_string}"},"query-input":"required name=search_term_string"}],"inLanguage":"es"},{"@type":"Organization","@id":"https:\/\/pacteceramic.es\/es_es\/#organization","name":"Pacte Cer\u00e0mic","url":"https:\/\/pacteceramic.es\/es_es\/","logo":{"@type":"ImageObject","inLanguage":"es","@id":"https:\/\/pacteceramic.es\/es_es\/#\/schema\/logo\/image\/","url":"https:\/\/pacteceramic.es\/wp-content\/uploads\/2023\/05\/menulogo.png","contentUrl":"https:\/\/pacteceramic.es\/wp-content\/uploads\/2023\/05\/menulogo.png","width":249,"height":80,"caption":"Pacte Cer\u00e0mic"},"image":{"@id":"https:\/\/pacteceramic.es\/es_es\/#\/schema\/logo\/image\/"},"sameAs":["https:\/\/www.facebook.com\/pacteceramic\/","https:\/\/x.com\/pacteceramic","https:\/\/www.instagram.com\/pacteceramic\/","https:\/\/www.linkedin.com\/company\/pactemunicipisceramics\/"]}]}},"_links":{"self":[{"href":"https:\/\/pacteceramic.es\/es_es\/wp-json\/wp\/v2\/pages\/78","targetHints":{"allow":["GET"]}}],"collection":[{"href":"https:\/\/pacteceramic.es\/es_es\/wp-json\/wp\/v2\/pages"}],"about":[{"href":"https:\/\/pacteceramic.es\/es_es\/wp-json\/wp\/v2\/types\/page"}],"author":[{"embeddable":true,"href":"https:\/\/pacteceramic.es\/es_es\/wp-json\/wp\/v2\/users\/1"}],"replies":[{"embeddable":true,"href":"https:\/\/pacteceramic.es\/es_es\/wp-json\/wp\/v2\/comments?post=78"}],"version-history":[{"count":7,"href":"https:\/\/pacteceramic.es\/es_es\/wp-json\/wp\/v2\/pages\/78\/revisions"}],"predecessor-version":[{"id":12591,"href":"https:\/\/pacteceramic.es\/es_es\/wp-json\/wp\/v2\/pages\/78\/revisions\/12591"}],"wp:attachment":[{"href":"https:\/\/pacteceramic.es\/es_es\/wp-json\/wp\/v2\/media?parent=78"}],"curies":[{"name":"wp","href":"https:\/\/api.w.org\/{rel}","templated":true}]}}