{"id":75,"date":"2023-05-10T17:12:30","date_gmt":"2023-05-10T17:12:30","guid":{"rendered":"http:\/\/pacteceramic.es\/sector-ceramico\/"},"modified":"2025-01-28T11:47:08","modified_gmt":"2025-01-28T11:47:08","slug":"sector-ceramico","status":"publish","type":"page","link":"https:\/\/pacteceramic.es\/es_es\/sector-ceramico\/","title":{"rendered":"Sector cer\u00e1mico"},"content":{"rendered":"\n    \n    <section class=\"u-align-left u-clearfix u-section-2\" id=\"sec-a44e\">\n      <div class=\"u-clearfix u-sheet u-sheet-1\">\n        <div class=\"fr-view u-clearfix u-rich-text u-text u-text-1\" data-animation-name=\"customAnimationIn\" data-animation-duration=\"1000\">\n          <h1 style=\"text-align: left;\">Sector cer\u00e1mico<\/h1>\n        <\/div>\n      <\/div>\n    <\/section>\n    <section class=\"u-align-left u-clearfix u-section-3\" id=\"sec-1aea\">\n      <div class=\"u-clearfix u-sheet u-sheet-1\">\n        <div class=\"fr-view u-clearfix u-rich-text u-text u-text-1\">\n          <p id=\"isPasted\">La formaci\u00f3n continua es clave en las empresas del sector cer\u00e1mico por ello el Consorcio ofrecer\u00e1 una formaci\u00f3n a la carta a las empresas (en sus instalaciones, adaptada a sus necesidades reales del d\u00eda a d\u00eda) que reconocen la necesidad de formaci\u00f3n de su capital humano, de este modo se ofrecer\u00e1 formaci\u00f3n a todos aquellos trabajadores que valoren la formaci\u00f3n constante como medio para mejorar en el entorno laboral y profesional.<\/p>\n          <p>De esta forma, queremos apoyar &nbsp;a los trabajadores del sector de la industria cer\u00e1mica que necesiten actualizar conocimientos para mejorar sus competencias y cualificaciones profesionales, dando respuesta a las necesidades espec\u00edficas de las empresas, favoreciendo el reciclaje de sus trabajadores y mejorando a su vez el entorno laboral y profesional.<\/p>\n        <\/div>\n      <\/div>\n    <\/section>\n    <section class=\"u-align-left u-clearfix u-section-4\" id=\"sec-e94a\">\n      <div class=\"u-clearfix u-sheet u-sheet-1\">\n        <div class=\"fr-view u-clearfix u-rich-text u-text u-text-1\">\n          <p id=\"isPasted\" style=\"text-align: center;\">Si est\u00e1s interesado, ponte en contacto con nosotros:<\/p>\n          <p style=\"text-align: center;\">\n            <a class=\"u-active-none u-border-none u-btn u-button-style u-hover-none u-none u-text-palette-1-base u-btn-1\" href=\"mailto:formacion@pacteceramic.es\">formacion@pacteceramic.es<\/a>\n          <\/p>\n          <p style=\"text-align: center;\">Tel\u00e9fono: <a class=\"u-active-none u-border-none u-btn u-button-style u-hover-none u-none u-text-palette-1-base u-btn-2\" href=\"tel:610321875\">610 321 875<\/a>\n          <\/p>\n        <\/div>\n      <\/div>\n    <\/section>\n    \n    \n    \n  \n","protected":false},"excerpt":{"rendered":"<p>Sector cer\u00e1mico La formaci\u00f3n continua es clave en las empresas del sector cer\u00e1mico por ello el Consorcio ofrecer\u00e1 una formaci\u00f3n a la carta a las empresas (en sus instalaciones, adaptada a sus necesidades reales del d\u00eda a d\u00eda) que reconocen la necesidad de formaci\u00f3n de su capital humano, de este modo se ofrecer\u00e1 formaci\u00f3n a &hellip; <a href=\"https:\/\/pacteceramic.es\/es_es\/sector-ceramico\/\" class=\"more-link\">Continue reading<span class=\"screen-reader-text\"> \u00abSector cer\u00e1mico\u00bb<\/span><\/a><\/p>\n","protected":false},"author":1,"featured_media":0,"parent":0,"menu_order":3,"comment_status":"closed","ping_status":"closed","template":"","meta":{"iawp_total_views":465,"footnotes":""},"class_list":["post-75","page","type-page","status-publish","hentry"],"yoast_head":"<!-- This site is optimized with the Yoast SEO plugin v23.1 - https:\/\/yoast.com\/wordpress\/plugins\/seo\/ -->\n<title>Sector cer\u00e1mico - Pacte Cer\u00e0mic<\/title>\n<meta name=\"robots\" content=\"index, follow, max-snippet:-1, max-image-preview:large, max-video-preview:-1\" \/>\n<link rel=\"canonical\" href=\"https:\/\/pacteceramic.es\/es_es\/sector-ceramico\/\" \/>\n<meta property=\"og:locale\" content=\"es_ES\" \/>\n<meta property=\"og:type\" content=\"article\" \/>\n<meta property=\"og:title\" content=\"Sector cer\u00e1mico - Pacte Cer\u00e0mic\" \/>\n<meta property=\"og:description\" content=\"Sector cer\u00e1mico La formaci\u00f3n continua es clave en las empresas del sector cer\u00e1mico por ello el Consorcio ofrecer\u00e1 una formaci\u00f3n a la carta a las empresas (en sus instalaciones, adaptada a sus necesidades reales del d\u00eda a d\u00eda) que reconocen la necesidad de formaci\u00f3n de su capital humano, de este modo se ofrecer\u00e1 formaci\u00f3n a &hellip; Continue reading &quot;Sector cer\u00e1mico&quot;\" \/>\n<meta property=\"og:url\" content=\"https:\/\/pacteceramic.es\/es_es\/sector-ceramico\/\" \/>\n<meta property=\"og:site_name\" content=\"Pacte Cer\u00e0mic\" \/>\n<meta property=\"article:publisher\" content=\"https:\/\/www.facebook.com\/pacteceramic\/\" \/>\n<meta property=\"article:modified_time\" content=\"2025-01-28T11:47:08+00:00\" \/>\n<meta name=\"twitter:card\" content=\"summary_large_image\" \/>\n<meta name=\"twitter:site\" content=\"@pacteceramic\" \/>\n<meta name=\"twitter:label1\" content=\"Tiempo de lectura\" \/>\n\t<meta name=\"twitter:data1\" content=\"1 minuto\" \/>\n<script type=\"application\/ld+json\" class=\"yoast-schema-graph\">{\"@context\":\"https:\/\/schema.org\",\"@graph\":[{\"@type\":\"WebPage\",\"@id\":\"https:\/\/pacteceramic.es\/sector-ceramico\/\",\"url\":\"https:\/\/pacteceramic.es\/sector-ceramico\/\",\"name\":\"Sector cer\u00e1mico - Pacte Cer\u00e0mic\",\"isPartOf\":{\"@id\":\"https:\/\/pacteceramic.es\/es_es\/#website\"},\"datePublished\":\"2023-05-10T17:12:30+00:00\",\"dateModified\":\"2025-01-28T11:47:08+00:00\",\"breadcrumb\":{\"@id\":\"https:\/\/pacteceramic.es\/sector-ceramico\/#breadcrumb\"},\"inLanguage\":\"es\",\"potentialAction\":[{\"@type\":\"ReadAction\",\"target\":[\"https:\/\/pacteceramic.es\/sector-ceramico\/\"]}]},{\"@type\":\"BreadcrumbList\",\"@id\":\"https:\/\/pacteceramic.es\/sector-ceramico\/#breadcrumb\",\"itemListElement\":[{\"@type\":\"ListItem\",\"position\":1,\"name\":\"Portada\",\"item\":\"https:\/\/pacteceramic.es\/\"},{\"@type\":\"ListItem\",\"position\":2,\"name\":\"Sector cer\u00e1mico\"}]},{\"@type\":\"WebSite\",\"@id\":\"https:\/\/pacteceramic.es\/es_es\/#website\",\"url\":\"https:\/\/pacteceramic.es\/es_es\/\",\"name\":\"Pacte Cer\u00e0mic\",\"description\":\"Pacte Cer\u00e0mic\",\"publisher\":{\"@id\":\"https:\/\/pacteceramic.es\/es_es\/#organization\"},\"potentialAction\":[{\"@type\":\"SearchAction\",\"target\":{\"@type\":\"EntryPoint\",\"urlTemplate\":\"https:\/\/pacteceramic.es\/es_es\/?s={search_term_string}\"},\"query-input\":\"required name=search_term_string\"}],\"inLanguage\":\"es\"},{\"@type\":\"Organization\",\"@id\":\"https:\/\/pacteceramic.es\/es_es\/#organization\",\"name\":\"Pacte Cer\u00e0mic\",\"url\":\"https:\/\/pacteceramic.es\/es_es\/\",\"logo\":{\"@type\":\"ImageObject\",\"inLanguage\":\"es\",\"@id\":\"https:\/\/pacteceramic.es\/es_es\/#\/schema\/logo\/image\/\",\"url\":\"https:\/\/pacteceramic.es\/wp-content\/uploads\/2023\/05\/menulogo.png\",\"contentUrl\":\"https:\/\/pacteceramic.es\/wp-content\/uploads\/2023\/05\/menulogo.png\",\"width\":249,\"height\":80,\"caption\":\"Pacte Cer\u00e0mic\"},\"image\":{\"@id\":\"https:\/\/pacteceramic.es\/es_es\/#\/schema\/logo\/image\/\"},\"sameAs\":[\"https:\/\/www.facebook.com\/pacteceramic\/\",\"https:\/\/x.com\/pacteceramic\",\"https:\/\/www.instagram.com\/pacteceramic\/\",\"https:\/\/www.linkedin.com\/company\/pactemunicipisceramics\/\"]}]}<\/script>\n<!-- \/ Yoast SEO plugin. -->","yoast_head_json":{"title":"Sector cer\u00e1mico - Pacte Cer\u00e0mic","robots":{"index":"index","follow":"follow","max-snippet":"max-snippet:-1","max-image-preview":"max-image-preview:large","max-video-preview":"max-video-preview:-1"},"canonical":"https:\/\/pacteceramic.es\/es_es\/sector-ceramico\/","og_locale":"es_ES","og_type":"article","og_title":"Sector cer\u00e1mico - Pacte Cer\u00e0mic","og_description":"Sector cer\u00e1mico La formaci\u00f3n continua es clave en las empresas del sector cer\u00e1mico por ello el Consorcio ofrecer\u00e1 una formaci\u00f3n a la carta a las empresas (en sus instalaciones, adaptada a sus necesidades reales del d\u00eda a d\u00eda) que reconocen la necesidad de formaci\u00f3n de su capital humano, de este modo se ofrecer\u00e1 formaci\u00f3n a &hellip; Continue reading \"Sector cer\u00e1mico\"","og_url":"https:\/\/pacteceramic.es\/es_es\/sector-ceramico\/","og_site_name":"Pacte Cer\u00e0mic","article_publisher":"https:\/\/www.facebook.com\/pacteceramic\/","article_modified_time":"2025-01-28T11:47:08+00:00","twitter_card":"summary_large_image","twitter_site":"@pacteceramic","twitter_misc":{"Tiempo de lectura":"1 minuto"},"schema":{"@context":"https:\/\/schema.org","@graph":[{"@type":"WebPage","@id":"https:\/\/pacteceramic.es\/sector-ceramico\/","url":"https:\/\/pacteceramic.es\/sector-ceramico\/","name":"Sector cer\u00e1mico - Pacte Cer\u00e0mic","isPartOf":{"@id":"https:\/\/pacteceramic.es\/es_es\/#website"},"datePublished":"2023-05-10T17:12:30+00:00","dateModified":"2025-01-28T11:47:08+00:00","breadcrumb":{"@id":"https:\/\/pacteceramic.es\/sector-ceramico\/#breadcrumb"},"inLanguage":"es","potentialAction":[{"@type":"ReadAction","target":["https:\/\/pacteceramic.es\/sector-ceramico\/"]}]},{"@type":"BreadcrumbList","@id":"https:\/\/pacteceramic.es\/sector-ceramico\/#breadcrumb","itemListElement":[{"@type":"ListItem","position":1,"name":"Portada","item":"https:\/\/pacteceramic.es\/"},{"@type":"ListItem","position":2,"name":"Sector cer\u00e1mico"}]},{"@type":"WebSite","@id":"https:\/\/pacteceramic.es\/es_es\/#website","url":"https:\/\/pacteceramic.es\/es_es\/","name":"Pacte Cer\u00e0mic","description":"Pacte Cer\u00e0mic","publisher":{"@id":"https:\/\/pacteceramic.es\/es_es\/#organization"},"potentialAction":[{"@type":"SearchAction","target":{"@type":"EntryPoint","urlTemplate":"https:\/\/pacteceramic.es\/es_es\/?s={search_term_string}"},"query-input":"required name=search_term_string"}],"inLanguage":"es"},{"@type":"Organization","@id":"https:\/\/pacteceramic.es\/es_es\/#organization","name":"Pacte Cer\u00e0mic","url":"https:\/\/pacteceramic.es\/es_es\/","logo":{"@type":"ImageObject","inLanguage":"es","@id":"https:\/\/pacteceramic.es\/es_es\/#\/schema\/logo\/image\/","url":"https:\/\/pacteceramic.es\/wp-content\/uploads\/2023\/05\/menulogo.png","contentUrl":"https:\/\/pacteceramic.es\/wp-content\/uploads\/2023\/05\/menulogo.png","width":249,"height":80,"caption":"Pacte Cer\u00e0mic"},"image":{"@id":"https:\/\/pacteceramic.es\/es_es\/#\/schema\/logo\/image\/"},"sameAs":["https:\/\/www.facebook.com\/pacteceramic\/","https:\/\/x.com\/pacteceramic","https:\/\/www.instagram.com\/pacteceramic\/","https:\/\/www.linkedin.com\/company\/pactemunicipisceramics\/"]}]}},"_links":{"self":[{"href":"https:\/\/pacteceramic.es\/es_es\/wp-json\/wp\/v2\/pages\/75","targetHints":{"allow":["GET"]}}],"collection":[{"href":"https:\/\/pacteceramic.es\/es_es\/wp-json\/wp\/v2\/pages"}],"about":[{"href":"https:\/\/pacteceramic.es\/es_es\/wp-json\/wp\/v2\/types\/page"}],"author":[{"embeddable":true,"href":"https:\/\/pacteceramic.es\/es_es\/wp-json\/wp\/v2\/users\/1"}],"replies":[{"embeddable":true,"href":"https:\/\/pacteceramic.es\/es_es\/wp-json\/wp\/v2\/comments?post=75"}],"version-history":[{"count":5,"href":"https:\/\/pacteceramic.es\/es_es\/wp-json\/wp\/v2\/pages\/75\/revisions"}],"predecessor-version":[{"id":12294,"href":"https:\/\/pacteceramic.es\/es_es\/wp-json\/wp\/v2\/pages\/75\/revisions\/12294"}],"wp:attachment":[{"href":"https:\/\/pacteceramic.es\/es_es\/wp-json\/wp\/v2\/media?parent=75"}],"curies":[{"name":"wp","href":"https:\/\/api.w.org\/{rel}","templated":true}]}}