{"id":74,"date":"2023-05-10T17:12:29","date_gmt":"2023-05-10T17:12:29","guid":{"rendered":"http:\/\/pacteceramic.es\/formacion\/"},"modified":"2025-01-28T11:44:16","modified_gmt":"2025-01-28T11:44:16","slug":"talleres-formativos","status":"publish","type":"page","link":"https:\/\/pacteceramic.es\/es_es\/talleres-formativos\/","title":{"rendered":"Talleres formativos"},"content":{"rendered":"\n    \n    <section class=\"u-clearfix u-container-align-left u-section-2\" id=\"sec-f706\">\n      <div class=\"u-clearfix u-sheet u-sheet-1\">\n        <h1 class=\"u-align-left u-text u-text-1\" data-animation-name=\"customAnimationIn\" data-animation-duration=\"1000\"> Talleres formativos<\/h1>\n        <p class=\"u-align-left u-large-text u-text u-text-variant u-text-2\" data-animation-out=\"0\"> En el \u00e1rea de <span style=\"font-style: italic;\">formaci\u00f3n<\/span> se ofrecer\u00e1n las siguientes acciones\nformativas: \n        <\/p>\n        <div class=\"data-layout-selected u-clearfix u-expanded-width u-gutter-20 u-layout-wrap u-layout-wrap-1\">\n          <div class=\"u-layout\">\n            <div class=\"u-layout-row\">\n              <div class=\"u-container-align-left u-container-style u-layout-cell u-size-30 u-layout-cell-1\">\n                <div class=\"u-container-layout u-valign-top u-container-layout-1\">\n                  <div class=\"u-expanded-width u-list u-list-1\">\n                    <div class=\"u-repeater u-repeater-1\">\n                      <div class=\"u-container-align-left u-container-style u-list-item u-repeater-item\">\n                        <div class=\"u-container-layout u-similar-container u-valign-top u-container-layout-2\">\n                          <h5 class=\"u-align-left u-text u-text-default u-text-3\"> Talleres redes sociales<\/h5>\n                          <p class=\"u-align-left u-text u-text-default u-text-4\"> Se organizaran talleres en los municipios del territorio dirigidos a\nla ciudadan\u00eda en general donde se ofrecer\u00e1n las herramientas\nnecesarias para que los ciudadanos aprendan a manejar y desenvolverse\nen este entorno virtual. Las redes sociales son a d\u00eda de hoy uno de\nlos medios m\u00e1s importantes para la comunicaci\u00f3n no solo en el\n\u00e1mbito del ocio, sino que tambi\u00e9n son una importante herramienta de\nb\u00fasqueda de trabajo.<\/p>\n                        <\/div>\n                      <\/div>\n                      <div class=\"u-container-align-left u-container-style u-list-item u-repeater-item\">\n                        <div class=\"u-container-layout u-similar-container u-valign-top u-container-layout-3\">\n                          <h5 class=\"u-align-left u-text u-text-default u-text-5\">Talleres certificado digital<\/h5>\n                          <p class=\"u-align-left u-text u-text-default u-text-6\"> Se organizaran talleres en los municipios del territorio dirigidos a\nla ciudadan\u00eda en general donde se ofrecer\u00e1n las herramientas\nnecesarias para la adquisici\u00f3n de destrezas digitales \u00fatiles para\nel d\u00eda a d\u00eda del ciudadano de manera pr\u00e1ctica y sencilla. <\/p>\n                        <\/div>\n                      <\/div>\n                      <div class=\"u-container-align-left u-container-style u-list-item u-repeater-item\">\n                        <div class=\"u-container-layout u-similar-container u-valign-top u-container-layout-4\">\n                          <h5 class=\"u-align-left u-text u-text-default u-text-7\">Talleres alfabetizaci\u00f3n inform\u00e1tica<\/h5>\n                          <p class=\"u-align-left u-text u-text-default u-text-8\"> Se organizaran talleres en los municipios del territorio dirigidos a\nla ciudadan\u00eda en general donde se ofrecer\u00e1n las herramientas\nb\u00e1sicas para la adquisici\u00f3n de conocimientos inform\u00e1ticos b\u00e1sicos\ny  favorecer la integraci\u00f3n tecnol\u00f3gica. <\/p>\n                        <\/div>\n                      <\/div>\n                    <\/div>\n                  <\/div>\n                <\/div>\n              <\/div>\n              <div class=\"u-container-align-left u-container-style u-layout-cell u-size-30 u-layout-cell-2\">\n                <div class=\"u-container-layout u-valign-top u-container-layout-5\">\n                  <div class=\"u-expanded-width u-list u-list-2\">\n                    <div class=\"u-repeater u-repeater-2\">\n                      <div class=\"u-container-align-left u-container-style u-list-item u-repeater-item\">\n                        <div class=\"u-container-layout u-similar-container u-valign-top u-container-layout-6\">\n                          <h5 class=\"u-align-left u-custom-item u-text u-text-default u-text-9\">Talleres procesador de texto<\/h5>\n                          <p class=\"u-align-left u-custom-item u-text u-text-default u-text-10\"> Se organizaran talleres en los municipios del territorio dirigidos a\nla ciudadan\u00eda en general donde se ofrecer\u00e1n las herramientas\nb\u00e1sicas para la adquisici\u00f3n de conocimientos b\u00e1sicos de la\nherramienta Word, para crear y modificar de manera eficiente\ndocumentos, algo imprescindible tanto para la vida personal como\nprofesional. <\/p>\n                        <\/div>\n                      <\/div>\n                      <div class=\"u-container-align-left u-container-style u-list-item u-repeater-item\">\n                        <div class=\"u-container-layout u-similar-container u-valign-top u-container-layout-7\">\n                          <h5 class=\"u-align-left u-custom-item u-text u-text-default u-text-11\">Talleres procesador de presentaciones<\/h5>\n                          <p class=\"u-align-left u-custom-item u-text u-text-default u-text-12\"> Se organizaran talleres en los municipios del territorio dirigidos a\nla ciudadan\u00eda en general donde se ofrecer\u00e1n las herramientas\nb\u00e1sicas para la adquisici\u00f3n de conocimientos b\u00e1sicos en el manejo\ndel programa PowerPoint. <\/p>\n                        <\/div>\n                      <\/div>\n                      <div class=\"u-container-align-left u-container-style u-list-item u-repeater-item\">\n                        <div class=\"u-container-layout u-similar-container u-valign-top u-container-layout-8\">\n                          <h5 class=\"u-align-left u-custom-item u-text u-text-default u-text-13\">Talleres procesador de datos<\/h5>\n                          <p class=\"u-align-left u-custom-item u-text u-text-default u-text-14\"> Se organizaran talleres en los municipios del territorio dirigidos a\nla ciudadan\u00eda en general donde se ofrecer\u00e1n las herramientas\nb\u00e1sicas para la adquisici\u00f3n de conocimientos b\u00e1sicos en el manejo\nde una hoja de c\u00e1lculo.<\/p>\n                        <\/div>\n                      <\/div>\n                    <\/div>\n                  <\/div>\n                <\/div>\n              <\/div>\n            <\/div>\n          <\/div>\n        <\/div>\n        <div class=\"fr-view u-clearfix u-rich-text u-text u-text-15\">\n          <p id=\"isPasted\" style=\"text-align: center;\">\n            <span style=\"font-weight: 700;\">Si est\u00e1s interesado ponte en contacto con nosotros al correo electr\u00f3nico:<\/span>\n          <\/p>\n          <p style=\"text-align: center;\">\n            <a class=\"u-active-none u-border-none u-btn u-button-style u-hover-none u-none u-text-palette-1-base u-btn-1\" href=\"mailto:creacionempresas@pacteceramic.es\">creacionempresas@pacteceramic.es&nbsp;<\/a>\n          <\/p>\n          <p style=\"text-align: center;\">Tel\u00e9fono: <a class=\"u-active-none u-border-none u-btn u-button-style u-hover-none u-none u-text-palette-1-base u-btn-2\" href=\"tel:647948588\">647 948 588<\/a>\n          <\/p>\n        <\/div>\n      <\/div>\n    <\/section>\n    \n    \n    \n  \n","protected":false},"excerpt":{"rendered":"<p>Talleres formativos En el \u00e1rea de formaci\u00f3n se ofrecer\u00e1n las siguientes acciones formativas: Talleres redes sociales Se organizaran talleres en los municipios del territorio dirigidos a la ciudadan\u00eda en general donde se ofrecer\u00e1n las herramientas necesarias para que los ciudadanos aprendan a manejar y desenvolverse en este entorno virtual. Las redes sociales son a d\u00eda &hellip; <a href=\"https:\/\/pacteceramic.es\/es_es\/talleres-formativos\/\" class=\"more-link\">Continue reading<span class=\"screen-reader-text\"> \u00abTalleres formativos\u00bb<\/span><\/a><\/p>\n","protected":false},"author":1,"featured_media":0,"parent":0,"menu_order":2,"comment_status":"closed","ping_status":"closed","template":"","meta":{"iawp_total_views":656,"footnotes":""},"class_list":["post-74","page","type-page","status-publish","hentry"],"yoast_head":"<!-- This site is optimized with the Yoast SEO plugin v23.1 - https:\/\/yoast.com\/wordpress\/plugins\/seo\/ -->\n<title>Talleres formativos - Pacte Cer\u00e0mic<\/title>\n<meta name=\"robots\" content=\"index, follow, max-snippet:-1, max-image-preview:large, max-video-preview:-1\" \/>\n<link rel=\"canonical\" href=\"https:\/\/pacteceramic.es\/es_es\/talleres-formativos\/\" \/>\n<meta property=\"og:locale\" content=\"es_ES\" \/>\n<meta property=\"og:type\" content=\"article\" \/>\n<meta property=\"og:title\" content=\"Talleres formativos - Pacte Cer\u00e0mic\" \/>\n<meta property=\"og:description\" content=\"Talleres formativos En el \u00e1rea de formaci\u00f3n se ofrecer\u00e1n las siguientes acciones formativas: Talleres redes sociales Se organizaran talleres en los municipios del territorio dirigidos a la ciudadan\u00eda en general donde se ofrecer\u00e1n las herramientas necesarias para que los ciudadanos aprendan a manejar y desenvolverse en este entorno virtual. Las redes sociales son a d\u00eda &hellip; Continue reading &quot;Talleres formativos&quot;\" \/>\n<meta property=\"og:url\" content=\"https:\/\/pacteceramic.es\/es_es\/talleres-formativos\/\" \/>\n<meta property=\"og:site_name\" content=\"Pacte Cer\u00e0mic\" \/>\n<meta property=\"article:publisher\" content=\"https:\/\/www.facebook.com\/pacteceramic\/\" \/>\n<meta property=\"article:modified_time\" content=\"2025-01-28T11:44:16+00:00\" \/>\n<meta name=\"twitter:card\" content=\"summary_large_image\" \/>\n<meta name=\"twitter:site\" content=\"@pacteceramic\" \/>\n<meta name=\"twitter:label1\" content=\"Tiempo de lectura\" \/>\n\t<meta name=\"twitter:data1\" content=\"2 minutos\" \/>\n<script type=\"application\/ld+json\" class=\"yoast-schema-graph\">{\"@context\":\"https:\/\/schema.org\",\"@graph\":[{\"@type\":\"WebPage\",\"@id\":\"https:\/\/pacteceramic.es\/talleres-formativos\/\",\"url\":\"https:\/\/pacteceramic.es\/talleres-formativos\/\",\"name\":\"Talleres formativos - Pacte Cer\u00e0mic\",\"isPartOf\":{\"@id\":\"https:\/\/pacteceramic.es\/es_es\/#website\"},\"datePublished\":\"2023-05-10T17:12:29+00:00\",\"dateModified\":\"2025-01-28T11:44:16+00:00\",\"breadcrumb\":{\"@id\":\"https:\/\/pacteceramic.es\/talleres-formativos\/#breadcrumb\"},\"inLanguage\":\"es\",\"potentialAction\":[{\"@type\":\"ReadAction\",\"target\":[\"https:\/\/pacteceramic.es\/talleres-formativos\/\"]}]},{\"@type\":\"BreadcrumbList\",\"@id\":\"https:\/\/pacteceramic.es\/talleres-formativos\/#breadcrumb\",\"itemListElement\":[{\"@type\":\"ListItem\",\"position\":1,\"name\":\"Portada\",\"item\":\"https:\/\/pacteceramic.es\/\"},{\"@type\":\"ListItem\",\"position\":2,\"name\":\"Talleres formativos\"}]},{\"@type\":\"WebSite\",\"@id\":\"https:\/\/pacteceramic.es\/es_es\/#website\",\"url\":\"https:\/\/pacteceramic.es\/es_es\/\",\"name\":\"Pacte Cer\u00e0mic\",\"description\":\"Pacte Cer\u00e0mic\",\"publisher\":{\"@id\":\"https:\/\/pacteceramic.es\/es_es\/#organization\"},\"potentialAction\":[{\"@type\":\"SearchAction\",\"target\":{\"@type\":\"EntryPoint\",\"urlTemplate\":\"https:\/\/pacteceramic.es\/es_es\/?s={search_term_string}\"},\"query-input\":\"required name=search_term_string\"}],\"inLanguage\":\"es\"},{\"@type\":\"Organization\",\"@id\":\"https:\/\/pacteceramic.es\/es_es\/#organization\",\"name\":\"Pacte Cer\u00e0mic\",\"url\":\"https:\/\/pacteceramic.es\/es_es\/\",\"logo\":{\"@type\":\"ImageObject\",\"inLanguage\":\"es\",\"@id\":\"https:\/\/pacteceramic.es\/es_es\/#\/schema\/logo\/image\/\",\"url\":\"https:\/\/pacteceramic.es\/wp-content\/uploads\/2023\/05\/menulogo.png\",\"contentUrl\":\"https:\/\/pacteceramic.es\/wp-content\/uploads\/2023\/05\/menulogo.png\",\"width\":249,\"height\":80,\"caption\":\"Pacte Cer\u00e0mic\"},\"image\":{\"@id\":\"https:\/\/pacteceramic.es\/es_es\/#\/schema\/logo\/image\/\"},\"sameAs\":[\"https:\/\/www.facebook.com\/pacteceramic\/\",\"https:\/\/x.com\/pacteceramic\",\"https:\/\/www.instagram.com\/pacteceramic\/\",\"https:\/\/www.linkedin.com\/company\/pactemunicipisceramics\/\"]}]}<\/script>\n<!-- \/ Yoast SEO plugin. -->","yoast_head_json":{"title":"Talleres formativos - Pacte Cer\u00e0mic","robots":{"index":"index","follow":"follow","max-snippet":"max-snippet:-1","max-image-preview":"max-image-preview:large","max-video-preview":"max-video-preview:-1"},"canonical":"https:\/\/pacteceramic.es\/es_es\/talleres-formativos\/","og_locale":"es_ES","og_type":"article","og_title":"Talleres formativos - Pacte Cer\u00e0mic","og_description":"Talleres formativos En el \u00e1rea de formaci\u00f3n se ofrecer\u00e1n las siguientes acciones formativas: Talleres redes sociales Se organizaran talleres en los municipios del territorio dirigidos a la ciudadan\u00eda en general donde se ofrecer\u00e1n las herramientas necesarias para que los ciudadanos aprendan a manejar y desenvolverse en este entorno virtual. Las redes sociales son a d\u00eda &hellip; Continue reading \"Talleres formativos\"","og_url":"https:\/\/pacteceramic.es\/es_es\/talleres-formativos\/","og_site_name":"Pacte Cer\u00e0mic","article_publisher":"https:\/\/www.facebook.com\/pacteceramic\/","article_modified_time":"2025-01-28T11:44:16+00:00","twitter_card":"summary_large_image","twitter_site":"@pacteceramic","twitter_misc":{"Tiempo de lectura":"2 minutos"},"schema":{"@context":"https:\/\/schema.org","@graph":[{"@type":"WebPage","@id":"https:\/\/pacteceramic.es\/talleres-formativos\/","url":"https:\/\/pacteceramic.es\/talleres-formativos\/","name":"Talleres formativos - Pacte Cer\u00e0mic","isPartOf":{"@id":"https:\/\/pacteceramic.es\/es_es\/#website"},"datePublished":"2023-05-10T17:12:29+00:00","dateModified":"2025-01-28T11:44:16+00:00","breadcrumb":{"@id":"https:\/\/pacteceramic.es\/talleres-formativos\/#breadcrumb"},"inLanguage":"es","potentialAction":[{"@type":"ReadAction","target":["https:\/\/pacteceramic.es\/talleres-formativos\/"]}]},{"@type":"BreadcrumbList","@id":"https:\/\/pacteceramic.es\/talleres-formativos\/#breadcrumb","itemListElement":[{"@type":"ListItem","position":1,"name":"Portada","item":"https:\/\/pacteceramic.es\/"},{"@type":"ListItem","position":2,"name":"Talleres formativos"}]},{"@type":"WebSite","@id":"https:\/\/pacteceramic.es\/es_es\/#website","url":"https:\/\/pacteceramic.es\/es_es\/","name":"Pacte Cer\u00e0mic","description":"Pacte Cer\u00e0mic","publisher":{"@id":"https:\/\/pacteceramic.es\/es_es\/#organization"},"potentialAction":[{"@type":"SearchAction","target":{"@type":"EntryPoint","urlTemplate":"https:\/\/pacteceramic.es\/es_es\/?s={search_term_string}"},"query-input":"required name=search_term_string"}],"inLanguage":"es"},{"@type":"Organization","@id":"https:\/\/pacteceramic.es\/es_es\/#organization","name":"Pacte Cer\u00e0mic","url":"https:\/\/pacteceramic.es\/es_es\/","logo":{"@type":"ImageObject","inLanguage":"es","@id":"https:\/\/pacteceramic.es\/es_es\/#\/schema\/logo\/image\/","url":"https:\/\/pacteceramic.es\/wp-content\/uploads\/2023\/05\/menulogo.png","contentUrl":"https:\/\/pacteceramic.es\/wp-content\/uploads\/2023\/05\/menulogo.png","width":249,"height":80,"caption":"Pacte Cer\u00e0mic"},"image":{"@id":"https:\/\/pacteceramic.es\/es_es\/#\/schema\/logo\/image\/"},"sameAs":["https:\/\/www.facebook.com\/pacteceramic\/","https:\/\/x.com\/pacteceramic","https:\/\/www.instagram.com\/pacteceramic\/","https:\/\/www.linkedin.com\/company\/pactemunicipisceramics\/"]}]}},"_links":{"self":[{"href":"https:\/\/pacteceramic.es\/es_es\/wp-json\/wp\/v2\/pages\/74","targetHints":{"allow":["GET"]}}],"collection":[{"href":"https:\/\/pacteceramic.es\/es_es\/wp-json\/wp\/v2\/pages"}],"about":[{"href":"https:\/\/pacteceramic.es\/es_es\/wp-json\/wp\/v2\/types\/page"}],"author":[{"embeddable":true,"href":"https:\/\/pacteceramic.es\/es_es\/wp-json\/wp\/v2\/users\/1"}],"replies":[{"embeddable":true,"href":"https:\/\/pacteceramic.es\/es_es\/wp-json\/wp\/v2\/comments?post=74"}],"version-history":[{"count":9,"href":"https:\/\/pacteceramic.es\/es_es\/wp-json\/wp\/v2\/pages\/74\/revisions"}],"predecessor-version":[{"id":12293,"href":"https:\/\/pacteceramic.es\/es_es\/wp-json\/wp\/v2\/pages\/74\/revisions\/12293"}],"wp:attachment":[{"href":"https:\/\/pacteceramic.es\/es_es\/wp-json\/wp\/v2\/media?parent=74"}],"curies":[{"name":"wp","href":"https:\/\/api.w.org\/{rel}","templated":true}]}}