{"id":12354,"date":"2025-04-24T13:59:21","date_gmt":"2025-04-24T13:59:21","guid":{"rendered":"https:\/\/pacteceramic.es\/?page_id=12354"},"modified":"2025-05-20T13:55:35","modified_gmt":"2025-05-20T13:55:35","slug":"creando-oportunidades","status":"publish","type":"page","link":"https:\/\/pacteceramic.es\/es_es\/creando-oportunidades\/","title":{"rendered":"Creando Oportunidades"},"content":{"rendered":"\n    \n    <section class=\"u-clearfix u-section-2\" id=\"block-1\">\n      <div class=\"u-clearfix u-sheet u-sheet-1\">\n        <h2 class=\"u-align-left u-text u-text-default u-text-1\">\n          <span style=\"font-weight: 700;\">Creando Oportunidades:&nbsp;<\/span>\n          <span style=\"font-style: italic;\">emprendimiento, empleo y forma<\/span>\n          <span style=\"font-style: italic;\">ci\u00f3n<\/span>\n        <\/h2>\n        <img decoding=\"async\" class=\"u-align-center u-image u-image-contain u-image-default u-image-1\" src=\"https:\/\/pacteceramic.es\/wp-content\/uploads\/2025\/04\/CreandoOportunidadesenpositivo-1.png\" alt=\"\" data-image-width=\"1549\" data-image-height=\"928\">\n        <p class=\"u-align-left u-text u-text-2\"> El programa <span style=\"font-weight: 700; font-style: italic;\">Creando Oportunidades: emprendimiento, empleo y formaci\u00f3n <\/span>es una iniciativa dise\u00f1ada para fomentar la empleabilidad, impulsar el emprendimiento y mejorar la formaci\u00f3n de personas desempleadas en los municipios consorciados. A trav\u00e9s de este, se ofrecen recursos y herramientas que facilitan el acceso al mercado laboral, la puesta en marcha de nuevos negocios y la capacitaci\u00f3n profesional en distintos \u00e1mbitos.<br>\n          <br>Creando oportunidades se desarrolla en distintas \u00e1reas clave que abarcan la intermediaci\u00f3n laboral, el asesoramiento para emprendedores y empresas, y la formaci\u00f3n especializada en sectores estrat\u00e9gicos.\n        <\/p>\n        <div data-interval=\"5000\" data-u-ride=\"carousel\" class=\"u-carousel u-expanded-width u-slider u-slider-1\" id=\"carousel-4b25\">\n          <ol class=\"u-absolute-hcenter u-carousel-indicators u-carousel-indicators-1\">\n            <li data-u-target=\"#carousel-4b25\" class=\"u-active u-active-grey-10 u-grey-30 u-shape-circle\" data-u-slide-to=\"0\" style=\"width: 10px; height: 10px;\"><\/li>\n            <li data-u-target=\"#carousel-4b25\" class=\"u-active-grey-10 u-grey-30 u-shape-circle\" data-u-slide-to=\"1\" style=\"width: 10px; height: 10px;\"><\/li>\n            <li data-u-target=\"#carousel-4b25\" class=\"u-active-grey-10 u-grey-30 u-shape-circle\" data-u-slide-to=\"2\" style=\"width: 10px; height: 10px;\"><\/li>\n          <\/ol>\n          <div class=\"u-carousel-inner\" role=\"listbox\">\n            <div class=\"u-active u-carousel-item u-container-style u-slide\">\n              <div class=\"u-container-layout u-container-layout-1\">\n                <h3 class=\"u-text u-text-3\">Emprendimiento <\/h3>\n                <p class=\"u-align-justify u-text u-text-4\"> El \u00e1rea de emprendimiento est\u00e1 dirigida a aquellas personas que desean iniciar o consolidar un negocio. Se proporciona un servicio de asesoramiento integral que abarca desde la idea inicial hasta la puesta en marcha del proyecto, ofreciendo informaci\u00f3n sobre financiaci\u00f3n, ayudas y estrategias de crecimiento.Los principales servicios incluyen:<br>\n                <\/p>\n                <ul class=\"u-align-justify u-text u-text-5\">\n                  <li> Asesoramiento y orientaci\u00f3n para emprendedores y aut\u00f3nomos.<\/li>\n                  <li>Informaci\u00f3n sobre ayudas, subvenciones y bonificaciones.<\/li>\n                  <li>Estudios de viabilidad y desarrollo de planes de negocio.<\/li>\n                  <li>Apoyo en la gesti\u00f3n de altas y tr\u00e1mites administrativos.<\/li>\n                  <li>Punto de Atenci\u00f3n al Emprendedor (PAE) del Ministerio de Industria, Comercio y Turismo.<\/li>\n                <\/ul>\n                <img decoding=\"async\" class=\"u-align-right u-image u-image-default u-image-2\" src=\"https:\/\/pacteceramic.es\/wp-content\/uploads\/2025\/03\/IESVILAROJA2.jpg\" alt=\"\" data-image-width=\"2048\" data-image-height=\"1536\">\n              <\/div>\n            <\/div>\n            <div class=\"u-carousel-item u-container-style u-slide\">\n              <div class=\"u-container-layout u-container-layout-2\">\n                <h3 class=\"u-text u-text-default u-text-6\">Empleo<\/h3>\n                <p class=\"u-text u-text-7\"> El \u00e1rea de empleo tiene como objetivo mejorar la inserci\u00f3n laboral de las personas desempleadas mediante el contacto con empresas y la mejora de sus competencias profesionales. Las principales acciones incluyen:<\/p>\n                <ul class=\"u-text u-text-8\">\n                  <li> Intermediaci\u00f3n laboral con empresas para facilitar la contrataci\u00f3n.<\/li>\n                  <li>Acciones individuales y grupales para mejorar la empleabilidad.<\/li>\n                  <li>Asesoramiento para la elaboraci\u00f3n de curr\u00edculum y preparaci\u00f3n de entrevistas.<\/li>\n                  <li>Desarrollo de competencias profesionales para el acceso al mercado laboral.<\/li>\n                <\/ul>\n                <img decoding=\"async\" class=\"u-image u-image-default u-image-3\" src=\"https:\/\/pacteceramic.es\/wp-content\/uploads\/2025\/03\/unnamed.jpg\" alt=\"\" data-image-width=\"1271\" data-image-height=\"720\">\n              <\/div>\n            <\/div>\n            <div class=\"u-carousel-item u-container-style u-slide\">\n              <div class=\"u-container-layout u-container-layout-3\">\n                <h3 class=\"u-text u-text-default u-text-9\">Formaci\u00f3n<\/h3>\n                <p class=\"u-align-justify u-text u-text-10\"> El \u00e1rea de formaci\u00f3n ofrece cursos y talleres especializados para mejorar la cualificaci\u00f3n de las personas desempleadas y de quienes buscan actualizar sus conocimientos en sectores estrat\u00e9gicos. Los programas formativos incluyen:<\/p>\n                <ul class=\"u-align-justify u-text u-text-11\">\n                  <li> Formaci\u00f3n en Cer\u00e1mica Digital y t\u00e9cnicas de impresi\u00f3n Inkjet.<\/li>\n                  <li>Alfabetizaci\u00f3n inform\u00e1tica y uso del certificado digital.<\/li>\n                  <li>Talleres de ofim\u00e1tica: Word, Excel y PowerPoint.<\/li>\n                  <li>Taller de redes sociales para el \u00e1mbito profesional.<\/li>\n                  <li>T\u00e9cnicas de inserci\u00f3n laboral y b\u00fasqueda de empleo.<\/li>\n                  <li>Formaci\u00f3n en habilidades sociales aplicadas al sector tur\u00edstico.<\/li>\n                  <li>Talleres sobre Inteligencia Artificial no generativa y su impacto en el mercado laboral.<\/li>\n                <\/ul>\n                <img decoding=\"async\" class=\"u-image u-image-default u-image-4\" src=\"https:\/\/pacteceramic.es\/wp-content\/uploads\/2025\/03\/Competenciasprofesionales_2-scaled.jpg\" alt=\"\" data-image-width=\"5760\" data-image-height=\"3840\">\n              <\/div>\n            <\/div>\n          <\/div>\n          <a class=\"u-absolute-vcenter u-carousel-control u-carousel-control-prev u-icon-rectangle u-spacing-5 u-text-grey-30 u-carousel-control-1\" href=\"#carousel-4b25\" role=\"button\" data-u-slide=\"prev\">\n            <span aria-hidden=\"true\">\n              <svg viewBox=\"0 0 477.175 477.175\"><path d=\"M145.188,238.575l215.5-215.5c5.3-5.3,5.3-13.8,0-19.1s-13.8-5.3-19.1,0l-225.1,225.1c-5.3,5.3-5.3,13.8,0,19.1l225.1,225\n                    c2.6,2.6,6.1,4,9.5,4s6.9-1.3,9.5-4c5.3-5.3,5.3-13.8,0-19.1L145.188,238.575z\"><\/path><\/svg>\n            <\/span>\n            <span class=\"sr-only\">Previous<\/span>\n          <\/a>\n          <a class=\"u-absolute-vcenter u-carousel-control u-carousel-control-next u-icon-rectangle u-spacing-5 u-text-grey-30 u-carousel-control-2\" href=\"#carousel-4b25\" role=\"button\" data-u-slide=\"next\">\n            <span aria-hidden=\"true\">\n              <svg viewBox=\"0 0 477.175 477.175\"><path d=\"M360.731,229.075l-225.1-225.1c-5.3-5.3-13.8-5.3-19.1,0s-5.3,13.8,0,19.1l215.5,215.5l-215.5,215.5\n                    c-5.3,5.3-5.3,13.8,0,19.1c2.6,2.6,6.1,4,9.5,4c3.4,0,6.9-1.3,9.5-4l225.1-225.1C365.931,242.875,365.931,234.275,360.731,229.075z\"><\/path><\/svg>\n            <\/span>\n            <span class=\"sr-only\">Next<\/span>\n          <\/a>\n        <\/div>\n        <h2 class=\"u-align-left u-text u-text-12\"> Reactiva-T<\/h2>\n        <p class=\"u-align-left u-text u-text-13\"> Los grupos <span style=\"font-weight: 700; font-style: italic;\">Reactiva-T<\/span> es una iniciativa espec\u00edfica dentro de <span style=\"font-weight: 700; font-style: italic;\">Creando Oportunidades<\/span> que se desarrolla en los municipios de l\u2019Alcora, Burriana y Almassora. El programa incluye:<br>\n        <\/p>\n        <ul class=\"u-align-left u-text u-text-14\">\n          <li> Formaci\u00f3n en Cer\u00e1mica Digital (l\u2019Alcora y Almassora)<\/li>\n          <li>Formaci\u00f3n en habilidades sociales para el turismo (Burriana)<\/li>\n        <\/ul>\n        <p class=\"u-align-justify u-text u-text-15\">\n          <span style=\"font-weight: 700;\"><\/span>Estas formaciones incluyen entrenamiento en t\u00e9cnicas de inserci\u00f3n laboral, conocimientos b\u00e1sicos para el autoempleo y visitas a empresas.\n        <\/p>\n        <div class=\"u-expanded-width u-list u-list-1\">\n          <div class=\"u-repeater u-repeater-1\">\n            <div class=\"u-container-style u-list-item u-repeater-item\">\n              <div class=\"u-container-layout u-similar-container u-container-layout-4\">\n                <img decoding=\"async\" class=\"u-image u-image-contain u-image-default u-image-5\" src=\"https:\/\/pacteceramic.es\/wp-content\/uploads\/2025\/03\/Capturadepantalla2025-03-05105138.png\" alt=\"\" data-image-width=\"342\" data-image-height=\"189\">\n              <\/div>\n            <\/div>\n            <div class=\"u-container-style u-list-item u-repeater-item\">\n              <div class=\"u-container-layout u-similar-container u-container-layout-5\">\n                <img decoding=\"async\" class=\"u-image u-image-contain u-image-default u-image-6\" src=\"https:\/\/pacteceramic.es\/wp-content\/uploads\/2025\/03\/Capturadepantalla2025-03-05105132.png\" alt=\"\" data-image-width=\"360\" data-image-height=\"197\">\n              <\/div>\n            <\/div>\n            <div class=\"u-container-style u-list-item u-repeater-item\">\n              <div class=\"u-container-layout u-similar-container u-container-layout-6\">\n                <img decoding=\"async\" class=\"u-image u-image-contain u-image-default u-image-7\" src=\"https:\/\/pacteceramic.es\/wp-content\/uploads\/2025\/03\/Capturadepantalla2025-03-05105107.png\" alt=\"\" data-image-width=\"351\" data-image-height=\"199\">\n              <\/div>\n            <\/div>\n          <\/div>\n        <\/div>\n      <\/div>\n    <\/section>\n    \n    \n    \n  \n","protected":false},"excerpt":{"rendered":"<p>Creando Oportunidades:&nbsp; emprendimiento, empleo y forma ci\u00f3n El programa Creando Oportunidades: emprendimiento, empleo y formaci\u00f3n es una iniciativa dise\u00f1ada para fomentar la empleabilidad, impulsar el emprendimiento y mejorar la formaci\u00f3n de personas desempleadas en los municipios consorciados. A trav\u00e9s de este, se ofrecen recursos y herramientas que facilitan el acceso al mercado laboral, la puesta &hellip; <a href=\"https:\/\/pacteceramic.es\/es_es\/creando-oportunidades\/\" class=\"more-link\">Continue reading<span class=\"screen-reader-text\"> \u00abCreando Oportunidades\u00bb<\/span><\/a><\/p>\n","protected":false},"author":1,"featured_media":0,"parent":0,"menu_order":0,"comment_status":"closed","ping_status":"closed","template":"","meta":{"iawp_total_views":169,"footnotes":""},"class_list":["post-12354","page","type-page","status-publish","hentry"],"yoast_head":"<!-- This site is optimized with the Yoast SEO plugin v23.1 - https:\/\/yoast.com\/wordpress\/plugins\/seo\/ -->\n<title>Creando Oportunidades - Pacte Cer\u00e0mic<\/title>\n<meta name=\"robots\" content=\"index, follow, max-snippet:-1, max-image-preview:large, max-video-preview:-1\" \/>\n<link rel=\"canonical\" href=\"https:\/\/pacteceramic.es\/es_es\/creando-oportunidades\/\" \/>\n<meta property=\"og:locale\" content=\"es_ES\" \/>\n<meta property=\"og:type\" content=\"article\" \/>\n<meta property=\"og:title\" content=\"Creando Oportunidades - Pacte Cer\u00e0mic\" \/>\n<meta property=\"og:description\" content=\"Creando Oportunidades:&nbsp; emprendimiento, empleo y forma ci\u00f3n El programa Creando Oportunidades: emprendimiento, empleo y formaci\u00f3n es una iniciativa dise\u00f1ada para fomentar la empleabilidad, impulsar el emprendimiento y mejorar la formaci\u00f3n de personas desempleadas en los municipios consorciados. A trav\u00e9s de este, se ofrecen recursos y herramientas que facilitan el acceso al mercado laboral, la puesta &hellip; Continue reading &quot;Creando Oportunidades&quot;\" \/>\n<meta property=\"og:url\" content=\"https:\/\/pacteceramic.es\/es_es\/creando-oportunidades\/\" \/>\n<meta property=\"og:site_name\" content=\"Pacte Cer\u00e0mic\" \/>\n<meta property=\"article:publisher\" content=\"https:\/\/www.facebook.com\/pacteceramic\/\" \/>\n<meta property=\"article:modified_time\" content=\"2025-05-20T13:55:35+00:00\" \/>\n<meta name=\"twitter:card\" content=\"summary_large_image\" \/>\n<meta name=\"twitter:site\" content=\"@pacteceramic\" \/>\n<meta name=\"twitter:label1\" content=\"Tiempo de lectura\" \/>\n\t<meta name=\"twitter:data1\" content=\"4 minutos\" \/>\n<script type=\"application\/ld+json\" class=\"yoast-schema-graph\">{\"@context\":\"https:\/\/schema.org\",\"@graph\":[{\"@type\":\"WebPage\",\"@id\":\"https:\/\/pacteceramic.es\/creando-oportunidades\/\",\"url\":\"https:\/\/pacteceramic.es\/creando-oportunidades\/\",\"name\":\"Creando Oportunidades - Pacte Cer\u00e0mic\",\"isPartOf\":{\"@id\":\"https:\/\/pacteceramic.es\/es_es\/#website\"},\"datePublished\":\"2025-04-24T13:59:21+00:00\",\"dateModified\":\"2025-05-20T13:55:35+00:00\",\"breadcrumb\":{\"@id\":\"https:\/\/pacteceramic.es\/creando-oportunidades\/#breadcrumb\"},\"inLanguage\":\"es\",\"potentialAction\":[{\"@type\":\"ReadAction\",\"target\":[\"https:\/\/pacteceramic.es\/creando-oportunidades\/\"]}]},{\"@type\":\"BreadcrumbList\",\"@id\":\"https:\/\/pacteceramic.es\/creando-oportunidades\/#breadcrumb\",\"itemListElement\":[{\"@type\":\"ListItem\",\"position\":1,\"name\":\"Portada\",\"item\":\"https:\/\/pacteceramic.es\/\"},{\"@type\":\"ListItem\",\"position\":2,\"name\":\"Creando Oportunidades\"}]},{\"@type\":\"WebSite\",\"@id\":\"https:\/\/pacteceramic.es\/es_es\/#website\",\"url\":\"https:\/\/pacteceramic.es\/es_es\/\",\"name\":\"Pacte Cer\u00e0mic\",\"description\":\"Pacte Cer\u00e0mic\",\"publisher\":{\"@id\":\"https:\/\/pacteceramic.es\/es_es\/#organization\"},\"potentialAction\":[{\"@type\":\"SearchAction\",\"target\":{\"@type\":\"EntryPoint\",\"urlTemplate\":\"https:\/\/pacteceramic.es\/es_es\/?s={search_term_string}\"},\"query-input\":\"required name=search_term_string\"}],\"inLanguage\":\"es\"},{\"@type\":\"Organization\",\"@id\":\"https:\/\/pacteceramic.es\/es_es\/#organization\",\"name\":\"Pacte Cer\u00e0mic\",\"url\":\"https:\/\/pacteceramic.es\/es_es\/\",\"logo\":{\"@type\":\"ImageObject\",\"inLanguage\":\"es\",\"@id\":\"https:\/\/pacteceramic.es\/es_es\/#\/schema\/logo\/image\/\",\"url\":\"https:\/\/pacteceramic.es\/wp-content\/uploads\/2023\/05\/menulogo.png\",\"contentUrl\":\"https:\/\/pacteceramic.es\/wp-content\/uploads\/2023\/05\/menulogo.png\",\"width\":249,\"height\":80,\"caption\":\"Pacte Cer\u00e0mic\"},\"image\":{\"@id\":\"https:\/\/pacteceramic.es\/es_es\/#\/schema\/logo\/image\/\"},\"sameAs\":[\"https:\/\/www.facebook.com\/pacteceramic\/\",\"https:\/\/x.com\/pacteceramic\",\"https:\/\/www.instagram.com\/pacteceramic\/\",\"https:\/\/www.linkedin.com\/company\/pactemunicipisceramics\/\"]}]}<\/script>\n<!-- \/ Yoast SEO plugin. -->","yoast_head_json":{"title":"Creando Oportunidades - Pacte Cer\u00e0mic","robots":{"index":"index","follow":"follow","max-snippet":"max-snippet:-1","max-image-preview":"max-image-preview:large","max-video-preview":"max-video-preview:-1"},"canonical":"https:\/\/pacteceramic.es\/es_es\/creando-oportunidades\/","og_locale":"es_ES","og_type":"article","og_title":"Creando Oportunidades - Pacte Cer\u00e0mic","og_description":"Creando Oportunidades:&nbsp; emprendimiento, empleo y forma ci\u00f3n El programa Creando Oportunidades: emprendimiento, empleo y formaci\u00f3n es una iniciativa dise\u00f1ada para fomentar la empleabilidad, impulsar el emprendimiento y mejorar la formaci\u00f3n de personas desempleadas en los municipios consorciados. A trav\u00e9s de este, se ofrecen recursos y herramientas que facilitan el acceso al mercado laboral, la puesta &hellip; Continue reading \"Creando Oportunidades\"","og_url":"https:\/\/pacteceramic.es\/es_es\/creando-oportunidades\/","og_site_name":"Pacte Cer\u00e0mic","article_publisher":"https:\/\/www.facebook.com\/pacteceramic\/","article_modified_time":"2025-05-20T13:55:35+00:00","twitter_card":"summary_large_image","twitter_site":"@pacteceramic","twitter_misc":{"Tiempo de lectura":"4 minutos"},"schema":{"@context":"https:\/\/schema.org","@graph":[{"@type":"WebPage","@id":"https:\/\/pacteceramic.es\/creando-oportunidades\/","url":"https:\/\/pacteceramic.es\/creando-oportunidades\/","name":"Creando Oportunidades - Pacte Cer\u00e0mic","isPartOf":{"@id":"https:\/\/pacteceramic.es\/es_es\/#website"},"datePublished":"2025-04-24T13:59:21+00:00","dateModified":"2025-05-20T13:55:35+00:00","breadcrumb":{"@id":"https:\/\/pacteceramic.es\/creando-oportunidades\/#breadcrumb"},"inLanguage":"es","potentialAction":[{"@type":"ReadAction","target":["https:\/\/pacteceramic.es\/creando-oportunidades\/"]}]},{"@type":"BreadcrumbList","@id":"https:\/\/pacteceramic.es\/creando-oportunidades\/#breadcrumb","itemListElement":[{"@type":"ListItem","position":1,"name":"Portada","item":"https:\/\/pacteceramic.es\/"},{"@type":"ListItem","position":2,"name":"Creando Oportunidades"}]},{"@type":"WebSite","@id":"https:\/\/pacteceramic.es\/es_es\/#website","url":"https:\/\/pacteceramic.es\/es_es\/","name":"Pacte Cer\u00e0mic","description":"Pacte Cer\u00e0mic","publisher":{"@id":"https:\/\/pacteceramic.es\/es_es\/#organization"},"potentialAction":[{"@type":"SearchAction","target":{"@type":"EntryPoint","urlTemplate":"https:\/\/pacteceramic.es\/es_es\/?s={search_term_string}"},"query-input":"required name=search_term_string"}],"inLanguage":"es"},{"@type":"Organization","@id":"https:\/\/pacteceramic.es\/es_es\/#organization","name":"Pacte Cer\u00e0mic","url":"https:\/\/pacteceramic.es\/es_es\/","logo":{"@type":"ImageObject","inLanguage":"es","@id":"https:\/\/pacteceramic.es\/es_es\/#\/schema\/logo\/image\/","url":"https:\/\/pacteceramic.es\/wp-content\/uploads\/2023\/05\/menulogo.png","contentUrl":"https:\/\/pacteceramic.es\/wp-content\/uploads\/2023\/05\/menulogo.png","width":249,"height":80,"caption":"Pacte Cer\u00e0mic"},"image":{"@id":"https:\/\/pacteceramic.es\/es_es\/#\/schema\/logo\/image\/"},"sameAs":["https:\/\/www.facebook.com\/pacteceramic\/","https:\/\/x.com\/pacteceramic","https:\/\/www.instagram.com\/pacteceramic\/","https:\/\/www.linkedin.com\/company\/pactemunicipisceramics\/"]}]}},"_links":{"self":[{"href":"https:\/\/pacteceramic.es\/es_es\/wp-json\/wp\/v2\/pages\/12354","targetHints":{"allow":["GET"]}}],"collection":[{"href":"https:\/\/pacteceramic.es\/es_es\/wp-json\/wp\/v2\/pages"}],"about":[{"href":"https:\/\/pacteceramic.es\/es_es\/wp-json\/wp\/v2\/types\/page"}],"author":[{"embeddable":true,"href":"https:\/\/pacteceramic.es\/es_es\/wp-json\/wp\/v2\/users\/1"}],"replies":[{"embeddable":true,"href":"https:\/\/pacteceramic.es\/es_es\/wp-json\/wp\/v2\/comments?post=12354"}],"version-history":[{"count":16,"href":"https:\/\/pacteceramic.es\/es_es\/wp-json\/wp\/v2\/pages\/12354\/revisions"}],"predecessor-version":[{"id":12487,"href":"https:\/\/pacteceramic.es\/es_es\/wp-json\/wp\/v2\/pages\/12354\/revisions\/12487"}],"wp:attachment":[{"href":"https:\/\/pacteceramic.es\/es_es\/wp-json\/wp\/v2\/media?parent=12354"}],"curies":[{"name":"wp","href":"https:\/\/api.w.org\/{rel}","templated":true}]}}