{"id":11818,"date":"2023-06-07T14:06:28","date_gmt":"2023-06-07T14:06:28","guid":{"rendered":"https:\/\/pacteceramic.es\/11818-2\/"},"modified":"2023-06-07T14:10:20","modified_gmt":"2023-06-07T14:10:20","slug":"formacion","status":"publish","type":"page","link":"https:\/\/pacteceramic.es\/es_es\/formacion\/","title":{"rendered":"Formaci\u00f3n"},"content":{"rendered":"\n    \n    <section class=\"u-align-center u-clearfix u-section-2\" id=\"sec-03b1\">\n      <div class=\"u-clearfix u-sheet u-valign-middle u-sheet-1\">\n        <div class=\"u-expanded-width u-list u-list-1\">\n          <div class=\"u-repeater u-repeater-1\">\n            <div class=\"u-align-center u-container-style u-custom-item u-list-item u-repeater-item u-video-cover u-white u-list-item-1\">\n              <div class=\"u-container-layout u-similar-container u-container-layout-1\"><span class=\"u-custom-item u-file-icon u-icon u-icon-circle u-palette-2-base u-text-white u-icon-1\" data-href=\"http:\/\/pacteceramic.es\/talleres-formativos\/\"><img decoding=\"async\" src=\"https:\/\/pacteceramic.es\/wp-content\/uploads\/2023\/06\/149911.png\" alt=\"\"><\/span>\n                <h3 class=\"u-text u-text-1\">\n                  <a class=\"u-active-none u-border-none u-btn u-button-link u-button-style u-hover-none u-none u-text-body-color u-btn-1\" href=\"http:\/\/pacteceramic.es\/talleres formativos\/\">Talleres formativos<\/a>\n                <\/h3>\n              <\/div>\n            <\/div>\n            <div class=\"u-align-center u-container-style u-custom-item u-list-item u-repeater-item u-video-cover u-white u-list-item-2\">\n              <div class=\"u-container-layout u-similar-container u-container-layout-2\"><span class=\"u-custom-item u-file-icon u-icon u-icon-circle u-palette-2-base u-text-white u-icon-2\" data-href=\"http:\/\/pacteceramic.es\/sector-ceramico\/\"><img decoding=\"async\" src=\"https:\/\/pacteceramic.es\/wp-content\/uploads\/2023\/06\/149669.png\" alt=\"\"><\/span>\n                <h3 class=\"u-text u-text-2\">\n                  <a class=\"u-active-none u-border-none u-btn u-button-link u-button-style u-hover-none u-none u-text-body-color u-btn-2\" href=\"http:\/\/pacteceramic.es\/sector-ceramico\/\">Sector cer\u00e1mico<\/a>\n                <\/h3>\n              <\/div>\n            <\/div>\n          <\/div>\n        <\/div>\n      <\/div>\n    <\/section>\n    \n    \n  \n","protected":false},"excerpt":{"rendered":"<p>Talleres formativos Sector cer\u00e1mico<\/p>\n","protected":false},"author":1,"featured_media":0,"parent":0,"menu_order":0,"comment_status":"closed","ping_status":"closed","template":"","meta":{"iawp_total_views":748,"footnotes":""},"class_list":["post-11818","page","type-page","status-publish","hentry"],"yoast_head":"<!-- This site is optimized with the Yoast SEO plugin v23.1 - https:\/\/yoast.com\/wordpress\/plugins\/seo\/ -->\n<title>Formaci\u00f3n - Pacte Cer\u00e0mic<\/title>\n<meta name=\"robots\" content=\"index, follow, max-snippet:-1, max-image-preview:large, max-video-preview:-1\" \/>\n<link rel=\"canonical\" href=\"https:\/\/pacteceramic.es\/es_es\/formacion\/\" \/>\n<meta property=\"og:locale\" content=\"es_ES\" \/>\n<meta property=\"og:type\" content=\"article\" \/>\n<meta property=\"og:title\" content=\"Formaci\u00f3n - Pacte Cer\u00e0mic\" \/>\n<meta property=\"og:description\" content=\"Talleres formativos Sector cer\u00e1mico\" \/>\n<meta property=\"og:url\" content=\"https:\/\/pacteceramic.es\/es_es\/formacion\/\" \/>\n<meta property=\"og:site_name\" content=\"Pacte Cer\u00e0mic\" \/>\n<meta property=\"article:publisher\" content=\"https:\/\/www.facebook.com\/pacteceramic\/\" \/>\n<meta property=\"article:modified_time\" content=\"2023-06-07T14:10:20+00:00\" \/>\n<meta name=\"twitter:card\" content=\"summary_large_image\" \/>\n<meta name=\"twitter:site\" content=\"@pacteceramic\" \/>\n<meta name=\"twitter:label1\" content=\"Tiempo de lectura\" \/>\n\t<meta name=\"twitter:data1\" content=\"1 minuto\" \/>\n<script type=\"application\/ld+json\" class=\"yoast-schema-graph\">{\"@context\":\"https:\/\/schema.org\",\"@graph\":[{\"@type\":\"WebPage\",\"@id\":\"https:\/\/pacteceramic.es\/formacion\/\",\"url\":\"https:\/\/pacteceramic.es\/formacion\/\",\"name\":\"Formaci\u00f3n - Pacte Cer\u00e0mic\",\"isPartOf\":{\"@id\":\"https:\/\/pacteceramic.es\/es_es\/#website\"},\"datePublished\":\"2023-06-07T14:06:28+00:00\",\"dateModified\":\"2023-06-07T14:10:20+00:00\",\"breadcrumb\":{\"@id\":\"https:\/\/pacteceramic.es\/formacion\/#breadcrumb\"},\"inLanguage\":\"es\",\"potentialAction\":[{\"@type\":\"ReadAction\",\"target\":[\"https:\/\/pacteceramic.es\/formacion\/\"]}]},{\"@type\":\"BreadcrumbList\",\"@id\":\"https:\/\/pacteceramic.es\/formacion\/#breadcrumb\",\"itemListElement\":[{\"@type\":\"ListItem\",\"position\":1,\"name\":\"Portada\",\"item\":\"https:\/\/pacteceramic.es\/\"},{\"@type\":\"ListItem\",\"position\":2,\"name\":\"Formaci\u00f3n\"}]},{\"@type\":\"WebSite\",\"@id\":\"https:\/\/pacteceramic.es\/es_es\/#website\",\"url\":\"https:\/\/pacteceramic.es\/es_es\/\",\"name\":\"Pacte Cer\u00e0mic\",\"description\":\"Pacte Cer\u00e0mic\",\"publisher\":{\"@id\":\"https:\/\/pacteceramic.es\/es_es\/#organization\"},\"potentialAction\":[{\"@type\":\"SearchAction\",\"target\":{\"@type\":\"EntryPoint\",\"urlTemplate\":\"https:\/\/pacteceramic.es\/es_es\/?s={search_term_string}\"},\"query-input\":\"required name=search_term_string\"}],\"inLanguage\":\"es\"},{\"@type\":\"Organization\",\"@id\":\"https:\/\/pacteceramic.es\/es_es\/#organization\",\"name\":\"Pacte Cer\u00e0mic\",\"url\":\"https:\/\/pacteceramic.es\/es_es\/\",\"logo\":{\"@type\":\"ImageObject\",\"inLanguage\":\"es\",\"@id\":\"https:\/\/pacteceramic.es\/es_es\/#\/schema\/logo\/image\/\",\"url\":\"https:\/\/pacteceramic.es\/wp-content\/uploads\/2023\/05\/menulogo.png\",\"contentUrl\":\"https:\/\/pacteceramic.es\/wp-content\/uploads\/2023\/05\/menulogo.png\",\"width\":249,\"height\":80,\"caption\":\"Pacte Cer\u00e0mic\"},\"image\":{\"@id\":\"https:\/\/pacteceramic.es\/es_es\/#\/schema\/logo\/image\/\"},\"sameAs\":[\"https:\/\/www.facebook.com\/pacteceramic\/\",\"https:\/\/x.com\/pacteceramic\",\"https:\/\/www.instagram.com\/pacteceramic\/\",\"https:\/\/www.linkedin.com\/company\/pactemunicipisceramics\/\"]}]}<\/script>\n<!-- \/ Yoast SEO plugin. -->","yoast_head_json":{"title":"Formaci\u00f3n - Pacte Cer\u00e0mic","robots":{"index":"index","follow":"follow","max-snippet":"max-snippet:-1","max-image-preview":"max-image-preview:large","max-video-preview":"max-video-preview:-1"},"canonical":"https:\/\/pacteceramic.es\/es_es\/formacion\/","og_locale":"es_ES","og_type":"article","og_title":"Formaci\u00f3n - Pacte Cer\u00e0mic","og_description":"Talleres formativos Sector cer\u00e1mico","og_url":"https:\/\/pacteceramic.es\/es_es\/formacion\/","og_site_name":"Pacte Cer\u00e0mic","article_publisher":"https:\/\/www.facebook.com\/pacteceramic\/","article_modified_time":"2023-06-07T14:10:20+00:00","twitter_card":"summary_large_image","twitter_site":"@pacteceramic","twitter_misc":{"Tiempo de lectura":"1 minuto"},"schema":{"@context":"https:\/\/schema.org","@graph":[{"@type":"WebPage","@id":"https:\/\/pacteceramic.es\/formacion\/","url":"https:\/\/pacteceramic.es\/formacion\/","name":"Formaci\u00f3n - Pacte Cer\u00e0mic","isPartOf":{"@id":"https:\/\/pacteceramic.es\/es_es\/#website"},"datePublished":"2023-06-07T14:06:28+00:00","dateModified":"2023-06-07T14:10:20+00:00","breadcrumb":{"@id":"https:\/\/pacteceramic.es\/formacion\/#breadcrumb"},"inLanguage":"es","potentialAction":[{"@type":"ReadAction","target":["https:\/\/pacteceramic.es\/formacion\/"]}]},{"@type":"BreadcrumbList","@id":"https:\/\/pacteceramic.es\/formacion\/#breadcrumb","itemListElement":[{"@type":"ListItem","position":1,"name":"Portada","item":"https:\/\/pacteceramic.es\/"},{"@type":"ListItem","position":2,"name":"Formaci\u00f3n"}]},{"@type":"WebSite","@id":"https:\/\/pacteceramic.es\/es_es\/#website","url":"https:\/\/pacteceramic.es\/es_es\/","name":"Pacte Cer\u00e0mic","description":"Pacte Cer\u00e0mic","publisher":{"@id":"https:\/\/pacteceramic.es\/es_es\/#organization"},"potentialAction":[{"@type":"SearchAction","target":{"@type":"EntryPoint","urlTemplate":"https:\/\/pacteceramic.es\/es_es\/?s={search_term_string}"},"query-input":"required name=search_term_string"}],"inLanguage":"es"},{"@type":"Organization","@id":"https:\/\/pacteceramic.es\/es_es\/#organization","name":"Pacte Cer\u00e0mic","url":"https:\/\/pacteceramic.es\/es_es\/","logo":{"@type":"ImageObject","inLanguage":"es","@id":"https:\/\/pacteceramic.es\/es_es\/#\/schema\/logo\/image\/","url":"https:\/\/pacteceramic.es\/wp-content\/uploads\/2023\/05\/menulogo.png","contentUrl":"https:\/\/pacteceramic.es\/wp-content\/uploads\/2023\/05\/menulogo.png","width":249,"height":80,"caption":"Pacte Cer\u00e0mic"},"image":{"@id":"https:\/\/pacteceramic.es\/es_es\/#\/schema\/logo\/image\/"},"sameAs":["https:\/\/www.facebook.com\/pacteceramic\/","https:\/\/x.com\/pacteceramic","https:\/\/www.instagram.com\/pacteceramic\/","https:\/\/www.linkedin.com\/company\/pactemunicipisceramics\/"]}]}},"_links":{"self":[{"href":"https:\/\/pacteceramic.es\/es_es\/wp-json\/wp\/v2\/pages\/11818","targetHints":{"allow":["GET"]}}],"collection":[{"href":"https:\/\/pacteceramic.es\/es_es\/wp-json\/wp\/v2\/pages"}],"about":[{"href":"https:\/\/pacteceramic.es\/es_es\/wp-json\/wp\/v2\/types\/page"}],"author":[{"embeddable":true,"href":"https:\/\/pacteceramic.es\/es_es\/wp-json\/wp\/v2\/users\/1"}],"replies":[{"embeddable":true,"href":"https:\/\/pacteceramic.es\/es_es\/wp-json\/wp\/v2\/comments?post=11818"}],"version-history":[{"count":3,"href":"https:\/\/pacteceramic.es\/es_es\/wp-json\/wp\/v2\/pages\/11818\/revisions"}],"predecessor-version":[{"id":11824,"href":"https:\/\/pacteceramic.es\/es_es\/wp-json\/wp\/v2\/pages\/11818\/revisions\/11824"}],"wp:attachment":[{"href":"https:\/\/pacteceramic.es\/es_es\/wp-json\/wp\/v2\/media?parent=11818"}],"curies":[{"name":"wp","href":"https:\/\/api.w.org\/{rel}","templated":true}]}}