{"id":11756,"date":"2023-05-17T17:31:17","date_gmt":"2023-05-17T17:31:17","guid":{"rendered":"https:\/\/pacteceramic.es\/?page_id=11756"},"modified":"2023-05-17T17:31:42","modified_gmt":"2023-05-17T17:31:42","slug":"aviso-legal","status":"publish","type":"page","link":"https:\/\/pacteceramic.es\/es_es\/aviso-legal\/","title":{"rendered":"Aviso legal"},"content":{"rendered":"<h4>CONDICIONES DE USO<\/h4>\n<p>En cumplimiento de la Ley 34\/2002, de 11 de julio, de servicios de la sociedad de la informaci\u00f3n y de comercio electr\u00f3nico, CONSORCIO GESTOR DEL PACTO TERRITORIAL POR EL EMPLEO DE LOS MUNICIPIOS CER\u00c1MICOS Y SU AREA DE INFLUENCIA DE LA PROVINCIA DE CASTELL\u00d3N (en adelante EL CONSORCIO) le informa de que es titular del website www.pacteceramic.es De acuerdo con la exigencia del art\u00edculo 10 de la citada Ley, EL CONSORCIO informa de los siguientes datos: El titular de esta p\u00e1gina web es EL CONSORCIO, con CIF Q1200372I y domicilio social en L\u2019Alcora, Avda. Corts Valencianes, 23. La direcci\u00f3n de correo electr\u00f3nico de contacto con la empresa es\u00a0<a href=\"mailto:info@descubreturuta.com\">informacion@pacteceramic.es<\/a><\/p>\n<h4>USUARIO Y R\u00c9GIMEN DE RESPONSABILIDADES<\/h4>\n<p>La navegaci\u00f3n, acceso y uso por el website de www.pacteceramic.es\u00a0confiere la condici\u00f3n de usuario, por la que se aceptan, desde la navegaci\u00f3n por las p\u00e1ginas de www.pacteceramic.es, todas las condiciones de uso aqu\u00ed establecidas sin perjuicio de la aplicaci\u00f3n de la correspondiente normativa de obligado cumplimiento legal seg\u00fan el caso.<\/p>\n<p>Las p\u00e1ginas web de www.pacteceramic.es\u00a0proporcionan gran diversidad de informaci\u00f3n, servicios y datos. El usuario asume su responsabilidad en el uso correcto de el website. Esta responsabilidad se extender\u00e1 a:<\/p>\n<ul>\n<li>La veracidad y licitud de las informaciones aportadas por el usuario en los formularios extendidos por EL CONSORCIO para el acceso a ciertos contenidos o servicios ofrecidos por las webs. Tambi\u00e9n ser\u00e1 responsable del uso que le de a las claves de acceso que haya obtenido con la cumplimentaci\u00f3n de los formularios mencionados.<\/li>\n<li>El uso de la informaci\u00f3n, servicios y datos ofrecidos por EL CONSORCIO contrariamente a lo dispuesto por las presentes condiciones, la Ley, la moral, las buenas costumbres o el orden p\u00fablico, o que de cualquier otro modo puedan suponer lesi\u00f3n de los derechos de terceros o del mismo funcionamiento de el website.<\/li>\n<\/ul>\n<h4>POL\u00cdTICA DE ENLACES Y EXENCIONES DE RESPONSABILIDAD<\/h4>\n<p>EL CONSORCIO no se hace responsable del contenido de las p\u00e1ginas web a las que el usuario pueda acceder a trav\u00e9s de los enlaces establecidos en su website y declara que en ning\u00fan caso proceder\u00e1 a examinar o ejercitar ning\u00fan tipo de control sobre el contenido de otras p\u00e1ginas de la red.<\/p>\n<p>Asimismo, tampoco garantizar\u00e1 la disponibilidad t\u00e9cnica, exactitud, veracidad, validez o legalidad de p\u00e1ginas ajenas a su propiedad a las que se pueda acceder por medio de los enlaces.<\/p>\n<p>EL CONSORCIO declara haber adoptado todas las medidas necesarias para evitar cualesquiera da\u00f1os que, a los usuarios de su website, pudieran derivarse de la navegaci\u00f3n por sus p\u00e1ginas web. En consecuencia, EL CONSORCIO no se hace responsable, en ning\u00fan caso, de los eventuales da\u00f1os que por la navegaci\u00f3n por Internet pudiera sufrir el usuario.<\/p>\n<h4>MODIFICACIONES<\/h4>\n<p>EL CONSORCIO se reserva el derecho a realizar las modificaciones que considere oportunas, sin aviso previo, en el contenido de su website. Tanto en lo referente a los contenidos de la website, como en las condiciones de uso de la misma o en las condiciones generales de contrataci\u00f3n. Dichas modificaciones podr\u00e1n realizarse, a trav\u00e9s de su website, de cualquier forma admisible en derecho y ser\u00e1n de obligado cumplimiento durante el tiempo en que se encuentren publicadas en la web y hasta que no sean modificadas v\u00e1lidamente por otras posteriores.<\/p>\n<h4>RESERVA DE COOKIES<\/h4>\n<p>EL CONSORCIO se reserva el derecho de utilizar cookies en la navegaci\u00f3n del usuario por su website para facilitar la personalizaci\u00f3n y comodidad de la navegaci\u00f3n. Siguiendo la pol\u00edtica de protecci\u00f3n de datos de la empresa, EL CONSORCIO informa que las cookies se asocian a la sesi\u00f3n de navegaci\u00f3n, y proporcionan el nombre, apellidos y direcci\u00f3n de correo electr\u00f3nicos que haya proporcionado el usuario.<\/p>\n<p>El usuario tiene la posibilidad de configurar su navegador de modo que se le informe de la recepci\u00f3n de cookies, pudiendo, si as\u00ed lo desea, impedir que sean instaladas en su disco duro. En todo caso, para el acceso a la website de www.descubreturuta.com y su operativa general es necesaria la instalaci\u00f3n de dichas cookies para alcanzar un rendimiento \u00f3ptimo.<\/p>\n<h4>PROTECCI\u00d3N DE DATOS<\/h4>\n<p>De conformidad con lo que establece la Ley Org\u00e1nica 15\/1999 de Protecci\u00f3n de Datos de Car\u00e1cter Personal, EL CONSORCIO informa a los usuarios de su website de que los datos personales recabados por la empresa mediante los formularios sitos en sus p\u00e1ginas, ser\u00e1n introducidos en un fichero automatizado bajo la responsabilidad de EL CONSORCIO, con la finalidad de poder facilitar, agilizar y cumplir los compromisos establecidos entre ambas partes.<\/p>\n<p>As\u00ed mismo, EL CONSORCIO informa de la posibilidad de ejercer los derechos de acceso, cancelaci\u00f3n, rectificaci\u00f3n y oposici\u00f3n mediante un escrito a la direcci\u00f3n de el CONSORCIO GESTOR DEL PACTO TERRITORIAL POR EL EMPLEO DE LOS MUNICIPIOS CER\u00c1MICOS Y SU AREA DE INFLUENCIA DE LA PROVINCIA DE CASTELL\u00d3N Calle Balmes, 2 12200 de Onda<\/p>\n<p>Mientras no nos comunique lo contrario, entenderemos que sus datos no han sido modificados, que usted se compromete a notificarnos cualquier variaci\u00f3n y que tenemos el consentimiento para utilizarlos a fin de poder fidelizar la relaci\u00f3n entre las partes.<\/p>\n<h4>PROPIEDAD INTELECTUAL<\/h4>\n<p>Los derechos de propiedad intelectual e industrial derivados de todos los textos, im\u00e1genes, as\u00ed como de los medios y formas de presentaci\u00f3n y montaje de sus p\u00e1ginas pertenecen, por s\u00ed o como cesionaria, a EL CONSORCIO Ser\u00e1n, por consiguiente, obras protegidas como propiedad intelectual por el ordenamiento jur\u00eddico espa\u00f1ol, si\u00e9ndoles aplicables tanto la normativa espa\u00f1ola y comunitaria en este campo, como los tratados internacionales relativos a la materia y suscritos por Espa\u00f1a.<\/p>\n<p>Todos los derechos reservados. En cumplimiento de la Ley de la Propiedad Intelectual se proh\u00edbe expresamente la reproducci\u00f3n, distribuci\u00f3n, comunicaci\u00f3n p\u00fablica y utilizaci\u00f3n, de la totalidad o parte de los contenidos de sus p\u00e1ginas web sin el consentimiento expreso de EL CONSORCIO.<\/p>\n<h4>ACCIONES LEGALES, LEGISLACI\u00d3N APLICABLE Y JURISDICCI\u00d3N<\/h4>\n<p>EL CONSORCIO se reserva asimismo la facultad de presentar las acciones civiles o penales que considere oportunas por la utilizaci\u00f3n indebida de sus p\u00e1ginas web y contenidos o por el incumplimiento de las presentes condiciones.<\/p>\n<p>La relaci\u00f3n entre el usuario y EL CONSORCIO se regir\u00e1 por la normativa espa\u00f1ola vigente y ser\u00e1n competentes para decidir sobre cualquier controversia que se pudiera suscitar entre el usuario y EL CONSORCIO, los juzgados o tribunales propios de la localidad de L\u2019ALCORA (CASTELL\u00d3N).<\/p>\n","protected":false},"excerpt":{"rendered":"<p>CONDICIONES DE USO En cumplimiento de la Ley 34\/2002, de 11 de julio, de servicios de la sociedad de la informaci\u00f3n y de comercio electr\u00f3nico, CONSORCIO GESTOR DEL PACTO TERRITORIAL POR EL EMPLEO DE LOS MUNICIPIOS CER\u00c1MICOS Y SU AREA DE INFLUENCIA DE LA PROVINCIA DE CASTELL\u00d3N (en adelante EL CONSORCIO) le informa de que &hellip; <a href=\"https:\/\/pacteceramic.es\/es_es\/aviso-legal\/\" class=\"more-link\">Continue reading<span class=\"screen-reader-text\"> \u00abAviso legal\u00bb<\/span><\/a><\/p>\n","protected":false},"author":1,"featured_media":0,"parent":0,"menu_order":0,"comment_status":"closed","ping_status":"closed","template":"","meta":{"iawp_total_views":63,"footnotes":""},"class_list":["post-11756","page","type-page","status-publish","hentry"],"yoast_head":"<!-- This site is optimized with the Yoast SEO plugin v23.1 - https:\/\/yoast.com\/wordpress\/plugins\/seo\/ -->\n<title>Aviso legal - Pacte Cer\u00e0mic<\/title>\n<meta name=\"robots\" content=\"index, follow, max-snippet:-1, max-image-preview:large, max-video-preview:-1\" \/>\n<link rel=\"canonical\" href=\"https:\/\/pacteceramic.es\/es_es\/aviso-legal\/\" \/>\n<meta property=\"og:locale\" content=\"es_ES\" \/>\n<meta property=\"og:type\" content=\"article\" \/>\n<meta property=\"og:title\" content=\"Aviso legal - Pacte Cer\u00e0mic\" \/>\n<meta property=\"og:description\" content=\"CONDICIONES DE USO En cumplimiento de la Ley 34\/2002, de 11 de julio, de servicios de la sociedad de la informaci\u00f3n y de comercio electr\u00f3nico, CONSORCIO GESTOR DEL PACTO TERRITORIAL POR EL EMPLEO DE LOS MUNICIPIOS CER\u00c1MICOS Y SU AREA DE INFLUENCIA DE LA PROVINCIA DE CASTELL\u00d3N (en adelante EL CONSORCIO) le informa de que &hellip; Continue reading &quot;Aviso legal&quot;\" \/>\n<meta property=\"og:url\" content=\"https:\/\/pacteceramic.es\/es_es\/aviso-legal\/\" \/>\n<meta property=\"og:site_name\" content=\"Pacte Cer\u00e0mic\" \/>\n<meta property=\"article:publisher\" content=\"https:\/\/www.facebook.com\/pacteceramic\/\" \/>\n<meta property=\"article:modified_time\" content=\"2023-05-17T17:31:42+00:00\" \/>\n<meta name=\"twitter:card\" content=\"summary_large_image\" \/>\n<meta name=\"twitter:site\" content=\"@pacteceramic\" \/>\n<meta name=\"twitter:label1\" content=\"Tiempo de lectura\" \/>\n\t<meta name=\"twitter:data1\" content=\"6 minutos\" \/>\n<script type=\"application\/ld+json\" class=\"yoast-schema-graph\">{\"@context\":\"https:\/\/schema.org\",\"@graph\":[{\"@type\":\"WebPage\",\"@id\":\"https:\/\/pacteceramic.es\/es_es\/aviso-legal\/\",\"url\":\"https:\/\/pacteceramic.es\/es_es\/aviso-legal\/\",\"name\":\"Aviso legal - Pacte Cer\u00e0mic\",\"isPartOf\":{\"@id\":\"https:\/\/pacteceramic.es\/es_es\/#website\"},\"datePublished\":\"2023-05-17T17:31:17+00:00\",\"dateModified\":\"2023-05-17T17:31:42+00:00\",\"breadcrumb\":{\"@id\":\"https:\/\/pacteceramic.es\/es_es\/aviso-legal\/#breadcrumb\"},\"inLanguage\":\"es\",\"potentialAction\":[{\"@type\":\"ReadAction\",\"target\":[\"https:\/\/pacteceramic.es\/es_es\/aviso-legal\/\"]}]},{\"@type\":\"BreadcrumbList\",\"@id\":\"https:\/\/pacteceramic.es\/es_es\/aviso-legal\/#breadcrumb\",\"itemListElement\":[{\"@type\":\"ListItem\",\"position\":1,\"name\":\"Portada\",\"item\":\"https:\/\/pacteceramic.es\/\"},{\"@type\":\"ListItem\",\"position\":2,\"name\":\"Aviso legal\"}]},{\"@type\":\"WebSite\",\"@id\":\"https:\/\/pacteceramic.es\/es_es\/#website\",\"url\":\"https:\/\/pacteceramic.es\/es_es\/\",\"name\":\"Pacte Cer\u00e0mic\",\"description\":\"Pacte Cer\u00e0mic\",\"publisher\":{\"@id\":\"https:\/\/pacteceramic.es\/es_es\/#organization\"},\"potentialAction\":[{\"@type\":\"SearchAction\",\"target\":{\"@type\":\"EntryPoint\",\"urlTemplate\":\"https:\/\/pacteceramic.es\/es_es\/?s={search_term_string}\"},\"query-input\":\"required name=search_term_string\"}],\"inLanguage\":\"es\"},{\"@type\":\"Organization\",\"@id\":\"https:\/\/pacteceramic.es\/es_es\/#organization\",\"name\":\"Pacte Cer\u00e0mic\",\"url\":\"https:\/\/pacteceramic.es\/es_es\/\",\"logo\":{\"@type\":\"ImageObject\",\"inLanguage\":\"es\",\"@id\":\"https:\/\/pacteceramic.es\/es_es\/#\/schema\/logo\/image\/\",\"url\":\"https:\/\/pacteceramic.es\/wp-content\/uploads\/2023\/05\/menulogo.png\",\"contentUrl\":\"https:\/\/pacteceramic.es\/wp-content\/uploads\/2023\/05\/menulogo.png\",\"width\":249,\"height\":80,\"caption\":\"Pacte Cer\u00e0mic\"},\"image\":{\"@id\":\"https:\/\/pacteceramic.es\/es_es\/#\/schema\/logo\/image\/\"},\"sameAs\":[\"https:\/\/www.facebook.com\/pacteceramic\/\",\"https:\/\/x.com\/pacteceramic\",\"https:\/\/www.instagram.com\/pacteceramic\/\",\"https:\/\/www.linkedin.com\/company\/pactemunicipisceramics\/\"]}]}<\/script>\n<!-- \/ Yoast SEO plugin. -->","yoast_head_json":{"title":"Aviso legal - Pacte Cer\u00e0mic","robots":{"index":"index","follow":"follow","max-snippet":"max-snippet:-1","max-image-preview":"max-image-preview:large","max-video-preview":"max-video-preview:-1"},"canonical":"https:\/\/pacteceramic.es\/es_es\/aviso-legal\/","og_locale":"es_ES","og_type":"article","og_title":"Aviso legal - Pacte Cer\u00e0mic","og_description":"CONDICIONES DE USO En cumplimiento de la Ley 34\/2002, de 11 de julio, de servicios de la sociedad de la informaci\u00f3n y de comercio electr\u00f3nico, CONSORCIO GESTOR DEL PACTO TERRITORIAL POR EL EMPLEO DE LOS MUNICIPIOS CER\u00c1MICOS Y SU AREA DE INFLUENCIA DE LA PROVINCIA DE CASTELL\u00d3N (en adelante EL CONSORCIO) le informa de que &hellip; Continue reading \"Aviso legal\"","og_url":"https:\/\/pacteceramic.es\/es_es\/aviso-legal\/","og_site_name":"Pacte Cer\u00e0mic","article_publisher":"https:\/\/www.facebook.com\/pacteceramic\/","article_modified_time":"2023-05-17T17:31:42+00:00","twitter_card":"summary_large_image","twitter_site":"@pacteceramic","twitter_misc":{"Tiempo de lectura":"6 minutos"},"schema":{"@context":"https:\/\/schema.org","@graph":[{"@type":"WebPage","@id":"https:\/\/pacteceramic.es\/es_es\/aviso-legal\/","url":"https:\/\/pacteceramic.es\/es_es\/aviso-legal\/","name":"Aviso legal - Pacte Cer\u00e0mic","isPartOf":{"@id":"https:\/\/pacteceramic.es\/es_es\/#website"},"datePublished":"2023-05-17T17:31:17+00:00","dateModified":"2023-05-17T17:31:42+00:00","breadcrumb":{"@id":"https:\/\/pacteceramic.es\/es_es\/aviso-legal\/#breadcrumb"},"inLanguage":"es","potentialAction":[{"@type":"ReadAction","target":["https:\/\/pacteceramic.es\/es_es\/aviso-legal\/"]}]},{"@type":"BreadcrumbList","@id":"https:\/\/pacteceramic.es\/es_es\/aviso-legal\/#breadcrumb","itemListElement":[{"@type":"ListItem","position":1,"name":"Portada","item":"https:\/\/pacteceramic.es\/"},{"@type":"ListItem","position":2,"name":"Aviso legal"}]},{"@type":"WebSite","@id":"https:\/\/pacteceramic.es\/es_es\/#website","url":"https:\/\/pacteceramic.es\/es_es\/","name":"Pacte Cer\u00e0mic","description":"Pacte Cer\u00e0mic","publisher":{"@id":"https:\/\/pacteceramic.es\/es_es\/#organization"},"potentialAction":[{"@type":"SearchAction","target":{"@type":"EntryPoint","urlTemplate":"https:\/\/pacteceramic.es\/es_es\/?s={search_term_string}"},"query-input":"required name=search_term_string"}],"inLanguage":"es"},{"@type":"Organization","@id":"https:\/\/pacteceramic.es\/es_es\/#organization","name":"Pacte Cer\u00e0mic","url":"https:\/\/pacteceramic.es\/es_es\/","logo":{"@type":"ImageObject","inLanguage":"es","@id":"https:\/\/pacteceramic.es\/es_es\/#\/schema\/logo\/image\/","url":"https:\/\/pacteceramic.es\/wp-content\/uploads\/2023\/05\/menulogo.png","contentUrl":"https:\/\/pacteceramic.es\/wp-content\/uploads\/2023\/05\/menulogo.png","width":249,"height":80,"caption":"Pacte Cer\u00e0mic"},"image":{"@id":"https:\/\/pacteceramic.es\/es_es\/#\/schema\/logo\/image\/"},"sameAs":["https:\/\/www.facebook.com\/pacteceramic\/","https:\/\/x.com\/pacteceramic","https:\/\/www.instagram.com\/pacteceramic\/","https:\/\/www.linkedin.com\/company\/pactemunicipisceramics\/"]}]}},"_links":{"self":[{"href":"https:\/\/pacteceramic.es\/es_es\/wp-json\/wp\/v2\/pages\/11756","targetHints":{"allow":["GET"]}}],"collection":[{"href":"https:\/\/pacteceramic.es\/es_es\/wp-json\/wp\/v2\/pages"}],"about":[{"href":"https:\/\/pacteceramic.es\/es_es\/wp-json\/wp\/v2\/types\/page"}],"author":[{"embeddable":true,"href":"https:\/\/pacteceramic.es\/es_es\/wp-json\/wp\/v2\/users\/1"}],"replies":[{"embeddable":true,"href":"https:\/\/pacteceramic.es\/es_es\/wp-json\/wp\/v2\/comments?post=11756"}],"version-history":[{"count":2,"href":"https:\/\/pacteceramic.es\/es_es\/wp-json\/wp\/v2\/pages\/11756\/revisions"}],"predecessor-version":[{"id":11758,"href":"https:\/\/pacteceramic.es\/es_es\/wp-json\/wp\/v2\/pages\/11756\/revisions\/11758"}],"wp:attachment":[{"href":"https:\/\/pacteceramic.es\/es_es\/wp-json\/wp\/v2\/media?parent=11756"}],"curies":[{"name":"wp","href":"https:\/\/api.w.org\/{rel}","templated":true}]}}